{"id":62909,"date":"2022-03-25T17:35:30","date_gmt":"2022-03-25T16:35:30","guid":{"rendered":"https:\/\/www.customeeple.com\/product\/aeldari-lanzas-brillantes\/"},"modified":"2022-03-25T17:35:30","modified_gmt":"2022-03-25T16:35:30","slug":"aeldari-lanzas-brillantes","status":"publish","type":"product","link":"https:\/\/www.customeeple.com\/es\/producto\/aeldari-lanzas-brillantes\/","title":{"rendered":"Lanzas Brillantes Aeldari"},"content":{"rendered":"<p>La mitolog\u00eda aeldari est\u00e1 repleta de nobles h\u00e9roes montados en sus corceles, y en las Lanzas Brillantes se manifiestan las glorias de esas leyendas. Estos Guerreros Especialistas viven para cabalgar, y lo hacen a velocidades impresionantes sobre sus motos a reacci\u00f3n. Su arma favorita es una larga y formidable lanza l\u00e1ser, que proyecta una poderosa r\u00e1faga de energ\u00eda para abrir una brecha en el objetivo, instantes antes de que el grueso del arma se clave con una fuerza devastadora y penetrante.<\/p>\n<p>Con este kit puedes montar una unidad de Lanzas Brillantes, armados con lanzas l\u00e1ser y montados en motos a reacci\u00f3n equipadas con catapultas shuriken. Puedes montar una miniatura como Exarca de las Lanzas Brillantes, el cual puede ir armado con una lanza estelar o un sable ejemplar, as\u00ed como con un escudo iridiscente. Puedes equipar la moto a reacci\u00f3n del Exarca con un mort\u00edfero ca\u00f1\u00f3n shuriken, y puedes elegir entre cuatro cabezas, mientras que para cada Lanza Brillante tienes una cabeza con casco y otra sin casco de entre las que elegir.<\/p>\n<p>Este set consta de 84 piezas de pl\u00e1stico con los puedes montar tres Lanzas Brillantes, y se suministra con 3 peanas voladoras de 60 mm, cada una con dos soportes. Estas miniaturas se suministran sin pintar y requieren montaje. Recomendamos utilizar pegamento para pl\u00e1stico Citadel y pinturas Citadel.<\/p>\n","protected":false},"excerpt":{"rendered":"<p>La mitolog\u00eda aeldari est\u00e1 repleta de nobles h\u00e9roes montados en sus corceles, y en las Lanzas Brillantes se manifiestan las glorias de esas leyendas. Estos Guerreros Especialistas viven para cabalgar, y lo hacen a velocidades impresionantes sobre sus motos a reacci\u00f3n. Su arma favorita es una larga y formidable lanza l\u00e1ser, que proyecta una poderosa [&hellip;]<\/p>\n","protected":false},"featured_media":62599,"template":"","meta":{"_acf_changed":false},"product_brand":[],"product_cat":[1177,1180,1623,1229],"product_tag":[],"class_list":{"0":"post-62909","1":"product","2":"type-product","3":"status-publish","4":"has-post-thumbnail","6":"product_cat-games-workshop-es","7":"product_cat-retail-products-es","8":"product_cat-wargames-es-2","9":"product_cat-warhammer-40k-es","11":"first","12":"onbackorder","13":"sale","14":"taxable","15":"shipping-taxable","16":"purchasable","17":"product-type-simple"},"exclude_global_add_ons":[],"addons":[],"acf":[],"_links":{"self":[{"href":"https:\/\/www.customeeple.com\/es\/wp-json\/wp\/v2\/product\/62909","targetHints":{"allow":["GET"]}}],"collection":[{"href":"https:\/\/www.customeeple.com\/es\/wp-json\/wp\/v2\/product"}],"about":[{"href":"https:\/\/www.customeeple.com\/es\/wp-json\/wp\/v2\/types\/product"}],"wp:featuredmedia":[{"embeddable":true,"href":"https:\/\/www.customeeple.com\/es\/wp-json\/wp\/v2\/media\/62599"}],"wp:attachment":[{"href":"https:\/\/www.customeeple.com\/es\/wp-json\/wp\/v2\/media?parent=62909"}],"wp:term":[{"taxonomy":"product_brand","embeddable":true,"href":"https:\/\/www.customeeple.com\/es\/wp-json\/wp\/v2\/product_brand?post=62909"},{"taxonomy":"product_cat","embeddable":true,"href":"https:\/\/www.customeeple.com\/es\/wp-json\/wp\/v2\/product_cat?post=62909"},{"taxonomy":"product_tag","embeddable":true,"href":"https:\/\/www.customeeple.com\/es\/wp-json\/wp\/v2\/product_tag?post=62909"}],"curies":[{"name":"wp","href":"https:\/\/api.w.org\/{rel}","templated":true}]}}