{"id":62908,"date":"2022-03-25T17:35:38","date_gmt":"2022-03-25T16:35:38","guid":{"rendered":"https:\/\/www.customeeple.com\/product\/exploradores-aeldari\/"},"modified":"2023-11-23T00:00:13","modified_gmt":"2023-11-22T23:00:13","slug":"exploradores-aeldari","status":"publish","type":"product","link":"https:\/\/www.customeeple.com\/es\/producto\/exploradores-aeldari\/","title":{"rendered":"Exploradores Aeldari"},"content":{"rendered":"<p>Los Exploradores son guerreros proscritos, vagabundos que dejaron atr\u00e1s las vidas organizadas de los Mundos Astronave. Expertos en las artes de la guerra sigilosa, la punter\u00eda y el rastreo de enemigos a trav\u00e9s de terrenos dif\u00edciles, los Exploradores ayudan a sus hermanos como avanzadilla y francotiradores. Ocultos por capas de camaleonina y generadores de campos de oscurecimiento, pueden ocultarse de sus enemigos incluso a plena vista mientras los eliminan uno a uno desde una distancia extrema.<\/p>\n<p>Con este kit puedes montar cinco Exploradores Aeldari, sigilosos exploradores armados con precisos rifles de Explorador, perfectos para aniquilar objetivos clave. Cada Explorador tiene dos opciones de construcci\u00f3n para una variedad de poses, incluyendo el uso de prism\u00e1ticos y apuntando con pistolas shuriken, mientras que puedes montar un Explorador puede desplegando un campo de oscurecimiento o una red de cabletejido. Puedes elegir de entre 11 cabezas para la unidad: 3 con casco, 3 con casco con capucha, 3 cabezas masculinas y 2 cabezas femeninas. Tambi\u00e9n se incluye un santuario de Kurnous el Cazador, una deidad aeldari honrada por los Exploradores.<\/p>\n<p>Este set consta de 63 piezas de pl\u00e1stico y se suministra con 5 peanas redondas Citadel de 28,5 mm y 1 peana redonda Citadel de 25 mm.<\/p>\n<p>Estas miniaturas se suministran sin pintar y requieren montaje. Recomendamos utilizar pegamento para pl\u00e1stico Citadel y pinturas Citadel.<\/p>\n","protected":false},"excerpt":{"rendered":"<p>Los Exploradores son guerreros proscritos, vagabundos que dejaron atr\u00e1s las vidas organizadas de los Mundos Astronave. Expertos en las artes de la guerra sigilosa, la punter\u00eda y el rastreo de enemigos a trav\u00e9s de terrenos dif\u00edciles, los Exploradores ayudan a sus hermanos como avanzadilla y francotiradores. Ocultos por capas de camaleonina y generadores de campos [&hellip;]<\/p>\n","protected":false},"featured_media":62597,"template":"","meta":{"_acf_changed":false},"product_brand":[],"product_cat":[1177,1180,1623,1229],"product_tag":[],"class_list":{"0":"post-62908","1":"product","2":"type-product","3":"status-publish","4":"has-post-thumbnail","6":"product_cat-games-workshop-es","7":"product_cat-retail-products-es","8":"product_cat-wargames-es-2","9":"product_cat-warhammer-40k-es","11":"first","12":"onbackorder","13":"sale","14":"taxable","15":"shipping-taxable","16":"purchasable","17":"product-type-simple"},"exclude_global_add_ons":[],"addons":[],"acf":[],"_links":{"self":[{"href":"https:\/\/www.customeeple.com\/es\/wp-json\/wp\/v2\/product\/62908","targetHints":{"allow":["GET"]}}],"collection":[{"href":"https:\/\/www.customeeple.com\/es\/wp-json\/wp\/v2\/product"}],"about":[{"href":"https:\/\/www.customeeple.com\/es\/wp-json\/wp\/v2\/types\/product"}],"wp:featuredmedia":[{"embeddable":true,"href":"https:\/\/www.customeeple.com\/es\/wp-json\/wp\/v2\/media\/62597"}],"wp:attachment":[{"href":"https:\/\/www.customeeple.com\/es\/wp-json\/wp\/v2\/media?parent=62908"}],"wp:term":[{"taxonomy":"product_brand","embeddable":true,"href":"https:\/\/www.customeeple.com\/es\/wp-json\/wp\/v2\/product_brand?post=62908"},{"taxonomy":"product_cat","embeddable":true,"href":"https:\/\/www.customeeple.com\/es\/wp-json\/wp\/v2\/product_cat?post=62908"},{"taxonomy":"product_tag","embeddable":true,"href":"https:\/\/www.customeeple.com\/es\/wp-json\/wp\/v2\/product_tag?post=62908"}],"curies":[{"name":"wp","href":"https:\/\/api.w.org\/{rel}","templated":true}]}}