{"id":62907,"date":"2022-03-25T17:35:46","date_gmt":"2022-03-25T16:35:46","guid":{"rendered":"https:\/\/www.customeeple.com\/product\/autarca-aeldari\/"},"modified":"2026-03-26T11:55:05","modified_gmt":"2026-03-26T10:55:05","slug":"autarca-aeldari","status":"publish","type":"product","link":"https:\/\/www.customeeple.com\/es\/producto\/autarca-aeldari\/","title":{"rendered":"Autarca Aeldari"},"content":{"rendered":"<p>Los Autarcas son famosos por su brillantez estrat\u00e9gica, su sublime habilidad marcial y su indomable fuerza de voluntad. Llevan mucho tiempo recorriendo la Senda del Guerrero, vistiendo las m\u00e1scaras rituales de innumerables Guerreros Especialistas y, sin embargo, sin caer ni una sola vez en la trampa de la obsesi\u00f3n. En cambio, estos l\u00edderes sin igual caminan ahora por la Senda del Mando. Con una vertiginosa variedad de equipo de guerra y t\u00e1cticas dominadas a lo largo de milenios de batalla, aplican todo lo que han aprendido al mando de las huestes de guerra asuryanas.<\/p>\n<p>Con este kit puedes montar un Autarca, el cual puedes personalizar con una gran variedad de opciones, permiti\u00e9ndote montar tu propio l\u00edder Aeldari de acuerdo con las Sendas de Guerrero Especialista que haya dominado. Elige entre un archa estelar y una espada sierra de Escorpi\u00f3n para el combate cuerpo a cuerpo, y dispara al enemigo con una pistola shuriken, un rifle monofilamento, un lanzamisiles de Segador o una pistola fundidora, y decide entre equiparlo con una aullante m\u00e1scara de Espectro o un y generador de salto de Ara\u00f1a de Disformidad. Otras opciones de personalizaci\u00f3n incluyen cabezas alternativas, varios torsos, y un estandarte montado en la mochila. Esta miniatura tambi\u00e9n es totalmente compatible con los componentes del kit Autarca Alado, lo que te da a\u00fan m\u00e1s posibilidades de combinaci\u00f3n.<\/p>\n<p>Este set consta de 19 piezas de pl\u00e1stico y se suministra con 1 peana redonda Citadel de 32 mm. Esta miniatura se suministra sin pintar y requiere montaje. Recomendamos utilizar pegamento para pl\u00e1stico Citadel y pinturas Citadel.<\/p>\n<p>Los Autarcas son famosos por su brillantez estrat\u00e9gica, su sublime habilidad marcial y su indomable fuerza de voluntad. Llevan mucho tiempo recorriendo la Senda del Guerrero, vistiendo las m\u00e1scaras rituales de innumerables Guerreros Especialistas y, sin embargo, sin caer ni una sola vez en la trampa de la obsesi\u00f3n. En cambio, estos l\u00edderes sin igual caminan ahora por la Senda del Mando. Con una vertiginosa variedad de equipo de guerra y t\u00e1cticas dominadas a lo largo de milenios de batalla, aplican todo lo que han aprendido al mando de las huestes de guerra asuryanas.<\/p>\n<p>Con este kit puedes montar un Autarca, el cual puedes personalizar con una gran variedad de opciones, permiti\u00e9ndote montar tu propio l\u00edder Aeldari de acuerdo con las Sendas de Guerrero Especialista que haya dominado. Elige entre un archa estelar y una espada sierra de Escorpi\u00f3n para el combate cuerpo a cuerpo, y dispara al enemigo con una pistola shuriken, un rifle monofilamento, un lanzamisiles de Segador o una pistola fundidora, y decide entre equiparlo con una aullante m\u00e1scara de Espectro o un y generador de salto de Ara\u00f1a de Disformidad. Otras opciones de personalizaci\u00f3n incluyen cabezas alternativas, varios torsos, y un estandarte montado en la mochila. Esta miniatura tambi\u00e9n es totalmente compatible con los componentes del kit Autarca Alado, lo que te da a\u00fan m\u00e1s posibilidades de combinaci\u00f3n.<\/p>\n<p>Este set consta de 19 piezas de pl\u00e1stico y se suministra con 1 peana redonda Citadel de 32 mm. Esta miniatura se suministra sin pintar y requiere montaje. Recomendamos utilizar pegamento para pl\u00e1stico Citadel y pinturas Citadel.<\/p>\n<p>Puedes descargarte una hoja de datos del Autarca para tus partidas de Warhammer 40,000 en el sitio web de\u00a0<a href=\"http:\/\/www.warhammer-community.com\/wp-content\/uploads\/2022\/03\/fDlxaHkFk1zghWjo.pdf\" target=\"_blank\" rel=\"noopener\">Warhammer Community<\/a>\u00a0de manera totalmente gratuita.<\/p>\n","protected":false},"excerpt":{"rendered":"<p>Los Autarcas son famosos por su brillantez estrat\u00e9gica, su sublime habilidad marcial y su indomable fuerza de voluntad. Llevan mucho tiempo recorriendo la Senda del Guerrero, vistiendo las m\u00e1scaras rituales de innumerables Guerreros Especialistas y, sin embargo, sin caer ni una sola vez en la trampa de la obsesi\u00f3n. En cambio, estos l\u00edderes sin igual [&hellip;]<\/p>\n","protected":false},"featured_media":62594,"template":"","meta":{"_acf_changed":false},"product_brand":[],"product_cat":[1177,1180,1623,1229],"product_tag":[],"class_list":{"0":"post-62907","1":"product","2":"type-product","3":"status-publish","4":"has-post-thumbnail","6":"product_cat-games-workshop-es","7":"product_cat-retail-products-es","8":"product_cat-wargames-es-2","9":"product_cat-warhammer-40k-es","11":"first","12":"onbackorder","13":"sale","14":"taxable","15":"shipping-taxable","16":"purchasable","17":"product-type-simple"},"exclude_global_add_ons":[],"addons":[],"acf":[],"_links":{"self":[{"href":"https:\/\/www.customeeple.com\/es\/wp-json\/wp\/v2\/product\/62907","targetHints":{"allow":["GET"]}}],"collection":[{"href":"https:\/\/www.customeeple.com\/es\/wp-json\/wp\/v2\/product"}],"about":[{"href":"https:\/\/www.customeeple.com\/es\/wp-json\/wp\/v2\/types\/product"}],"wp:featuredmedia":[{"embeddable":true,"href":"https:\/\/www.customeeple.com\/es\/wp-json\/wp\/v2\/media\/62594"}],"wp:attachment":[{"href":"https:\/\/www.customeeple.com\/es\/wp-json\/wp\/v2\/media?parent=62907"}],"wp:term":[{"taxonomy":"product_brand","embeddable":true,"href":"https:\/\/www.customeeple.com\/es\/wp-json\/wp\/v2\/product_brand?post=62907"},{"taxonomy":"product_cat","embeddable":true,"href":"https:\/\/www.customeeple.com\/es\/wp-json\/wp\/v2\/product_cat?post=62907"},{"taxonomy":"product_tag","embeddable":true,"href":"https:\/\/www.customeeple.com\/es\/wp-json\/wp\/v2\/product_tag?post=62907"}],"curies":[{"name":"wp","href":"https:\/\/api.w.org\/{rel}","templated":true}]}}