{"id":62905,"date":"2022-03-25T17:36:02","date_gmt":"2022-03-25T16:36:02","guid":{"rendered":"https:\/\/www.customeeple.com\/product\/aeldari-avatar-de-khaine-2\/"},"modified":"2023-11-23T00:00:14","modified_gmt":"2023-11-22T23:00:14","slug":"aeldari-avatar-de-khaine-2","status":"publish","type":"product","link":"https:\/\/www.customeeple.com\/es\/producto\/aeldari-avatar-de-khaine-2\/","title":{"rendered":"Aeldari Avatar of Khaine"},"content":{"rendered":"<p>Un Avatar de Khaine es una antigua deidad encarnada: un fragmento ardiente de Khaela Mensha Khaine, el Dios aeldari de la Mano Ensangrentada. Despertado para la batalla, marcha a trav\u00e9s del fuego enemigo sin romper el paso, riendo cruelmente mientras su arma, la Condenaci\u00f3n Aullante, hiere la carne y saborea la sangre de sus enemigos con cada golpe. La mera presencia del Avatar incita una furia despiadada en los Asuryani que lo rodean, y su temible aura erradica el miedo o la vacilaci\u00f3n en favor de una sed de asesinato casi insaciable. En esos momentos, los Aeldari parecen transformarse en una visi\u00f3n de los gloriosos y terribles conquistadores que una vez gobernaron la galaxia.<\/p>\n<p>Con este kit puedes montar un Avatar de Khaine, y puedes elegir entre tres cabezas diferentes: un yelmo cl\u00e1sico con penacho y tocado, un yelmo m\u00e1s marcial con una cresta ornamentada, o una cabeza desnuda con una melena salvaje y un copete fluido. Tambi\u00e9n puedes montar el arma divina del Avatar, la Condenaci\u00f3n Aullante, de tres formas distintas: una espada gigantesca, un hacha despiadada o una lanza arrolladora, cada una de ellas marcada con runas de poder arcano.<\/p>\n<p>Este set consta de 53 piezas de pl\u00e1stico y se suministra con una peana redonda Citadel de 80 mm. Esta miniatura se suministra sin pintar y requiere montaje. Recomendamos utilizar pegamento para pl\u00e1stico Citadel y pinturas Citadel.<\/p>\n","protected":false},"excerpt":{"rendered":"<p>Un Avatar de Khaine es una antigua deidad encarnada: un fragmento ardiente de Khaela Mensha Khaine, el Dios aeldari de la Mano Ensangrentada. Despertado para la batalla, marcha a trav\u00e9s del fuego enemigo sin romper el paso, riendo cruelmente mientras su arma, la Condenaci\u00f3n Aullante, hiere la carne y saborea la sangre de sus enemigos [&hellip;]<\/p>\n","protected":false},"featured_media":62589,"template":"","meta":{"_acf_changed":false},"product_brand":[],"product_cat":[1177,1180,1623,1229],"product_tag":[],"class_list":{"0":"post-62905","1":"product","2":"type-product","3":"status-publish","4":"has-post-thumbnail","6":"product_cat-games-workshop-es","7":"product_cat-retail-products-es","8":"product_cat-wargames-es-2","9":"product_cat-warhammer-40k-es","11":"first","12":"onbackorder","13":"sale","14":"taxable","15":"shipping-taxable","16":"purchasable","17":"product-type-simple"},"exclude_global_add_ons":[],"addons":[],"acf":[],"_links":{"self":[{"href":"https:\/\/www.customeeple.com\/es\/wp-json\/wp\/v2\/product\/62905","targetHints":{"allow":["GET"]}}],"collection":[{"href":"https:\/\/www.customeeple.com\/es\/wp-json\/wp\/v2\/product"}],"about":[{"href":"https:\/\/www.customeeple.com\/es\/wp-json\/wp\/v2\/types\/product"}],"wp:featuredmedia":[{"embeddable":true,"href":"https:\/\/www.customeeple.com\/es\/wp-json\/wp\/v2\/media\/62589"}],"wp:attachment":[{"href":"https:\/\/www.customeeple.com\/es\/wp-json\/wp\/v2\/media?parent=62905"}],"wp:term":[{"taxonomy":"product_brand","embeddable":true,"href":"https:\/\/www.customeeple.com\/es\/wp-json\/wp\/v2\/product_brand?post=62905"},{"taxonomy":"product_cat","embeddable":true,"href":"https:\/\/www.customeeple.com\/es\/wp-json\/wp\/v2\/product_cat?post=62905"},{"taxonomy":"product_tag","embeddable":true,"href":"https:\/\/www.customeeple.com\/es\/wp-json\/wp\/v2\/product_tag?post=62905"}],"curies":[{"name":"wp","href":"https:\/\/api.w.org\/{rel}","templated":true}]}}