{"id":62901,"date":"2022-04-23T20:21:48","date_gmt":"2022-04-23T19:21:48","guid":{"rendered":"https:\/\/www.customeeple.com\/product\/similo-harry-potter\/"},"modified":"2022-04-23T20:21:48","modified_gmt":"2022-04-23T19:21:48","slug":"similo-harry-potter","status":"publish","type":"product","link":"https:\/\/www.customeeple.com\/es\/producto\/similo-harry-potter\/","title":{"rendered":"Similo Harry Potter (ESP)"},"content":{"rendered":"<p>Similo es un juego cooperativo donde todos los jugadores trabajan juntos para descubrir al Personaje secreto mediante una serie de pistas. Cada versi\u00f3n de Similo contiene 30 cartas con un tema en com\u00fan, siempre ilustradas por el genial Na\u00efade.<br \/>Jugar a Similo es muy f\u00e1cil: se despliegan 12 cartas en un total de 3 filas con 4 cartas cada una. La ilustraci\u00f3n de cada carta representa a un personaje distinto. Todos ser\u00e1n candidatos&#8230; \u00a1Pero solo uno ser\u00e1 el escogido!<\/p>\n<p>Exam\u00ednalas bien. Uno de los jugadores ser\u00e1 el l\u00edder, y es el \u00fanico que sabr\u00e1 qu\u00e9 personaje es el escogido, el que deben descubrir el resto. \u00c9l podr\u00e1 jugar el resto de cartas de personajes para tratar de comunicar qui\u00e9n es&#8230;. \u00a1pero no vale hablar o hacer gestos!<\/p>\n<p>\u00a1Consigue pistas, busca las similitudes y descubre al Personaje Secreto!<\/p>\n<p><strong>CONTENIDO<\/strong><br \/>30 cartas.<\/p>\n","protected":false},"excerpt":{"rendered":"<p>Similo es un juego cooperativo donde todos los jugadores trabajan juntos para descubrir al Personaje secreto mediante una serie de pistas. Cada versi\u00f3n de Similo contiene 30 cartas con un tema en com\u00fan, siempre ilustradas por el genial Na\u00efade.Jugar a Similo es muy f\u00e1cil: se despliegan 12 cartas en un total de 3 filas con [&hellip;]<\/p>\n","protected":false},"featured_media":62876,"template":"","meta":{"_acf_changed":false},"product_brand":[],"product_cat":[1561,1557,1653,1180],"product_tag":[],"class_list":{"0":"post-62901","1":"product","2":"type-product","3":"status-publish","4":"has-post-thumbnail","6":"product_cat-familiar-es","7":"product_cat-card-game-es","8":"product_cat-boardgames","9":"product_cat-retail-products-es","11":"first","12":"outofstock","13":"sale","14":"taxable","15":"shipping-taxable","16":"purchasable","17":"product-type-simple"},"exclude_global_add_ons":[],"addons":[],"acf":[],"_links":{"self":[{"href":"https:\/\/www.customeeple.com\/es\/wp-json\/wp\/v2\/product\/62901","targetHints":{"allow":["GET"]}}],"collection":[{"href":"https:\/\/www.customeeple.com\/es\/wp-json\/wp\/v2\/product"}],"about":[{"href":"https:\/\/www.customeeple.com\/es\/wp-json\/wp\/v2\/types\/product"}],"wp:featuredmedia":[{"embeddable":true,"href":"https:\/\/www.customeeple.com\/es\/wp-json\/wp\/v2\/media\/62876"}],"wp:attachment":[{"href":"https:\/\/www.customeeple.com\/es\/wp-json\/wp\/v2\/media?parent=62901"}],"wp:term":[{"taxonomy":"product_brand","embeddable":true,"href":"https:\/\/www.customeeple.com\/es\/wp-json\/wp\/v2\/product_brand?post=62901"},{"taxonomy":"product_cat","embeddable":true,"href":"https:\/\/www.customeeple.com\/es\/wp-json\/wp\/v2\/product_cat?post=62901"},{"taxonomy":"product_tag","embeddable":true,"href":"https:\/\/www.customeeple.com\/es\/wp-json\/wp\/v2\/product_tag?post=62901"}],"curies":[{"name":"wp","href":"https:\/\/api.w.org\/{rel}","templated":true}]}}