{"id":62760,"date":"2022-04-07T18:39:40","date_gmt":"2022-04-07T17:39:40","guid":{"rendered":"https:\/\/www.customeeple.com\/product\/caja-fundas-gamegenic-verde-100-xl\/"},"modified":"2023-07-29T19:52:49","modified_gmt":"2023-07-29T18:52:49","slug":"caja-fundas-gamegenic-verde-100-xl","status":"publish","type":"product","link":"https:\/\/www.customeeple.com\/es\/producto\/caja-fundas-gamegenic-verde-100-xl\/","title":{"rendered":"Caja fundas Gamegenic Verde 100+XL"},"content":{"rendered":"<p>Una soluci\u00f3n inteligente para organizar tus mazos.<\/p>\n<p>Fabricado con una capacidad para 100 cartas de doble enfundado gruesas.<\/p>\n<p>Esta versi\u00f3n amplia la capacidad de nuestros art\u00edculos Side Holder 80 para requerimientos mayores y adem\u00e1s con un espacio adicional para fichas.<\/p>\n<p>El Side Holder 100 XL presenta una carga lateral de las cartas, adem\u00e1s para acceder m\u00e1s comodamente a las mismas dispone de la innovadora tecnolog\u00eda Cobra Neck con una solapa de cierre que puede abrirse hasta 180\u00ba. Tambi\u00e9n se incluye un separador y un espacio para etiquetar la caja.<\/p>\n","protected":false},"excerpt":{"rendered":"<p>Una soluci\u00f3n inteligente para organizar tus mazos. Fabricado con una capacidad para 100 cartas de doble enfundado gruesas. Esta versi\u00f3n amplia la capacidad de nuestros art\u00edculos Side Holder 80 para requerimientos mayores y adem\u00e1s con un espacio adicional para fichas. El Side Holder 100 XL presenta una carga lateral de las cartas, adem\u00e1s para acceder [&hellip;]<\/p>\n","protected":false},"featured_media":62769,"template":"","meta":{"_acf_changed":false},"product_brand":[],"product_cat":[1168],"product_tag":[],"class_list":{"0":"post-62760","1":"product","2":"type-product","3":"status-publish","4":"has-post-thumbnail","6":"product_cat-retail-products","8":"first","9":"outofstock","10":"sale","11":"taxable","12":"shipping-taxable","13":"purchasable","14":"product-type-simple"},"exclude_global_add_ons":[],"addons":[],"acf":[],"_links":{"self":[{"href":"https:\/\/www.customeeple.com\/es\/wp-json\/wp\/v2\/product\/62760","targetHints":{"allow":["GET"]}}],"collection":[{"href":"https:\/\/www.customeeple.com\/es\/wp-json\/wp\/v2\/product"}],"about":[{"href":"https:\/\/www.customeeple.com\/es\/wp-json\/wp\/v2\/types\/product"}],"wp:featuredmedia":[{"embeddable":true,"href":"https:\/\/www.customeeple.com\/es\/wp-json\/wp\/v2\/media\/62769"}],"wp:attachment":[{"href":"https:\/\/www.customeeple.com\/es\/wp-json\/wp\/v2\/media?parent=62760"}],"wp:term":[{"taxonomy":"product_brand","embeddable":true,"href":"https:\/\/www.customeeple.com\/es\/wp-json\/wp\/v2\/product_brand?post=62760"},{"taxonomy":"product_cat","embeddable":true,"href":"https:\/\/www.customeeple.com\/es\/wp-json\/wp\/v2\/product_cat?post=62760"},{"taxonomy":"product_tag","embeddable":true,"href":"https:\/\/www.customeeple.com\/es\/wp-json\/wp\/v2\/product_tag?post=62760"}],"curies":[{"name":"wp","href":"https:\/\/api.w.org\/{rel}","templated":true}]}}