{"id":62756,"date":"2022-04-07T18:38:45","date_gmt":"2022-04-07T17:38:45","guid":{"rendered":"https:\/\/www.customeeple.com\/product\/sw-legion-bunker-imperial\/"},"modified":"2023-01-21T20:34:23","modified_gmt":"2023-01-21T19:34:23","slug":"sw-legion-bunker-imperial","status":"publish","type":"product","link":"https:\/\/www.customeeple.com\/es\/producto\/sw-legion-bunker-imperial\/","title":{"rendered":"SW Legion: B\u00fanker Imperial"},"content":{"rendered":"<p>Este pack de expansi\u00f3n para\u00a0<em>STAR WARS: LEGI\u00d3N<\/em>\u00a0contiene \u00a01 miniatura de B\u00fanker imperial esculpida con todo lujo de detalles, \u00a0adem\u00e1s de nuevas cartas de Batalla con las que se puede jugar un \u00a0escenario exclusivo con dos trepidantes actos para\u00a0<em>STAR WARS: LEGI\u00d3N<\/em>. Tambi\u00e9n puede utilizarse esta miniatura como pieza de escenograf\u00eda para decorar el campo de batalla.<\/p>\n","protected":false},"excerpt":{"rendered":"<p>Este pack de expansi\u00f3n para\u00a0STAR WARS: LEGI\u00d3N\u00a0contiene \u00a01 miniatura de B\u00fanker imperial esculpida con todo lujo de detalles, \u00a0adem\u00e1s de nuevas cartas de Batalla con las que se puede jugar un \u00a0escenario exclusivo con dos trepidantes actos para\u00a0STAR WARS: LEGI\u00d3N. Tambi\u00e9n puede utilizarse esta miniatura como pieza de escenograf\u00eda para decorar el campo de batalla.<\/p>\n","protected":false},"featured_media":62775,"template":"","meta":{"_acf_changed":false},"product_brand":[],"product_cat":[1168,1366,1383,1616],"product_tag":[],"class_list":{"0":"post-62756","1":"product","2":"type-product","3":"status-publish","4":"has-post-thumbnail","6":"product_cat-retail-products","7":"product_cat-sci-fi","8":"product_cat-star-wars-legion","9":"product_cat-wargames-2","11":"first","12":"outofstock","13":"sale","14":"taxable","15":"shipping-taxable","16":"purchasable","17":"product-type-simple"},"exclude_global_add_ons":[],"addons":[],"acf":[],"_links":{"self":[{"href":"https:\/\/www.customeeple.com\/es\/wp-json\/wp\/v2\/product\/62756","targetHints":{"allow":["GET"]}}],"collection":[{"href":"https:\/\/www.customeeple.com\/es\/wp-json\/wp\/v2\/product"}],"about":[{"href":"https:\/\/www.customeeple.com\/es\/wp-json\/wp\/v2\/types\/product"}],"wp:featuredmedia":[{"embeddable":true,"href":"https:\/\/www.customeeple.com\/es\/wp-json\/wp\/v2\/media\/62775"}],"wp:attachment":[{"href":"https:\/\/www.customeeple.com\/es\/wp-json\/wp\/v2\/media?parent=62756"}],"wp:term":[{"taxonomy":"product_brand","embeddable":true,"href":"https:\/\/www.customeeple.com\/es\/wp-json\/wp\/v2\/product_brand?post=62756"},{"taxonomy":"product_cat","embeddable":true,"href":"https:\/\/www.customeeple.com\/es\/wp-json\/wp\/v2\/product_cat?post=62756"},{"taxonomy":"product_tag","embeddable":true,"href":"https:\/\/www.customeeple.com\/es\/wp-json\/wp\/v2\/product_tag?post=62756"}],"curies":[{"name":"wp","href":"https:\/\/api.w.org\/{rel}","templated":true}]}}