{"id":62752,"date":"2022-04-07T10:53:46","date_gmt":"2022-04-07T09:53:46","guid":{"rendered":"https:\/\/www.customeeple.com\/product\/tau-empire-broadside-battlesuit\/"},"modified":"2024-07-13T00:00:23","modified_gmt":"2024-07-12T23:00:23","slug":"tau-empire-broadside-battlesuit","status":"publish","type":"product","link":"https:\/\/www.customeeple.com\/es\/producto\/tau-empire-broadside-battlesuit\/","title":{"rendered":"T&#8217;au Empire: XV88 Broadside Battlesuit"},"content":{"rendered":"<p>Dise\u00f1ada para ofrecer apoyo a largo alcance, la XV88 Breadside Battlesuit ha superado las expectativas, convirti\u00e9ndose en un aut\u00e9ntico pilar para los Hunter Cadres y cazatanques. Su rifle acelerador pesado es capaz de penetrar incluso los b\u00fankeres del plastiacero m\u00e1s grueso.<\/p>\n<p>Con su robusto blindaje, su maniobrabilidad y la cantidad de opciones de armas que incluye la caja, la XV88 Breadside Battlesuit ofrece al coleccionista T&#8217;au mucha variedad, adem\u00e1s de un toque de frescura a la l\u00ednea de armaduras T&#8217;au, pues se trata de un modelo notablemente m\u00e1s aparatoso que tendr\u00e1 una gran presencia en cualquier colecci\u00f3n de miniaturas. Cada XV88 Breadside Battlesuit incluye un acelerador de part\u00edculas en la espalda. El arma est\u00e1ndar de la miniatura es el largo e imponente rifle acelerador acoplado, pero tambi\u00e9n se le puede equipar con un potente m\u00f3dulo de lanzamisiles acoplado, que tiene un aspecto similar al de un pu\u00f1o. Por si eso no fuera suficiente, tambi\u00e9n se puede montar con un sistema de misiles inteligentes. Es decir, las suficientes opciones como para satisfacer incluso al jugador T&#8217;au m\u00e1s exigente. La caja viene con un Shield Drone y un Missile Drone.<\/p>\n<p>Esta caja de pl\u00e1stico multicomponente contiene 91 componentes y una hoja de calcoman\u00edas T&#8217;au con los que montar una XV88 Breadside Battlesuit y dos Drones.<\/p>\n<p>Las miniaturas vienen sin pintar y requieren montaje; aconsejamos el uso de Pegamento para pl\u00e1stico Citadel y Pinturas Citadel.<\/p>\n","protected":false},"excerpt":{"rendered":"<p>Dise\u00f1ada para ofrecer apoyo a largo alcance, la XV88 Breadside Battlesuit ha superado las expectativas, convirti\u00e9ndose en un aut\u00e9ntico pilar para los Hunter Cadres y cazatanques. Su rifle acelerador pesado es capaz de penetrar incluso los b\u00fankeres del plastiacero m\u00e1s grueso. Con su robusto blindaje, su maniobrabilidad y la cantidad de opciones de armas que [&hellip;]<\/p>\n","protected":false},"featured_media":62746,"template":"","meta":{"_acf_changed":false},"product_brand":[],"product_cat":[1177,1180,1623,1229],"product_tag":[],"class_list":{"0":"post-62752","1":"product","2":"type-product","3":"status-publish","4":"has-post-thumbnail","6":"product_cat-games-workshop-es","7":"product_cat-retail-products-es","8":"product_cat-wargames-es-2","9":"product_cat-warhammer-40k-es","11":"first","12":"instock","13":"sale","14":"taxable","15":"shipping-taxable","16":"purchasable","17":"product-type-simple"},"exclude_global_add_ons":[],"addons":[],"acf":[],"_links":{"self":[{"href":"https:\/\/www.customeeple.com\/es\/wp-json\/wp\/v2\/product\/62752","targetHints":{"allow":["GET"]}}],"collection":[{"href":"https:\/\/www.customeeple.com\/es\/wp-json\/wp\/v2\/product"}],"about":[{"href":"https:\/\/www.customeeple.com\/es\/wp-json\/wp\/v2\/types\/product"}],"wp:featuredmedia":[{"embeddable":true,"href":"https:\/\/www.customeeple.com\/es\/wp-json\/wp\/v2\/media\/62746"}],"wp:attachment":[{"href":"https:\/\/www.customeeple.com\/es\/wp-json\/wp\/v2\/media?parent=62752"}],"wp:term":[{"taxonomy":"product_brand","embeddable":true,"href":"https:\/\/www.customeeple.com\/es\/wp-json\/wp\/v2\/product_brand?post=62752"},{"taxonomy":"product_cat","embeddable":true,"href":"https:\/\/www.customeeple.com\/es\/wp-json\/wp\/v2\/product_cat?post=62752"},{"taxonomy":"product_tag","embeddable":true,"href":"https:\/\/www.customeeple.com\/es\/wp-json\/wp\/v2\/product_tag?post=62752"}],"curies":[{"name":"wp","href":"https:\/\/api.w.org\/{rel}","templated":true}]}}