{"id":62750,"date":"2022-04-07T10:50:27","date_gmt":"2022-04-07T09:50:27","guid":{"rendered":"https:\/\/www.customeeple.com\/product\/el-monstruo-de-colores\/"},"modified":"2022-04-07T10:50:27","modified_gmt":"2022-04-07T09:50:27","slug":"el-monstruo-de-colores","status":"publish","type":"product","link":"https:\/\/www.customeeple.com\/es\/producto\/el-monstruo-de-colores\/","title":{"rendered":"El Monstruo de Colores"},"content":{"rendered":"<p><i>Alice ha desaparecido<\/i>\u00a0es un juego de rol mudo sobre la desaparici\u00f3n de Alice Briarwood, una estudiante de instituto en la peque\u00f1a ciudad de Silent Falls. Durante el juego los jugadores solo se comunican usando sus tel\u00e9fonos, envi\u00e1ndose mensajes de texto mientras descubren pistas sobre lo que le sucedi\u00f3 a Alice.<\/p>\n<p>Con una banda sonora completa con licencia y una narrativa estructurada que se resuelve solo en manos de los jugadores, Alice ha desaparecido es una experiencia inmersiva dise\u00f1ada para jugarse en una sesi\u00f3n y sin la necesidad de un director de juego.<\/p>\n<p>La partida tiene dos partes claramente diferenciadas: en la primera los jugadores crear\u00e1n a sus personajes y las relaciones entre ellos a la vez que definen detalles del lugar de juego y, en la segunda parte de 90 minutos de duraci\u00f3n, resolver\u00e1n el misterio de lo sucedido con Alice.<\/p>\n","protected":false},"excerpt":{"rendered":"<p>Alice ha desaparecido\u00a0es un juego de rol mudo sobre la desaparici\u00f3n de Alice Briarwood, una estudiante de instituto en la peque\u00f1a ciudad de Silent Falls. Durante el juego los jugadores solo se comunican usando sus tel\u00e9fonos, envi\u00e1ndose mensajes de texto mientras descubren pistas sobre lo que le sucedi\u00f3 a Alice. Con una banda sonora completa [&hellip;]<\/p>\n","protected":false},"featured_media":62744,"template":"","meta":{"_acf_changed":false},"product_brand":[],"product_cat":[2344,1564,1653,1180],"product_tag":[],"class_list":{"0":"post-62750","1":"product","2":"type-product","3":"status-publish","4":"has-post-thumbnail","6":"product_cat-devir-es","7":"product_cat-childrens-es","8":"product_cat-boardgames","9":"product_cat-retail-products-es","11":"first","12":"outofstock","13":"sale","14":"taxable","15":"shipping-taxable","16":"purchasable","17":"product-type-simple"},"exclude_global_add_ons":[],"addons":[],"acf":[],"_links":{"self":[{"href":"https:\/\/www.customeeple.com\/es\/wp-json\/wp\/v2\/product\/62750","targetHints":{"allow":["GET"]}}],"collection":[{"href":"https:\/\/www.customeeple.com\/es\/wp-json\/wp\/v2\/product"}],"about":[{"href":"https:\/\/www.customeeple.com\/es\/wp-json\/wp\/v2\/types\/product"}],"wp:featuredmedia":[{"embeddable":true,"href":"https:\/\/www.customeeple.com\/es\/wp-json\/wp\/v2\/media\/62744"}],"wp:attachment":[{"href":"https:\/\/www.customeeple.com\/es\/wp-json\/wp\/v2\/media?parent=62750"}],"wp:term":[{"taxonomy":"product_brand","embeddable":true,"href":"https:\/\/www.customeeple.com\/es\/wp-json\/wp\/v2\/product_brand?post=62750"},{"taxonomy":"product_cat","embeddable":true,"href":"https:\/\/www.customeeple.com\/es\/wp-json\/wp\/v2\/product_cat?post=62750"},{"taxonomy":"product_tag","embeddable":true,"href":"https:\/\/www.customeeple.com\/es\/wp-json\/wp\/v2\/product_tag?post=62750"}],"curies":[{"name":"wp","href":"https:\/\/api.w.org\/{rel}","templated":true}]}}