{"id":62694,"date":"2022-03-30T15:05:29","date_gmt":"2022-03-30T14:05:29","guid":{"rendered":"https:\/\/www.customeeple.com\/product\/qwinto\/"},"modified":"2022-03-30T15:05:29","modified_gmt":"2022-03-30T14:05:29","slug":"qwinto","status":"publish","type":"product","link":"https:\/\/www.customeeple.com\/es\/producto\/qwinto\/","title":{"rendered":"Qwinto (ESP)"},"content":{"rendered":"<p>Si ya conoces el famoso Qwixx, \u00a1tienes que probar Qwinto!<br \/>Es sencillo, emocionante y a la vez, diferente. En Qwinto tambi\u00e9n lanzas los dados y no hay que esperar el turno, todo el mundo participa y<br \/>deber\u00e1 intentar rellenar las casillas con n\u00fameros de la manera m\u00e1s inteligente posible, para conseguir la mayor cantidad de puntos extra y<br \/>llevarse la victoria.<\/p>\n<p>\u00a1Que los dados te acompa\u00f1en!<\/p>\n","protected":false},"excerpt":{"rendered":"<p>Si ya conoces el famoso Qwixx, \u00a1tienes que probar Qwinto!Es sencillo, emocionante y a la vez, diferente. En Qwinto tambi\u00e9n lanzas los dados y no hay que esperar el turno, todo el mundo participa ydeber\u00e1 intentar rellenar las casillas con n\u00fameros de la manera m\u00e1s inteligente posible, para conseguir la mayor cantidad de puntos extra [&hellip;]<\/p>\n","protected":false},"featured_media":62664,"template":"","meta":{"_acf_changed":false},"product_brand":[],"product_cat":[1562,1653,1180],"product_tag":[],"class_list":{"0":"post-62694","1":"product","2":"type-product","3":"status-publish","4":"has-post-thumbnail","6":"product_cat-dice-games-es","7":"product_cat-boardgames","8":"product_cat-retail-products-es","10":"first","11":"outofstock","12":"sale","13":"taxable","14":"shipping-taxable","15":"purchasable","16":"product-type-simple"},"exclude_global_add_ons":[],"addons":[],"acf":[],"_links":{"self":[{"href":"https:\/\/www.customeeple.com\/es\/wp-json\/wp\/v2\/product\/62694","targetHints":{"allow":["GET"]}}],"collection":[{"href":"https:\/\/www.customeeple.com\/es\/wp-json\/wp\/v2\/product"}],"about":[{"href":"https:\/\/www.customeeple.com\/es\/wp-json\/wp\/v2\/types\/product"}],"wp:featuredmedia":[{"embeddable":true,"href":"https:\/\/www.customeeple.com\/es\/wp-json\/wp\/v2\/media\/62664"}],"wp:attachment":[{"href":"https:\/\/www.customeeple.com\/es\/wp-json\/wp\/v2\/media?parent=62694"}],"wp:term":[{"taxonomy":"product_brand","embeddable":true,"href":"https:\/\/www.customeeple.com\/es\/wp-json\/wp\/v2\/product_brand?post=62694"},{"taxonomy":"product_cat","embeddable":true,"href":"https:\/\/www.customeeple.com\/es\/wp-json\/wp\/v2\/product_cat?post=62694"},{"taxonomy":"product_tag","embeddable":true,"href":"https:\/\/www.customeeple.com\/es\/wp-json\/wp\/v2\/product_tag?post=62694"}],"curies":[{"name":"wp","href":"https:\/\/api.w.org\/{rel}","templated":true}]}}