{"id":62681,"date":"2022-03-30T14:57:14","date_gmt":"2022-03-30T13:57:14","guid":{"rendered":"https:\/\/www.customeeple.com\/product\/toma-6-25-aniversario\/"},"modified":"2022-03-30T14:57:14","modified_gmt":"2022-03-30T13:57:14","slug":"toma-6-25-aniversario","status":"publish","type":"product","link":"https:\/\/www.customeeple.com\/es\/producto\/toma-6-25-aniversario\/","title":{"rendered":"\u00a1Toma 6! 25 aniversario"},"content":{"rendered":"<p id=\"u953058-2\">Una nueva versi\u00f3n de este cl\u00e1sico juego que incluye 28 cartas especiales que le dar\u00e1n un giro a\u00fan m\u00e1s divertido al juego como formar una quinta fila, \u00a1toma 7!, intercambio de cartas, salto de turno, etc.<\/p>\n<p id=\"u953058-5\">\u00a1No te quedes sin esta edici\u00f3n limitada!<\/p>\n<p data-content-guid=\"u953024-2_content\">\u00a0<\/p>\n<p id=\"u953024-2\" class=\"ts1400-Ficha-Producto-Titulo-Box shared_content\" data-content-guid=\"u953024-2_content\"><strong>Contenido:<\/strong><\/p>\n<p id=\"u953024-4\" class=\"ts1400-Ficha-Producto-P-rrafo shared_content\" data-content-guid=\"u953024-4_content\">104 cartas numeradas con valores entre 1 y 104<\/p>\n<p id=\"u953024-6\" class=\"ts1400-Ficha-Producto-P-rrafo shared_content\" data-content-guid=\"u953024-6_content\">28 cartas especiales<\/p>\n<p id=\"u953024-8\" class=\"ts1400-Ficha-Producto-P-rrafo shared_content\" data-content-guid=\"u953024-8_content\">1 bloc para anotar la puntuaci\u00f3n<\/p>\n<p id=\"u953024-10\" class=\"ts1400-Ficha-Producto-P-rrafo shared_content\" data-content-guid=\"u953024-10_content\">Reglamento<\/p>\n","protected":false},"excerpt":{"rendered":"<p>Una nueva versi\u00f3n de este cl\u00e1sico juego que incluye 28 cartas especiales que le dar\u00e1n un giro a\u00fan m\u00e1s divertido al juego como formar una quinta fila, \u00a1toma 7!, intercambio de cartas, salto de turno, etc. \u00a1No te quedes sin esta edici\u00f3n limitada! \u00a0 Contenido: 104 cartas numeradas con valores entre 1 y 104 28 [&hellip;]<\/p>\n","protected":false},"featured_media":62646,"template":"","meta":{"_acf_changed":false},"product_brand":[],"product_cat":[1653,2347,1180],"product_tag":[],"class_list":{"0":"post-62681","1":"product","2":"type-product","3":"status-publish","4":"has-post-thumbnail","6":"product_cat-boardgames","7":"product_cat-mercurio-es","8":"product_cat-retail-products-es","10":"first","11":"outofstock","12":"sale","13":"taxable","14":"shipping-taxable","15":"purchasable","16":"product-type-simple"},"exclude_global_add_ons":[],"addons":[],"acf":[],"_links":{"self":[{"href":"https:\/\/www.customeeple.com\/es\/wp-json\/wp\/v2\/product\/62681","targetHints":{"allow":["GET"]}}],"collection":[{"href":"https:\/\/www.customeeple.com\/es\/wp-json\/wp\/v2\/product"}],"about":[{"href":"https:\/\/www.customeeple.com\/es\/wp-json\/wp\/v2\/types\/product"}],"wp:featuredmedia":[{"embeddable":true,"href":"https:\/\/www.customeeple.com\/es\/wp-json\/wp\/v2\/media\/62646"}],"wp:attachment":[{"href":"https:\/\/www.customeeple.com\/es\/wp-json\/wp\/v2\/media?parent=62681"}],"wp:term":[{"taxonomy":"product_brand","embeddable":true,"href":"https:\/\/www.customeeple.com\/es\/wp-json\/wp\/v2\/product_brand?post=62681"},{"taxonomy":"product_cat","embeddable":true,"href":"https:\/\/www.customeeple.com\/es\/wp-json\/wp\/v2\/product_cat?post=62681"},{"taxonomy":"product_tag","embeddable":true,"href":"https:\/\/www.customeeple.com\/es\/wp-json\/wp\/v2\/product_tag?post=62681"}],"curies":[{"name":"wp","href":"https:\/\/api.w.org\/{rel}","templated":true}]}}