{"id":62570,"date":"2022-03-23T13:47:58","date_gmt":"2022-03-23T12:47:58","guid":{"rendered":"https:\/\/www.customeeple.com\/product\/batalla-de-genios-original\/"},"modified":"2022-03-23T13:47:58","modified_gmt":"2022-03-23T12:47:58","slug":"batalla-de-genios-original","status":"publish","type":"product","link":"https:\/\/www.customeeple.com\/es\/producto\/batalla-de-genios-original\/","title":{"rendered":"Batalla de Genios Original"},"content":{"rendered":"<div class=\"woocommerce-product-details__short-description\">\n<p>Reta a tu oponente a esta Batalla de Genios y completa el tablero antes que \u00e9l. \u00a1S\u00e9 el m\u00e1s r\u00e1pido en resolverlo! Existen 62.208 combinaciones posibles \u00a1Y siempre hay una soluci\u00f3n! Completa la cuadr\u00edcula con las nueve piezas de colores, una vez que se hayan colocado los siete bloqueadores en las posiciones que indican los dados.<\/p>\n<\/div>\n","protected":false},"excerpt":{"rendered":"<p>Reta a tu oponente a esta Batalla de Genios y completa el tablero antes que \u00e9l. \u00a1S\u00e9 el m\u00e1s r\u00e1pido en resolverlo! Existen 62.208 combinaciones posibles \u00a1Y siempre hay una soluci\u00f3n! Completa la cuadr\u00edcula con las nueve piezas de colores, una vez que se hayan colocado los siete bloqueadores en las posiciones que indican los [&hellip;]<\/p>\n","protected":false},"featured_media":62539,"template":"","meta":{"_acf_changed":false},"product_brand":[],"product_cat":[1564,1653,2345,1180],"product_tag":[],"class_list":{"0":"post-62570","1":"product","2":"type-product","3":"status-publish","4":"has-post-thumbnail","6":"product_cat-childrens-es","7":"product_cat-boardgames","8":"product_cat-ludilo-es","9":"product_cat-retail-products-es","11":"first","12":"instock","13":"sale","14":"taxable","15":"shipping-taxable","16":"purchasable","17":"product-type-simple"},"exclude_global_add_ons":[],"addons":[],"acf":[],"_links":{"self":[{"href":"https:\/\/www.customeeple.com\/es\/wp-json\/wp\/v2\/product\/62570","targetHints":{"allow":["GET"]}}],"collection":[{"href":"https:\/\/www.customeeple.com\/es\/wp-json\/wp\/v2\/product"}],"about":[{"href":"https:\/\/www.customeeple.com\/es\/wp-json\/wp\/v2\/types\/product"}],"wp:featuredmedia":[{"embeddable":true,"href":"https:\/\/www.customeeple.com\/es\/wp-json\/wp\/v2\/media\/62539"}],"wp:attachment":[{"href":"https:\/\/www.customeeple.com\/es\/wp-json\/wp\/v2\/media?parent=62570"}],"wp:term":[{"taxonomy":"product_brand","embeddable":true,"href":"https:\/\/www.customeeple.com\/es\/wp-json\/wp\/v2\/product_brand?post=62570"},{"taxonomy":"product_cat","embeddable":true,"href":"https:\/\/www.customeeple.com\/es\/wp-json\/wp\/v2\/product_cat?post=62570"},{"taxonomy":"product_tag","embeddable":true,"href":"https:\/\/www.customeeple.com\/es\/wp-json\/wp\/v2\/product_tag?post=62570"}],"curies":[{"name":"wp","href":"https:\/\/api.w.org\/{rel}","templated":true}]}}