{"id":62569,"date":"2022-03-23T13:47:46","date_gmt":"2022-03-23T12:47:46","guid":{"rendered":"https:\/\/www.customeeple.com\/product\/pillado\/"},"modified":"2022-03-23T13:47:46","modified_gmt":"2022-03-23T12:47:46","slug":"pillado","status":"publish","type":"product","link":"https:\/\/www.customeeple.com\/es\/producto\/pillado\/","title":{"rendered":"\u00a1Pillado!"},"content":{"rendered":"<div class=\"woocommerce-product-details__short-description\">\n<p>En el juego \u00a1Pillado! la tarta de la Sra. Plumpert ha desaparecido, es el momento de empezar la investigaci\u00f3n. Moveos por el tablero, conseguid pistas y utilizad el decodificador de pistas secreto para descartar sospechosos.\u00a0 Tendr\u00e9is que trabajar r\u00e1pido, en equipo, porque el zorro culpable est\u00e1 a punto de escabullirse en su madriguera.<\/p>\n<\/div>\n","protected":false},"excerpt":{"rendered":"<p>En el juego \u00a1Pillado! la tarta de la Sra. Plumpert ha desaparecido, es el momento de empezar la investigaci\u00f3n. Moveos por el tablero, conseguid pistas y utilizad el decodificador de pistas secreto para descartar sospechosos.\u00a0 Tendr\u00e9is que trabajar r\u00e1pido, en equipo, porque el zorro culpable est\u00e1 a punto de escabullirse en su madriguera.<\/p>\n","protected":false},"featured_media":62541,"template":"","meta":{"_acf_changed":false},"product_brand":[],"product_cat":[2003,1561,1564,1653,2345,1180],"product_tag":[],"class_list":{"0":"post-62569","1":"product","2":"type-product","3":"status-publish","4":"has-post-thumbnail","6":"product_cat-cooperative-es","7":"product_cat-familiar-es","8":"product_cat-childrens-es","9":"product_cat-boardgames","10":"product_cat-ludilo-es","11":"product_cat-retail-products-es","13":"first","14":"onbackorder","15":"sale","16":"taxable","17":"shipping-taxable","18":"purchasable","19":"product-type-simple"},"exclude_global_add_ons":[],"addons":[],"acf":[],"_links":{"self":[{"href":"https:\/\/www.customeeple.com\/es\/wp-json\/wp\/v2\/product\/62569","targetHints":{"allow":["GET"]}}],"collection":[{"href":"https:\/\/www.customeeple.com\/es\/wp-json\/wp\/v2\/product"}],"about":[{"href":"https:\/\/www.customeeple.com\/es\/wp-json\/wp\/v2\/types\/product"}],"wp:featuredmedia":[{"embeddable":true,"href":"https:\/\/www.customeeple.com\/es\/wp-json\/wp\/v2\/media\/62541"}],"wp:attachment":[{"href":"https:\/\/www.customeeple.com\/es\/wp-json\/wp\/v2\/media?parent=62569"}],"wp:term":[{"taxonomy":"product_brand","embeddable":true,"href":"https:\/\/www.customeeple.com\/es\/wp-json\/wp\/v2\/product_brand?post=62569"},{"taxonomy":"product_cat","embeddable":true,"href":"https:\/\/www.customeeple.com\/es\/wp-json\/wp\/v2\/product_cat?post=62569"},{"taxonomy":"product_tag","embeddable":true,"href":"https:\/\/www.customeeple.com\/es\/wp-json\/wp\/v2\/product_tag?post=62569"}],"curies":[{"name":"wp","href":"https:\/\/api.w.org\/{rel}","templated":true}]}}