{"id":62567,"date":"2022-03-23T13:49:01","date_gmt":"2022-03-23T12:49:01","guid":{"rendered":"https:\/\/www.customeeple.com\/product\/batalla-de-genios-junior\/"},"modified":"2022-03-23T13:49:01","modified_gmt":"2022-03-23T12:49:01","slug":"batalla-de-genios-junior","status":"publish","type":"product","link":"https:\/\/www.customeeple.com\/es\/producto\/batalla-de-genios-junior\/","title":{"rendered":"Batalla de Genios Junior"},"content":{"rendered":"<p>En Batalla de Genios Junior la abeja reina gu\u00eda a sus abejas en la construcci\u00f3n de un nuevo panal, y \u00a1necesitan tu ayuda!. Este nuevo y encantador juego que desarrolla habilidades como la visi\u00f3n espacial, la atenci\u00f3n y la planificaci\u00f3n de forma divertida y atractiva para los m\u00e1s peque\u00f1os.<\/p>\n","protected":false},"excerpt":{"rendered":"<p>En Batalla de Genios Junior la abeja reina gu\u00eda a sus abejas en la construcci\u00f3n de un nuevo panal, y \u00a1necesitan tu ayuda!. Este nuevo y encantador juego que desarrolla habilidades como la visi\u00f3n espacial, la atenci\u00f3n y la planificaci\u00f3n de forma divertida y atractiva para los m\u00e1s peque\u00f1os.<\/p>\n","protected":false},"featured_media":62547,"template":"","meta":{"_acf_changed":false},"product_brand":[],"product_cat":[1564,1653,2345,1180],"product_tag":[],"class_list":{"0":"post-62567","1":"product","2":"type-product","3":"status-publish","4":"has-post-thumbnail","6":"product_cat-childrens-es","7":"product_cat-boardgames","8":"product_cat-ludilo-es","9":"product_cat-retail-products-es","11":"first","12":"outofstock","13":"sale","14":"taxable","15":"shipping-taxable","16":"purchasable","17":"product-type-simple"},"exclude_global_add_ons":[],"addons":[],"acf":[],"_links":{"self":[{"href":"https:\/\/www.customeeple.com\/es\/wp-json\/wp\/v2\/product\/62567","targetHints":{"allow":["GET"]}}],"collection":[{"href":"https:\/\/www.customeeple.com\/es\/wp-json\/wp\/v2\/product"}],"about":[{"href":"https:\/\/www.customeeple.com\/es\/wp-json\/wp\/v2\/types\/product"}],"wp:featuredmedia":[{"embeddable":true,"href":"https:\/\/www.customeeple.com\/es\/wp-json\/wp\/v2\/media\/62547"}],"wp:attachment":[{"href":"https:\/\/www.customeeple.com\/es\/wp-json\/wp\/v2\/media?parent=62567"}],"wp:term":[{"taxonomy":"product_brand","embeddable":true,"href":"https:\/\/www.customeeple.com\/es\/wp-json\/wp\/v2\/product_brand?post=62567"},{"taxonomy":"product_cat","embeddable":true,"href":"https:\/\/www.customeeple.com\/es\/wp-json\/wp\/v2\/product_cat?post=62567"},{"taxonomy":"product_tag","embeddable":true,"href":"https:\/\/www.customeeple.com\/es\/wp-json\/wp\/v2\/product_tag?post=62567"}],"curies":[{"name":"wp","href":"https:\/\/api.w.org\/{rel}","templated":true}]}}