{"id":62565,"date":"2022-03-23T13:49:09","date_gmt":"2022-03-23T12:49:09","guid":{"rendered":"https:\/\/www.customeeple.com\/product\/chupate-esa\/"},"modified":"2022-03-23T13:49:09","modified_gmt":"2022-03-23T12:49:09","slug":"chupate-esa","status":"publish","type":"product","link":"https:\/\/www.customeeple.com\/es\/producto\/chupate-esa\/","title":{"rendered":"Ch\u00fapate Esa"},"content":{"rendered":"<div class=\"pull-left margenDatosSecundarios\">\n<div id=\"ctl00_MainContent_dvSinopsis\" class=\"pull-left w100\">\n<div class=\"pull-left w100 text-justify well well-lg text-primary\"><span id=\"ctl00_MainContent_txtSinpsis\">Un juego en el que tienes que pasarle el problema a los dem\u00e1s. Como en la vida. En Ch\u00fapate Esa tu objetivo es no beber. Si tienes un vaso delante de ti juega una de tus cartas para pas\u00e1rselo a otro jugador. Si te quedaste sin cartas o las que tienes son in\u00fatiles Ch\u00fapate esa! Cuando bebes 3 veces quedas eliminado. El \u00faltimo en ser eliminado es el ganador. Ch\u00fapate Esa se trata de un juego r\u00e1pido y divertido (y lleno de traiciones) de 3 a 8 jugadores a partir de 18 a\u00f1os. Incluye 50 cartas<\/span><\/div>\n<\/div>\n<\/div>\n","protected":false},"excerpt":{"rendered":"<p>Un juego en el que tienes que pasarle el problema a los dem\u00e1s. Como en la vida. En Ch\u00fapate Esa tu objetivo es no beber. Si tienes un vaso delante de ti juega una de tus cartas para pas\u00e1rselo a otro jugador. Si te quedaste sin cartas o las que tienes son in\u00fatiles Ch\u00fapate esa! [&hellip;]<\/p>\n","protected":false},"featured_media":62557,"template":"","meta":{"_acf_changed":false},"product_brand":[],"product_cat":[2004,1557,1653,1180],"product_tag":[],"class_list":{"0":"post-62565","1":"product","2":"type-product","3":"status-publish","4":"has-post-thumbnail","6":"product_cat-party-game-es","7":"product_cat-card-game-es","8":"product_cat-boardgames","9":"product_cat-retail-products-es","11":"first","12":"outofstock","13":"sale","14":"taxable","15":"shipping-taxable","16":"purchasable","17":"product-type-simple"},"exclude_global_add_ons":[],"addons":[],"acf":[],"_links":{"self":[{"href":"https:\/\/www.customeeple.com\/es\/wp-json\/wp\/v2\/product\/62565","targetHints":{"allow":["GET"]}}],"collection":[{"href":"https:\/\/www.customeeple.com\/es\/wp-json\/wp\/v2\/product"}],"about":[{"href":"https:\/\/www.customeeple.com\/es\/wp-json\/wp\/v2\/types\/product"}],"wp:featuredmedia":[{"embeddable":true,"href":"https:\/\/www.customeeple.com\/es\/wp-json\/wp\/v2\/media\/62557"}],"wp:attachment":[{"href":"https:\/\/www.customeeple.com\/es\/wp-json\/wp\/v2\/media?parent=62565"}],"wp:term":[{"taxonomy":"product_brand","embeddable":true,"href":"https:\/\/www.customeeple.com\/es\/wp-json\/wp\/v2\/product_brand?post=62565"},{"taxonomy":"product_cat","embeddable":true,"href":"https:\/\/www.customeeple.com\/es\/wp-json\/wp\/v2\/product_cat?post=62565"},{"taxonomy":"product_tag","embeddable":true,"href":"https:\/\/www.customeeple.com\/es\/wp-json\/wp\/v2\/product_tag?post=62565"}],"curies":[{"name":"wp","href":"https:\/\/api.w.org\/{rel}","templated":true}]}}