{"id":62564,"date":"2022-03-23T13:48:25","date_gmt":"2022-03-23T12:48:25","guid":{"rendered":"https:\/\/www.customeeple.com\/product\/h-d-p\/"},"modified":"2022-03-23T13:48:25","modified_gmt":"2022-03-23T12:48:25","slug":"h-d-p","status":"publish","type":"product","link":"https:\/\/www.customeeple.com\/es\/producto\/h-d-p\/","title":{"rendered":"H.D.P. (ESP)"},"content":{"rendered":"<p>El juego ideal para tu ni\u00f1o interior (Si tu ni\u00f1o interior es un HDP) Completa el enunciado de la carta negra con una de tus cartas blancas. S\u00e9 atrevido, absurdo, sarc\u00e1stico, gilipollas, rid\u00edculo o lo que se te ocurra. Lo importante es que seas gracioso. O que creas que lo eres. Ojo! Este juego est\u00e1 lleno de humor negro. Si este tipo de humor no es de tu rollo, coge la caja con fuerza, l\u00e1nzala lo m\u00e1s lejos que puedas y monta un pollo en la tienda. Pero despu\u00e9s c\u00f3mpralo: necesitamos comer.<\/p>\n","protected":false},"excerpt":{"rendered":"<p>El juego ideal para tu ni\u00f1o interior (Si tu ni\u00f1o interior es un HDP) Completa el enunciado de la carta negra con una de tus cartas blancas. S\u00e9 atrevido, absurdo, sarc\u00e1stico, gilipollas, rid\u00edculo o lo que se te ocurra. Lo importante es que seas gracioso. O que creas que lo eres. Ojo! Este juego est\u00e1 [&hellip;]<\/p>\n","protected":false},"featured_media":62537,"template":"","meta":{"_acf_changed":false},"product_brand":[],"product_cat":[2004,1653,1180],"product_tag":[],"class_list":{"0":"post-62564","1":"product","2":"type-product","3":"status-publish","4":"has-post-thumbnail","6":"product_cat-party-game-es","7":"product_cat-boardgames","8":"product_cat-retail-products-es","10":"first","11":"outofstock","12":"sale","13":"taxable","14":"shipping-taxable","15":"purchasable","16":"product-type-simple"},"exclude_global_add_ons":[],"addons":[],"acf":[],"_links":{"self":[{"href":"https:\/\/www.customeeple.com\/es\/wp-json\/wp\/v2\/product\/62564","targetHints":{"allow":["GET"]}}],"collection":[{"href":"https:\/\/www.customeeple.com\/es\/wp-json\/wp\/v2\/product"}],"about":[{"href":"https:\/\/www.customeeple.com\/es\/wp-json\/wp\/v2\/types\/product"}],"wp:featuredmedia":[{"embeddable":true,"href":"https:\/\/www.customeeple.com\/es\/wp-json\/wp\/v2\/media\/62537"}],"wp:attachment":[{"href":"https:\/\/www.customeeple.com\/es\/wp-json\/wp\/v2\/media?parent=62564"}],"wp:term":[{"taxonomy":"product_brand","embeddable":true,"href":"https:\/\/www.customeeple.com\/es\/wp-json\/wp\/v2\/product_brand?post=62564"},{"taxonomy":"product_cat","embeddable":true,"href":"https:\/\/www.customeeple.com\/es\/wp-json\/wp\/v2\/product_cat?post=62564"},{"taxonomy":"product_tag","embeddable":true,"href":"https:\/\/www.customeeple.com\/es\/wp-json\/wp\/v2\/product_tag?post=62564"}],"curies":[{"name":"wp","href":"https:\/\/api.w.org\/{rel}","templated":true}]}}