{"id":62465,"date":"2022-03-23T13:48:52","date_gmt":"2022-03-23T12:48:52","guid":{"rendered":"https:\/\/www.customeeple.com\/product\/grabolo\/"},"modified":"2026-02-28T18:51:50","modified_gmt":"2026-02-28T17:51:50","slug":"grabolo","status":"publish","type":"product","link":"https:\/\/www.customeeple.com\/es\/producto\/grabolo\/","title":{"rendered":"Grabolo"},"content":{"rendered":"<div class=\"woocommerce-product-details__short-description\">\n<p>Un juego de concentraci\u00f3n y velocidad. Demuestra que tienes los mejores ojos y las manos m\u00e1s r\u00e1pidas en la mesa. Los dados indican la combinaci\u00f3n de color y n\u00famero que debes buscar. Intenta ser el primero en coger la carta correspondiente. El jugador que consiga m\u00e1s cartas ganar\u00e1 la partida. \u00a1Grabolo! diversi\u00f3n salvaje para todos.<\/p>\n<\/div>\n","protected":false},"excerpt":{"rendered":"<p>Un juego de concentraci\u00f3n y velocidad. Demuestra que tienes los mejores ojos y las manos m\u00e1s r\u00e1pidas en la mesa. Los dados indican la combinaci\u00f3n de color y n\u00famero que debes buscar. Intenta ser el primero en coger la carta correspondiente. El jugador que consiga m\u00e1s cartas ganar\u00e1 la partida. \u00a1Grabolo! diversi\u00f3n salvaje para todos.<\/p>\n","protected":false},"featured_media":62550,"template":"","meta":{"_acf_changed":false},"product_brand":[],"product_cat":[1096,1528,1527,1168],"product_tag":[],"class_list":{"0":"post-62465","1":"product","2":"type-product","3":"status-publish","4":"has-post-thumbnail","6":"product_cat-bg","7":"product_cat-card-game","8":"product_cat-familiar","9":"product_cat-retail-products","11":"first","12":"instock","13":"sale","14":"taxable","15":"shipping-taxable","16":"purchasable","17":"product-type-simple"},"exclude_global_add_ons":[],"addons":[],"acf":[],"_links":{"self":[{"href":"https:\/\/www.customeeple.com\/es\/wp-json\/wp\/v2\/product\/62465","targetHints":{"allow":["GET"]}}],"collection":[{"href":"https:\/\/www.customeeple.com\/es\/wp-json\/wp\/v2\/product"}],"about":[{"href":"https:\/\/www.customeeple.com\/es\/wp-json\/wp\/v2\/types\/product"}],"wp:featuredmedia":[{"embeddable":true,"href":"https:\/\/www.customeeple.com\/es\/wp-json\/wp\/v2\/media\/62550"}],"wp:attachment":[{"href":"https:\/\/www.customeeple.com\/es\/wp-json\/wp\/v2\/media?parent=62465"}],"wp:term":[{"taxonomy":"product_brand","embeddable":true,"href":"https:\/\/www.customeeple.com\/es\/wp-json\/wp\/v2\/product_brand?post=62465"},{"taxonomy":"product_cat","embeddable":true,"href":"https:\/\/www.customeeple.com\/es\/wp-json\/wp\/v2\/product_cat?post=62465"},{"taxonomy":"product_tag","embeddable":true,"href":"https:\/\/www.customeeple.com\/es\/wp-json\/wp\/v2\/product_tag?post=62465"}],"curies":[{"name":"wp","href":"https:\/\/api.w.org\/{rel}","templated":true}]}}