{"id":62428,"date":"2022-03-18T19:34:50","date_gmt":"2022-03-18T18:34:50","guid":{"rendered":"https:\/\/www.customeeple.com\/product\/grey-knights-castellano-crowe\/"},"modified":"2022-04-25T12:25:07","modified_gmt":"2022-04-25T11:25:07","slug":"grey-knights-castellano-crowe","status":"publish","type":"product","link":"https:\/\/www.customeeple.com\/es\/producto\/grey-knights-castellano-crowe\/","title":{"rendered":"Grey Knights: Castellano Crowe"},"content":{"rendered":"<p>Castellano Garran Crowe es el Campe\u00f3n de la Orden de los Purificadores, y su alma impecable irradia un aura ps\u00edquica abrasadora. Es el guardi\u00e1n de la Espada Negra de Antwyr, una espada daem\u00f3nica que susurra promesas y amenazas de corromper a quienes la empu\u00f1an, una tentaci\u00f3n contra la que Castellano Crowe demuestra su val\u00eda en todo momento, renunciando a los oscuros poderes de la espada en favor de su propia destreza de combate.<\/p>\n<p>Castellano Crowe es un guerrero incorruptible y una potente opci\u00f3n de Cuartel General para cualquier fuerza de Caballeros Grises. Crowe, un duelista sin igual, busca y derrota a los personajes enemigos con la espada negra maldita de Antwyr, y su voluntad indomable le permite luchar sufriendo heridas que har\u00edan caer a otro Marine Espacial. Potente ps\u00edquico por derecho propio, Crowe tambi\u00e9n puede desatar chorros de fuego ps\u00edquico sobre sus enemigos.<\/p>\n<p>Con este kit de pl\u00e1stico de 18 piezas puedes montar a Castellano Crowe, que se puede montar con la cabeza descubierta o con casco de caballero. Se suministra con una peana redonda Citadel de 40 mm.<\/p>\n<p>Esta miniatura se suministra sin pintar y requiere montaje. Recomendamos utilizar Pegamento para pl\u00e1stico Citadel y pinturas Citadel.<\/p>\n","protected":false},"excerpt":{"rendered":"<p>Castellano Garran Crowe es el Campe\u00f3n de la Orden de los Purificadores, y su alma impecable irradia un aura ps\u00edquica abrasadora. Es el guardi\u00e1n de la Espada Negra de Antwyr, una espada daem\u00f3nica que susurra promesas y amenazas de corromper a quienes la empu\u00f1an, una tentaci\u00f3n contra la que Castellano Crowe demuestra su val\u00eda en [&hellip;]<\/p>\n","protected":false},"featured_media":62409,"template":"","meta":{"_acf_changed":false},"product_brand":[],"product_cat":[1177,1180,1623,1229],"product_tag":[],"class_list":{"0":"post-62428","1":"product","2":"type-product","3":"status-publish","4":"has-post-thumbnail","6":"product_cat-games-workshop-es","7":"product_cat-retail-products-es","8":"product_cat-wargames-es-2","9":"product_cat-warhammer-40k-es","11":"first","12":"onbackorder","13":"sale","14":"taxable","15":"shipping-taxable","16":"purchasable","17":"product-type-simple"},"exclude_global_add_ons":[],"addons":[],"acf":[],"_links":{"self":[{"href":"https:\/\/www.customeeple.com\/es\/wp-json\/wp\/v2\/product\/62428","targetHints":{"allow":["GET"]}}],"collection":[{"href":"https:\/\/www.customeeple.com\/es\/wp-json\/wp\/v2\/product"}],"about":[{"href":"https:\/\/www.customeeple.com\/es\/wp-json\/wp\/v2\/types\/product"}],"wp:featuredmedia":[{"embeddable":true,"href":"https:\/\/www.customeeple.com\/es\/wp-json\/wp\/v2\/media\/62409"}],"wp:attachment":[{"href":"https:\/\/www.customeeple.com\/es\/wp-json\/wp\/v2\/media?parent=62428"}],"wp:term":[{"taxonomy":"product_brand","embeddable":true,"href":"https:\/\/www.customeeple.com\/es\/wp-json\/wp\/v2\/product_brand?post=62428"},{"taxonomy":"product_cat","embeddable":true,"href":"https:\/\/www.customeeple.com\/es\/wp-json\/wp\/v2\/product_cat?post=62428"},{"taxonomy":"product_tag","embeddable":true,"href":"https:\/\/www.customeeple.com\/es\/wp-json\/wp\/v2\/product_tag?post=62428"}],"curies":[{"name":"wp","href":"https:\/\/api.w.org\/{rel}","templated":true}]}}