{"id":62419,"date":"2022-03-18T11:40:26","date_gmt":"2022-03-18T10:40:26","guid":{"rendered":"https:\/\/www.customeeple.com\/product\/kharadron-overlords-arkanaut-company\/"},"modified":"2023-11-23T00:00:16","modified_gmt":"2023-11-22T23:00:16","slug":"kharadron-overlords-arkanaut-company","status":"publish","type":"product","link":"https:\/\/www.customeeple.com\/es\/producto\/kharadron-overlords-arkanaut-company\/","title":{"rendered":"Kharadron Overlords Arkanaut Company"},"content":{"rendered":"<p>Cuando se trata de luchar firmemente en el suelo, las Arkanaut Companies forman las principales fuerzas de combate de los Kharadron Overlords. Descendiendo r\u00e1pidamente con la ayuda de las escaleras gravitatorias de una Frigate o de unas cuerdas de suspensi\u00f3n, una Arkanaut Compay puede desplegarse r\u00e1pidamente en la refriega.<\/p>\n<p>Este kit de pl\u00e1stico multicomponente incluye los componentes necesarios para montar una Arkanaut Company de 10 miniaturas que adem\u00e1s cuentan con una amplia variedad de armas: cada una lleva una pistola de corsario y cuchillas de Arkanaut y un m\u00e1ximo de 3 miniaturas puede incluir una pica\u00e9rea, un fusil de salvas aetherm\u00e1tico de m\u00faltiples ca\u00f1ones, o un arp\u00f3n a\u00e9reo ligero. Su Captain puede equiparse con una pistola de salvas o una pistola de llamas de aeter y tiene la opci\u00f3n de esgrimir un ancla.<\/p>\n<p>Las Arkanaut Companies son las tropas de combate principales de un ej\u00e9rcito de Kharadron Overlords, y por lo tanto a\u00fan no han acumulado suficiente aeter-oro para adornarse su armadura tanto como la de sus superiores. Lucen magn\u00edficas barbas de metal y sus armaduras selladas est\u00e1n repletas de las v\u00e1lvulas y accesorios necesarios para mantenerlos vivos.<\/p>\n<p>Este kit tiene 83 componentes y se suministra con 10 peanas Citadel redondas de 25mm.<\/p>\n","protected":false},"excerpt":{"rendered":"<p>Cuando se trata de luchar firmemente en el suelo, las Arkanaut Companies forman las principales fuerzas de combate de los Kharadron Overlords. Descendiendo r\u00e1pidamente con la ayuda de las escaleras gravitatorias de una Frigate o de unas cuerdas de suspensi\u00f3n, una Arkanaut Compay puede desplegarse r\u00e1pidamente en la refriega. Este kit de pl\u00e1stico multicomponente incluye [&hellip;]<\/p>\n","protected":false},"featured_media":62387,"template":"","meta":{"_acf_changed":false},"product_brand":[],"product_cat":[1177,1180,1623,1654],"product_tag":[],"class_list":{"0":"post-62419","1":"product","2":"type-product","3":"status-publish","4":"has-post-thumbnail","6":"product_cat-games-workshop-es","7":"product_cat-retail-products-es","8":"product_cat-wargames-es-2","9":"product_cat-warhammer-age-of-sigmar-es-2","11":"first","12":"onbackorder","13":"sale","14":"taxable","15":"shipping-taxable","16":"purchasable","17":"product-type-simple"},"exclude_global_add_ons":[],"addons":[],"acf":[],"_links":{"self":[{"href":"https:\/\/www.customeeple.com\/es\/wp-json\/wp\/v2\/product\/62419","targetHints":{"allow":["GET"]}}],"collection":[{"href":"https:\/\/www.customeeple.com\/es\/wp-json\/wp\/v2\/product"}],"about":[{"href":"https:\/\/www.customeeple.com\/es\/wp-json\/wp\/v2\/types\/product"}],"wp:featuredmedia":[{"embeddable":true,"href":"https:\/\/www.customeeple.com\/es\/wp-json\/wp\/v2\/media\/62387"}],"wp:attachment":[{"href":"https:\/\/www.customeeple.com\/es\/wp-json\/wp\/v2\/media?parent=62419"}],"wp:term":[{"taxonomy":"product_brand","embeddable":true,"href":"https:\/\/www.customeeple.com\/es\/wp-json\/wp\/v2\/product_brand?post=62419"},{"taxonomy":"product_cat","embeddable":true,"href":"https:\/\/www.customeeple.com\/es\/wp-json\/wp\/v2\/product_cat?post=62419"},{"taxonomy":"product_tag","embeddable":true,"href":"https:\/\/www.customeeple.com\/es\/wp-json\/wp\/v2\/product_tag?post=62419"}],"curies":[{"name":"wp","href":"https:\/\/api.w.org\/{rel}","templated":true}]}}