{"id":62418,"date":"2022-03-18T11:44:27","date_gmt":"2022-03-18T10:44:27","guid":{"rendered":"https:\/\/www.customeeple.com\/product\/skaven-stormfiends\/"},"modified":"2026-03-26T11:55:06","modified_gmt":"2026-03-26T10:55:06","slug":"skaven-stormfiends","status":"publish","type":"product","link":"https:\/\/www.customeeple.com\/es\/producto\/skaven-stormfiends\/","title":{"rendered":"Skaven Stormfiends"},"content":{"rendered":"<p>Los Stormfiends son las creaciones m\u00e1s recientes de los locos laboratorios de los Clanes Skryre, brutos enormes cosidos a partir de diversas partes del cuerpo. Equipados con una serie de armas experimentales, son capaces de atravesar filas densamente pobladas de enemigos o detener por s\u00ed solos cargas del adversario con sus tormentas de fuego.<\/p>\n<p>Este kit de pl\u00e1stico multicomponente permite montar tres Stormfiends con una amplia variedad de opciones de armas. Los tres Stormfiends tienen poses \u00fanicas y una armadura de piedra bruja diferente entre s\u00ed. Est\u00e1n cubiertos de todo tipo de cables, tubos, piel cosida y runas.<\/p>\n<p>Cualquier miniatura tiene la opci\u00f3n de armarse con un par de las siguientes: amerratadoras automatizadas, pu\u00f1os tuneladores, guanteletes de choque, guanteletes picadores, proyectores de fuego brujo o lanzadores de viento envenenado.<\/p>\n<p>Los Skaven Stormfiends tienen 101 piezas y se suministran con 3 peanas redondas de 60 mm y 3 peanas cuadradas de 50 mm.<\/p>\n","protected":false},"excerpt":{"rendered":"<p>Los Stormfiends son las creaciones m\u00e1s recientes de los locos laboratorios de los Clanes Skryre, brutos enormes cosidos a partir de diversas partes del cuerpo. Equipados con una serie de armas experimentales, son capaces de atravesar filas densamente pobladas de enemigos o detener por s\u00ed solos cargas del adversario con sus tormentas de fuego. Este [&hellip;]<\/p>\n","protected":false},"featured_media":70848,"template":"","meta":{"_acf_changed":false},"product_brand":[],"product_cat":[1177,1180,1654],"product_tag":[],"class_list":{"0":"post-62418","1":"product","2":"type-product","3":"status-publish","4":"has-post-thumbnail","6":"product_cat-games-workshop-es","7":"product_cat-retail-products-es","8":"product_cat-warhammer-age-of-sigmar-es-2","10":"first","11":"onbackorder","12":"sale","13":"taxable","14":"shipping-taxable","15":"purchasable","16":"product-type-simple"},"exclude_global_add_ons":[],"addons":[],"acf":[],"_links":{"self":[{"href":"https:\/\/www.customeeple.com\/es\/wp-json\/wp\/v2\/product\/62418","targetHints":{"allow":["GET"]}}],"collection":[{"href":"https:\/\/www.customeeple.com\/es\/wp-json\/wp\/v2\/product"}],"about":[{"href":"https:\/\/www.customeeple.com\/es\/wp-json\/wp\/v2\/types\/product"}],"wp:featuredmedia":[{"embeddable":true,"href":"https:\/\/www.customeeple.com\/es\/wp-json\/wp\/v2\/media\/70848"}],"wp:attachment":[{"href":"https:\/\/www.customeeple.com\/es\/wp-json\/wp\/v2\/media?parent=62418"}],"wp:term":[{"taxonomy":"product_brand","embeddable":true,"href":"https:\/\/www.customeeple.com\/es\/wp-json\/wp\/v2\/product_brand?post=62418"},{"taxonomy":"product_cat","embeddable":true,"href":"https:\/\/www.customeeple.com\/es\/wp-json\/wp\/v2\/product_cat?post=62418"},{"taxonomy":"product_tag","embeddable":true,"href":"https:\/\/www.customeeple.com\/es\/wp-json\/wp\/v2\/product_tag?post=62418"}],"curies":[{"name":"wp","href":"https:\/\/api.w.org\/{rel}","templated":true}]}}