{"id":62320,"date":"2022-03-15T13:52:36","date_gmt":"2022-03-15T12:52:36","guid":{"rendered":"https:\/\/www.customeeple.com\/?post_type=product&#038;p=62320"},"modified":"2022-03-15T14:08:16","modified_gmt":"2022-03-15T13:08:16","slug":"kill-team-octarius-libro","status":"publish","type":"product","link":"https:\/\/www.customeeple.com\/es\/producto\/kill-team-octarius-libro\/","title":{"rendered":"Kill Team: Octarius (Libro) (SPA)"},"content":{"rendered":"<p>La Zona de guerra Octarius es una picadora de carne. En ella, ej\u00e9rcitos enteros son consumidos por un infierno de conflicto apocal\u00edptico d\u00eda tras d\u00eda. En desiertos abrasados, junglas hirvientes, ciudades ruinosas y yermos industriales, los Guardias Imperiales Veteranos llevan la lucha a las pe\u00f1as de Orkomandos sigilosos en batallas infinitas por la supremac\u00eda. En cada choque, el destino de ej\u00e9rcitos y hasta mundos depende de sus acciones.<\/p>\n<p>Este suplemento de Kill Team de tapa blanda, que se encontraba originalmente en el set de caja de Kill Team: Octarius, ahora est\u00e1 disponible por separado. En estas 96 p\u00e1ginas encontrar\u00e1s las reglas completas y el trasfondo para comandos de Guardias Veteranos y Orkomandos, hojas de datos (incluyendo copias en blanco rellenables), listas de equipo, reglas de Operaciones Especiales incluyendo equipo raro y el Pack de misiones Guerra de Octarius, que incluye nueve misiones para que uses en tus partidas de Kill Team.<\/p>\n<p>Necesitar\u00e1s una copia de las Reglas B\u00e1sicas de Kill Team para dar uso completo a este suplemento.<\/p>\n","protected":false},"excerpt":{"rendered":"<p>Games Workshop boardgame.<\/p>\n","protected":false},"featured_media":62333,"template":"","meta":{"_acf_changed":false},"product_brand":[],"product_cat":[1177,1427,1180,1372,1623,1229],"product_tag":[1422,1264,1179,1979,785,787],"class_list":{"0":"post-62320","1":"product","2":"type-product","3":"status-publish","4":"has-post-thumbnail","6":"product_cat-games-workshop-es","7":"product_cat-kill-team-es","8":"product_cat-retail-products-es","9":"product_cat-sci-fi-es","10":"product_cat-wargames-es-2","11":"product_cat-warhammer-40k-es","12":"product_tag-40000-es","13":"product_tag-boardgame-es","14":"product_tag-gamesworkshop-es","15":"product_tag-kill-team-es","16":"product_tag-wargame-es-2","17":"product_tag-warhammer-40k-es-2","19":"first","20":"outofstock","21":"sale","22":"taxable","23":"shipping-taxable","24":"purchasable","25":"product-type-simple"},"exclude_global_add_ons":[],"addons":[],"acf":[],"_links":{"self":[{"href":"https:\/\/www.customeeple.com\/es\/wp-json\/wp\/v2\/product\/62320","targetHints":{"allow":["GET"]}}],"collection":[{"href":"https:\/\/www.customeeple.com\/es\/wp-json\/wp\/v2\/product"}],"about":[{"href":"https:\/\/www.customeeple.com\/es\/wp-json\/wp\/v2\/types\/product"}],"wp:featuredmedia":[{"embeddable":true,"href":"https:\/\/www.customeeple.com\/es\/wp-json\/wp\/v2\/media\/62333"}],"wp:attachment":[{"href":"https:\/\/www.customeeple.com\/es\/wp-json\/wp\/v2\/media?parent=62320"}],"wp:term":[{"taxonomy":"product_brand","embeddable":true,"href":"https:\/\/www.customeeple.com\/es\/wp-json\/wp\/v2\/product_brand?post=62320"},{"taxonomy":"product_cat","embeddable":true,"href":"https:\/\/www.customeeple.com\/es\/wp-json\/wp\/v2\/product_cat?post=62320"},{"taxonomy":"product_tag","embeddable":true,"href":"https:\/\/www.customeeple.com\/es\/wp-json\/wp\/v2\/product_tag?post=62320"}],"curies":[{"name":"wp","href":"https:\/\/api.w.org\/{rel}","templated":true}]}}