{"id":62286,"date":"2022-03-09T21:12:24","date_gmt":"2022-03-09T20:12:24","guid":{"rendered":"https:\/\/www.customeeple.com\/product\/suspects\/"},"modified":"2022-03-09T21:12:24","modified_gmt":"2022-03-09T20:12:24","slug":"suspects","status":"publish","type":"product","link":"https:\/\/www.customeeple.com\/es\/producto\/suspects\/","title":{"rendered":"Suspects (ESP)"},"content":{"rendered":"<p>En Suspects los jugadores se pondr\u00e1n en la piel de Claire Harper, una joven detective que tendr\u00e1 que solucionar complejos misterios en los a\u00f1os 30. La caja contiene 3 diferentes casos, y en cada uno de ellos se les presenta a los jugadores una historia con varios interrogantes a resolver. Los jugadores podr\u00e1n reunir pistas inspeccionando localizaciones e interrogando a variopintos personajes, que est\u00e1n representados en las cartas de Caso. Los jugadores usar\u00e1n esta informaci\u00f3n para hablar entre ellos y hacer deducciones y llegar a conclusiones. Sin embargo&#8230;cuantas m\u00e1s cartas lean, mayor informaci\u00f3n tendr\u00e1n, \u00a1pero menor puntuaci\u00f3n conseguir\u00e1n al final de la partida!<\/p>\n<ul>\n<li>60-90 minutos por caso (3 casos disponibles)<\/li>\n<\/ul>\n<ul>\n<li>de 1 a 6 jugadores<\/li>\n<\/ul>\n<ul>\n<li>a partir de 10 a\u00f1os de edad<\/li>\n<\/ul>\n","protected":false},"excerpt":{"rendered":"<p>En Suspects los jugadores se pondr\u00e1n en la piel de Claire Harper, una joven detective que tendr\u00e1 que solucionar complejos misterios en los a\u00f1os 30. La caja contiene 3 diferentes casos, y en cada uno de ellos se les presenta a los jugadores una historia con varios interrogantes a resolver. Los jugadores podr\u00e1n reunir pistas [&hellip;]<\/p>\n","protected":false},"featured_media":62281,"template":"","meta":{"_acf_changed":false},"product_brand":[],"product_cat":[2003,1557,1653,1180],"product_tag":[],"class_list":{"0":"post-62286","1":"product","2":"type-product","3":"status-publish","4":"has-post-thumbnail","6":"product_cat-cooperative-es","7":"product_cat-card-game-es","8":"product_cat-boardgames","9":"product_cat-retail-products-es","11":"first","12":"instock","13":"sale","14":"taxable","15":"shipping-taxable","16":"purchasable","17":"product-type-simple"},"exclude_global_add_ons":[],"addons":[],"acf":[],"_links":{"self":[{"href":"https:\/\/www.customeeple.com\/es\/wp-json\/wp\/v2\/product\/62286","targetHints":{"allow":["GET"]}}],"collection":[{"href":"https:\/\/www.customeeple.com\/es\/wp-json\/wp\/v2\/product"}],"about":[{"href":"https:\/\/www.customeeple.com\/es\/wp-json\/wp\/v2\/types\/product"}],"wp:featuredmedia":[{"embeddable":true,"href":"https:\/\/www.customeeple.com\/es\/wp-json\/wp\/v2\/media\/62281"}],"wp:attachment":[{"href":"https:\/\/www.customeeple.com\/es\/wp-json\/wp\/v2\/media?parent=62286"}],"wp:term":[{"taxonomy":"product_brand","embeddable":true,"href":"https:\/\/www.customeeple.com\/es\/wp-json\/wp\/v2\/product_brand?post=62286"},{"taxonomy":"product_cat","embeddable":true,"href":"https:\/\/www.customeeple.com\/es\/wp-json\/wp\/v2\/product_cat?post=62286"},{"taxonomy":"product_tag","embeddable":true,"href":"https:\/\/www.customeeple.com\/es\/wp-json\/wp\/v2\/product_tag?post=62286"}],"curies":[{"name":"wp","href":"https:\/\/api.w.org\/{rel}","templated":true}]}}