{"id":62285,"date":"2022-03-10T12:34:34","date_gmt":"2022-03-10T11:34:34","guid":{"rendered":"https:\/\/www.customeeple.com\/product\/bang\/"},"modified":"2022-03-10T12:34:34","modified_gmt":"2022-03-10T11:34:34","slug":"bang","status":"publish","type":"product","link":"https:\/\/www.customeeple.com\/es\/producto\/bang\/","title":{"rendered":"Bang! (ESP)"},"content":{"rendered":"<div class=\"column\">\n<div class=\"tab-control components-tab ui-tabs ui-corner-all ui-widget ui-widget-content\">\n<div id=\"description\" class=\"ui-tabs-panel ui-corner-bottom ui-widget-content\" role=\"tabpanel\" aria-labelledby=\"ui-id-2\" aria-hidden=\"false\">\n<div class=\"description fr-view\">Una calle polvorienta. Una zarza rueda de un lado a otro. Dos hombres de pie, frente a frente. Uno de ellos va armado con una pistola. El otro le apunta con su Winchester.<\/p>\n<p>Todos miran con ansiedad al pistolero pensando que ya est\u00e1 muerto, que no tiene nada que hacer ante el rifle&#8230; \u00a1pero lo que no saben es que su pistola es una Volcanic!<\/p>\n<p>En el Salvaje Oeste, los Forajidos dan caza al Sheriff, el Sheriff da caza a los Forajidos, y el Renegado urde su plan en secreto, listo para unirse a cualquiera de los bandos. Dentro de poco, \u00a1las balas comenzar\u00e1n a zumbar!<\/p>\n<p>\u00bfQui\u00e9nes ser\u00e1n los Alguaciles, dispuestos a dar su vida por el Sheriff? \u00bfQui\u00e9nes ser\u00e1n los implacables Forajidos, que intentan acabar con \u00e9l? El juego de cartas m\u00e1s famoso del Salvaje Oeste vuelve, en un formato mejorado, con nuevos componentes, \u00a1m\u00e1s f\u00e1cil de aprender y jugar que nunca!<\/p>\n<p>\u00a1Disfruta del juego que ha sido aclamado por m\u00e1s de medio mill\u00f3n de pistoleros de todo el mundo!<\/p>\n<p><strong>CONTENIDO<\/strong><br \/>103 Cartas de juego, 7 Cartas de resumen, 7 Tableros, 30 Fichas de bala, 1 Libro de reglas.<\/p>\n<\/div>\n<\/div>\n<\/div>\n<\/div>\n","protected":false},"excerpt":{"rendered":"<p>Una calle polvorienta. Una zarza rueda de un lado a otro. Dos hombres de pie, frente a frente. Uno de ellos va armado con una pistola. El otro le apunta con su Winchester. Todos miran con ansiedad al pistolero pensando que ya est\u00e1 muerto, que no tiene nada que hacer ante el rifle&#8230; \u00a1pero lo [&hellip;]<\/p>\n","protected":false},"featured_media":62275,"template":"","meta":{"_acf_changed":false},"product_brand":[],"product_cat":[2004,1557,1653,1180],"product_tag":[],"class_list":{"0":"post-62285","1":"product","2":"type-product","3":"status-publish","4":"has-post-thumbnail","6":"product_cat-party-game-es","7":"product_cat-card-game-es","8":"product_cat-boardgames","9":"product_cat-retail-products-es","11":"first","12":"instock","13":"sale","14":"taxable","15":"shipping-taxable","16":"purchasable","17":"product-type-simple"},"exclude_global_add_ons":[],"addons":[],"acf":[],"_links":{"self":[{"href":"https:\/\/www.customeeple.com\/es\/wp-json\/wp\/v2\/product\/62285","targetHints":{"allow":["GET"]}}],"collection":[{"href":"https:\/\/www.customeeple.com\/es\/wp-json\/wp\/v2\/product"}],"about":[{"href":"https:\/\/www.customeeple.com\/es\/wp-json\/wp\/v2\/types\/product"}],"wp:featuredmedia":[{"embeddable":true,"href":"https:\/\/www.customeeple.com\/es\/wp-json\/wp\/v2\/media\/62275"}],"wp:attachment":[{"href":"https:\/\/www.customeeple.com\/es\/wp-json\/wp\/v2\/media?parent=62285"}],"wp:term":[{"taxonomy":"product_brand","embeddable":true,"href":"https:\/\/www.customeeple.com\/es\/wp-json\/wp\/v2\/product_brand?post=62285"},{"taxonomy":"product_cat","embeddable":true,"href":"https:\/\/www.customeeple.com\/es\/wp-json\/wp\/v2\/product_cat?post=62285"},{"taxonomy":"product_tag","embeddable":true,"href":"https:\/\/www.customeeple.com\/es\/wp-json\/wp\/v2\/product_tag?post=62285"}],"curies":[{"name":"wp","href":"https:\/\/api.w.org\/{rel}","templated":true}]}}