{"id":62259,"date":"2022-03-09T15:37:15","date_gmt":"2022-03-09T14:37:15","guid":{"rendered":"https:\/\/www.customeeple.com\/product\/war-chest-asedio\/"},"modified":"2022-03-09T15:37:15","modified_gmt":"2022-03-09T14:37:15","slug":"war-chest-asedio","status":"publish","type":"product","link":"https:\/\/www.customeeple.com\/es\/producto\/war-chest-asedio\/","title":{"rendered":"War chest: Asedio"},"content":{"rendered":"<p>No todas las batallas se libran en campo abierto.<\/p>\n<p>En muchos casos, los defensores se esconden tras las grandes murallas de sus poderosos castillos.<\/p>\n<p>\u00a1Es hora de que te prepares para el asedio!<\/p>\n<p>A medida que los castillos que se constru\u00edan en la Edad Media eran m\u00e1s grandes y fuertes, se desarrollaron nuevas maneras de escalar, derribar e incluso socavar las murallas.<\/p>\n<p>En War Chest: Asedio te enfrentar\u00e1s a localizaciones fortificadas. Pero, \u00a1no temas! Cuentas con torres de asedio, catapultas y fuertes zapadores para construir tus propias fortificaciones y acabar con las de tus oponentes. \u00bfPodr\u00e1s volver victorioso del campo de batalla con tus m\u00e1quinas de guerra en este ingenioso y cautivador juego de t\u00e1ctica y estrategia?<\/p>\n<p>Necesitas el juego base para poder usar el contenido de esta expansi\u00f3n.<\/p>\n","protected":false},"excerpt":{"rendered":"<p>No todas las batallas se libran en campo abierto. En muchos casos, los defensores se esconden tras las grandes murallas de sus poderosos castillos. \u00a1Es hora de que te prepares para el asedio! A medida que los castillos que se constru\u00edan en la Edad Media eran m\u00e1s grandes y fuertes, se desarrollaron nuevas maneras de [&hellip;]<\/p>\n","protected":false},"featured_media":62256,"template":"","meta":{"_acf_changed":false},"product_brand":[],"product_cat":[1653,1180,1554],"product_tag":[],"class_list":{"0":"post-62259","1":"product","2":"type-product","3":"status-publish","4":"has-post-thumbnail","6":"product_cat-boardgames","7":"product_cat-retail-products-es","8":"product_cat-wargames-es","10":"first","11":"onbackorder","12":"sale","13":"taxable","14":"shipping-taxable","15":"purchasable","16":"product-type-simple"},"exclude_global_add_ons":[],"addons":[],"acf":[],"_links":{"self":[{"href":"https:\/\/www.customeeple.com\/es\/wp-json\/wp\/v2\/product\/62259","targetHints":{"allow":["GET"]}}],"collection":[{"href":"https:\/\/www.customeeple.com\/es\/wp-json\/wp\/v2\/product"}],"about":[{"href":"https:\/\/www.customeeple.com\/es\/wp-json\/wp\/v2\/types\/product"}],"wp:featuredmedia":[{"embeddable":true,"href":"https:\/\/www.customeeple.com\/es\/wp-json\/wp\/v2\/media\/62256"}],"wp:attachment":[{"href":"https:\/\/www.customeeple.com\/es\/wp-json\/wp\/v2\/media?parent=62259"}],"wp:term":[{"taxonomy":"product_brand","embeddable":true,"href":"https:\/\/www.customeeple.com\/es\/wp-json\/wp\/v2\/product_brand?post=62259"},{"taxonomy":"product_cat","embeddable":true,"href":"https:\/\/www.customeeple.com\/es\/wp-json\/wp\/v2\/product_cat?post=62259"},{"taxonomy":"product_tag","embeddable":true,"href":"https:\/\/www.customeeple.com\/es\/wp-json\/wp\/v2\/product_tag?post=62259"}],"curies":[{"name":"wp","href":"https:\/\/api.w.org\/{rel}","templated":true}]}}