{"id":62250,"date":"2022-03-09T15:37:04","date_gmt":"2022-03-09T14:37:04","guid":{"rendered":"https:\/\/www.customeeple.com\/product\/war-chest-nobleza\/"},"modified":"2022-03-09T15:37:04","modified_gmt":"2022-03-09T14:37:04","slug":"war-chest-nobleza","status":"publish","type":"product","link":"https:\/\/www.customeeple.com\/es\/producto\/war-chest-nobleza\/","title":{"rendered":"War chest: Nobleza"},"content":{"rendered":"<p>Las contiendas medievales destacaron por la caballer\u00eda y, \u00a1ya es hora de que demuestres tu val\u00eda con Nobleza!<\/p>\n<p>Los nobles e ilustres del reino recibieron muchos feudos, desde los banderizos que proteg\u00edan a reyes y reinas, a condes y heraldos que promulgaban la voluntad de su se\u00f1or por todo el territorio. Los obispados pose\u00edan una gran influencia adem\u00e1s de muchas tierras, por lo que su posici\u00f3n fue muy deseada por los nobles.<\/p>\n<p>\u00bfSer\u00e1s capaz de incorporar estas cuatro influyentes figuras a tu ej\u00e9rcito para triunfar de nuevo en este magistral juego de batallas estrat\u00e9gicas?<\/p>\n<p>Necesitas el juego base para poder usar el contenido de esta expansi\u00f3n.<\/p>\n","protected":false},"excerpt":{"rendered":"<p>Las contiendas medievales destacaron por la caballer\u00eda y, \u00a1ya es hora de que demuestres tu val\u00eda con Nobleza! Los nobles e ilustres del reino recibieron muchos feudos, desde los banderizos que proteg\u00edan a reyes y reinas, a condes y heraldos que promulgaban la voluntad de su se\u00f1or por todo el territorio. Los obispados pose\u00edan una [&hellip;]<\/p>\n","protected":false},"featured_media":62249,"template":"","meta":{"_acf_changed":false},"product_brand":[],"product_cat":[1653,1180,1554],"product_tag":[],"class_list":{"0":"post-62250","1":"product","2":"type-product","3":"status-publish","4":"has-post-thumbnail","6":"product_cat-boardgames","7":"product_cat-retail-products-es","8":"product_cat-wargames-es","10":"first","11":"onbackorder","12":"sale","13":"taxable","14":"shipping-taxable","15":"purchasable","16":"product-type-simple"},"exclude_global_add_ons":[],"addons":[],"acf":[],"_links":{"self":[{"href":"https:\/\/www.customeeple.com\/es\/wp-json\/wp\/v2\/product\/62250","targetHints":{"allow":["GET"]}}],"collection":[{"href":"https:\/\/www.customeeple.com\/es\/wp-json\/wp\/v2\/product"}],"about":[{"href":"https:\/\/www.customeeple.com\/es\/wp-json\/wp\/v2\/types\/product"}],"wp:featuredmedia":[{"embeddable":true,"href":"https:\/\/www.customeeple.com\/es\/wp-json\/wp\/v2\/media\/62249"}],"wp:attachment":[{"href":"https:\/\/www.customeeple.com\/es\/wp-json\/wp\/v2\/media?parent=62250"}],"wp:term":[{"taxonomy":"product_brand","embeddable":true,"href":"https:\/\/www.customeeple.com\/es\/wp-json\/wp\/v2\/product_brand?post=62250"},{"taxonomy":"product_cat","embeddable":true,"href":"https:\/\/www.customeeple.com\/es\/wp-json\/wp\/v2\/product_cat?post=62250"},{"taxonomy":"product_tag","embeddable":true,"href":"https:\/\/www.customeeple.com\/es\/wp-json\/wp\/v2\/product_tag?post=62250"}],"curies":[{"name":"wp","href":"https:\/\/api.w.org\/{rel}","templated":true}]}}