{"id":62232,"date":"2022-03-09T15:36:47","date_gmt":"2022-03-09T14:36:47","guid":{"rendered":"https:\/\/www.customeeple.com\/product\/delaque-weapons-and-upgrade\/"},"modified":"2022-03-19T00:00:19","modified_gmt":"2022-03-18T23:00:19","slug":"delaque-weapons-and-upgrade","status":"publish","type":"product","link":"https:\/\/www.customeeple.com\/es\/producto\/delaque-weapons-and-upgrade\/","title":{"rendered":"Armas y mejoras Delaque"},"content":{"rendered":"<p>Mientras que otras Casas de Clanes proclaman su fuerza y su dominancia a todo el que tiene o\u00eddos, los moradores de subcolmena de Delaque esperan y observan en silencio, y dejan que los dem\u00e1s se pregunten qu\u00e9 oscuros pensamientos alberga la Casa de los Secretos.<\/p>\n<p>Mejora tus guerreros Delaque con una selecci\u00f3n de armamento devastador que te permite crear una banda realmente \u00fanica y formidable. Tambi\u00e9n se incluyen en este set cabezas y armas alternativas, que te permiten personalizar a\u00fan m\u00e1s tu banda.<\/p>\n<p><strong>Este kit de pl\u00e1stico de 86 piezas incluye:<\/strong><br \/>\n&#8211; 2x Flamer<br \/>\n&#8211; 4x Lasguns<br \/>\n&#8211; 2x Long Rifle<br \/>\n&#8211; 2x Web Pistol<br \/>\n&#8211; 2x Plasma Pistol<br \/>\n&#8211; 2x Plasma Gun<br \/>\n&#8211; 2x Web Gun<br \/>\n&#8211; 2x Meltagun<br \/>\n&#8211; 2x Throwing Knives<br \/>\n&#8211; 2x Heavy Flamer<br \/>\n&#8211; 2x Grav Gun<br \/>\n&#8211; 10x Cabezas alternativas<br \/>\n&#8211; 4x Mirillas<\/p>\n<p>Estas piezas son compatibles con el kit Delaque Gang. Estas miniaturas se suministran sin pintar y requieren montaje; recomendamos el uso de pegamento pl\u00e1stico Citadel y pinturas Citadel.<\/p>\n<p>Por favor, recordad que la miniatura de la Casa Delaque que aparece en algunas im\u00e1genes de esta p\u00e1gina se muestra solo para fines ilustrativos y no est\u00e1 incluida en este producto.<\/p>\n","protected":false},"excerpt":{"rendered":"<p>Mientras que otras Casas de Clanes proclaman su fuerza y su dominancia a todo el que tiene o\u00eddos, los moradores de subcolmena de Delaque esperan y observan en silencio, y dejan que los dem\u00e1s se pregunten qu\u00e9 oscuros pensamientos alberga la Casa de los Secretos. Mejora tus guerreros Delaque con una selecci\u00f3n de armamento devastador [&hellip;]<\/p>\n","protected":false},"featured_media":62227,"template":"","meta":{"_acf_changed":false},"product_brand":[],"product_cat":[1177,1583,1180,1623],"product_tag":[],"class_list":{"0":"post-62232","1":"product","2":"type-product","3":"status-publish","4":"has-post-thumbnail","6":"product_cat-games-workshop-es","7":"product_cat-necromunda-es","8":"product_cat-retail-products-es","9":"product_cat-wargames-es-2","11":"first","12":"onbackorder","13":"taxable","14":"shipping-taxable","15":"purchasable","16":"product-type-simple"},"exclude_global_add_ons":[],"addons":[],"acf":[],"_links":{"self":[{"href":"https:\/\/www.customeeple.com\/es\/wp-json\/wp\/v2\/product\/62232","targetHints":{"allow":["GET"]}}],"collection":[{"href":"https:\/\/www.customeeple.com\/es\/wp-json\/wp\/v2\/product"}],"about":[{"href":"https:\/\/www.customeeple.com\/es\/wp-json\/wp\/v2\/types\/product"}],"wp:featuredmedia":[{"embeddable":true,"href":"https:\/\/www.customeeple.com\/es\/wp-json\/wp\/v2\/media\/62227"}],"wp:attachment":[{"href":"https:\/\/www.customeeple.com\/es\/wp-json\/wp\/v2\/media?parent=62232"}],"wp:term":[{"taxonomy":"product_brand","embeddable":true,"href":"https:\/\/www.customeeple.com\/es\/wp-json\/wp\/v2\/product_brand?post=62232"},{"taxonomy":"product_cat","embeddable":true,"href":"https:\/\/www.customeeple.com\/es\/wp-json\/wp\/v2\/product_cat?post=62232"},{"taxonomy":"product_tag","embeddable":true,"href":"https:\/\/www.customeeple.com\/es\/wp-json\/wp\/v2\/product_tag?post=62232"}],"curies":[{"name":"wp","href":"https:\/\/api.w.org\/{rel}","templated":true}]}}