{"id":62231,"date":"2022-03-09T15:35:10","date_gmt":"2022-03-09T14:35:10","guid":{"rendered":"https:\/\/www.customeeple.com\/product\/bucaneros-de-blackpowder\/"},"modified":"2022-03-19T00:00:19","modified_gmt":"2022-03-18T23:00:19","slug":"bucaneros-de-blackpowder","status":"publish","type":"product","link":"https:\/\/www.customeeple.com\/es\/producto\/bucaneros-de-blackpowder\/","title":{"rendered":"Warhammer Underworlds: Harrowdeep \u2013 Bucaneros de Polvoranegra"},"content":{"rendered":"<p>El Ogor Comehombres Gorlok Polvoranegra y su variopinta tripulaci\u00f3n acabaron en Harrowdeep despu\u00e9s de que un remolino los succionara desde el Mar Penumbral. Pronto se dieron cuenta de que el antiguo laberinto ofrec\u00eda la oportunidad de apoderarse de una gran cantidad de tesoros. Mientras el Comehombres buscaba adversarios dignos de a\u00f1adir a su cuenta de fanfarroner\u00eda, su tripulaci\u00f3n procedi\u00f3 a saquear todo lo que pod\u00edan agarrar con sus manos, garras o picos.<\/p>\n<p>Los Bucaneros de Polvoranegra son tan agresivos como cabr\u00eda esperar de una banda dirigida por un ogor. Mientras Polvoranegra lanza golpes devastadores contra sus enemigos, sus seguidores tratan de obstaculizar al enemigo mientras aseguran el tesoro que desean. Esta caja tambi\u00e9n incluye cartas universales que cualquier banda puede usar en Warhammer Underworlds.<\/p>\n<p><strong>Esta caja contiene:<\/strong><\/p>\n<p>&#8211; 5x miniaturas de Bucaneros Polvoranegra de encaje a presi\u00f3n, cuyo montaje no requiere pegamento<br \/>\n&#8211; 5 cartas de luchador, una para cada guerrero de la banda: Gorlok Polvoranegra, Kagey, Peggz, Shreek y Mange<br \/>\n&#8211; Otras 65 cartas para mejorar a tus luchadores y ofrecer nuevas t\u00e1cticas y desaf\u00edos para tus partidas de Warhammer Underworlds: Harrowdeep, que incluyen:<br \/>\n&#8211; 12 cartas de objetivo de los Bucaneros de Polvoranegra<br \/>\n&#8211; 10 cartas de mejora de de los Bucaneros de Polvoranegra<br \/>\n&#8211; 10 cartas de estratagema de de los Bucaneros de Polvoranegra<br \/>\n&#8211; 6 cartas de objetivos universales, utilizables por cualquier banda<br \/>\n&#8211; 7 tarjetas de actualizaci\u00f3n universales, utilizables por cualquier banda<br \/>\n&#8211; 7 cartas de gambito universales, utilizables por cualquier banda<br \/>\n&#8211; 12 cartas de Gran Alianza, utilizables por cualquier banda que pertenezca a la Gran Alianza<br \/>\n&#8211; 1x Trasfondo de la Banda de Bucaneros de Polvoranegra \/ Mazo de cartas de Rivales<\/p>\n<p>Las miniaturas de esta caja se suministran sin pintar y requieren montaje. Recomendamos utilizar pegamento para pl\u00e1stico Citadel y pinturas Citadel.<\/p>\n","protected":false},"excerpt":{"rendered":"<p>El Ogor Comehombres Gorlok Polvoranegra y su variopinta tripulaci\u00f3n acabaron en Harrowdeep despu\u00e9s de que un remolino los succionara desde el Mar Penumbral. Pronto se dieron cuenta de que el antiguo laberinto ofrec\u00eda la oportunidad de apoderarse de una gran cantidad de tesoros. Mientras el Comehombres buscaba adversarios dignos de a\u00f1adir a su cuenta de [&hellip;]<\/p>\n","protected":false},"featured_media":62225,"template":"","meta":{"_acf_changed":false},"product_brand":[],"product_cat":[1177,1180,1623,1426],"product_tag":[],"class_list":{"0":"post-62231","1":"product","2":"type-product","3":"status-publish","4":"has-post-thumbnail","6":"product_cat-games-workshop-es","7":"product_cat-retail-products-es","8":"product_cat-wargames-es-2","9":"product_cat-whu-spire-es","11":"first","12":"onbackorder","13":"sale","14":"taxable","15":"shipping-taxable","16":"purchasable","17":"product-type-simple"},"exclude_global_add_ons":[],"addons":[],"acf":[],"_links":{"self":[{"href":"https:\/\/www.customeeple.com\/es\/wp-json\/wp\/v2\/product\/62231","targetHints":{"allow":["GET"]}}],"collection":[{"href":"https:\/\/www.customeeple.com\/es\/wp-json\/wp\/v2\/product"}],"about":[{"href":"https:\/\/www.customeeple.com\/es\/wp-json\/wp\/v2\/types\/product"}],"wp:featuredmedia":[{"embeddable":true,"href":"https:\/\/www.customeeple.com\/es\/wp-json\/wp\/v2\/media\/62225"}],"wp:attachment":[{"href":"https:\/\/www.customeeple.com\/es\/wp-json\/wp\/v2\/media?parent=62231"}],"wp:term":[{"taxonomy":"product_brand","embeddable":true,"href":"https:\/\/www.customeeple.com\/es\/wp-json\/wp\/v2\/product_brand?post=62231"},{"taxonomy":"product_cat","embeddable":true,"href":"https:\/\/www.customeeple.com\/es\/wp-json\/wp\/v2\/product_cat?post=62231"},{"taxonomy":"product_tag","embeddable":true,"href":"https:\/\/www.customeeple.com\/es\/wp-json\/wp\/v2\/product_tag?post=62231"}],"curies":[{"name":"wp","href":"https:\/\/api.w.org\/{rel}","templated":true}]}}