{"id":62223,"date":"2022-03-09T15:19:10","date_gmt":"2022-03-09T14:19:10","guid":{"rendered":"https:\/\/www.customeeple.com\/product\/chaos-space-marines-bikers\/"},"modified":"2023-11-21T00:00:18","modified_gmt":"2023-11-20T23:00:18","slug":"chaos-space-marines-bikers","status":"publish","type":"product","link":"https:\/\/www.customeeple.com\/es\/producto\/chaos-space-marines-bikers\/","title":{"rendered":"Chaos Space Marines Bikers"},"content":{"rendered":"<p>El rugido del motor de un Chaos Biker enardece el alma condenada de su conductor para que alcance mayores cotas de temeridad. Dejan a su paso azufre y muerte, pues son los precursores de las legiones oscuras.<br \/>\nLos Chaos Bikers son exploradores, incursores y asaltantes que te permiten atacar all\u00ed donde m\u00e1s vulnerable sea tu oponente. Incre\u00edblemente r\u00e1pidos, bien armados y dif\u00edciles de matar, son una espina de gran movilidad que se clava en el costado de cualquier enemigo.<\/p>\n<p>Este kit sirve para montar tres Chaos Bikers. Cada uno puede personalizarse con una selecci\u00f3n de cabezas, brazos, cuerpos y mochilas, garantizando que podr\u00e1s hacer que cada Chaos Biker tenga un aspecto distinto.<\/p>\n<p>Este kit incluye 3 peanas ovaladas de 75 mm.<\/p>\n","protected":false},"excerpt":{"rendered":"<p>El rugido del motor de un Chaos Biker enardece el alma condenada de su conductor para que alcance mayores cotas de temeridad. Dejan a su paso azufre y muerte, pues son los precursores de las legiones oscuras. Los Chaos Bikers son exploradores, incursores y asaltantes que te permiten atacar all\u00ed donde m\u00e1s vulnerable sea tu [&hellip;]<\/p>\n","protected":false},"featured_media":62216,"template":"","meta":{"_acf_changed":false},"product_brand":[],"product_cat":[1177,1180,1623,1229],"product_tag":[],"class_list":{"0":"post-62223","1":"product","2":"type-product","3":"status-publish","4":"has-post-thumbnail","6":"product_cat-games-workshop-es","7":"product_cat-retail-products-es","8":"product_cat-wargames-es-2","9":"product_cat-warhammer-40k-es","11":"first","12":"onbackorder","13":"sale","14":"taxable","15":"shipping-taxable","16":"purchasable","17":"product-type-simple"},"exclude_global_add_ons":[],"addons":[],"acf":[],"_links":{"self":[{"href":"https:\/\/www.customeeple.com\/es\/wp-json\/wp\/v2\/product\/62223","targetHints":{"allow":["GET"]}}],"collection":[{"href":"https:\/\/www.customeeple.com\/es\/wp-json\/wp\/v2\/product"}],"about":[{"href":"https:\/\/www.customeeple.com\/es\/wp-json\/wp\/v2\/types\/product"}],"wp:featuredmedia":[{"embeddable":true,"href":"https:\/\/www.customeeple.com\/es\/wp-json\/wp\/v2\/media\/62216"}],"wp:attachment":[{"href":"https:\/\/www.customeeple.com\/es\/wp-json\/wp\/v2\/media?parent=62223"}],"wp:term":[{"taxonomy":"product_brand","embeddable":true,"href":"https:\/\/www.customeeple.com\/es\/wp-json\/wp\/v2\/product_brand?post=62223"},{"taxonomy":"product_cat","embeddable":true,"href":"https:\/\/www.customeeple.com\/es\/wp-json\/wp\/v2\/product_cat?post=62223"},{"taxonomy":"product_tag","embeddable":true,"href":"https:\/\/www.customeeple.com\/es\/wp-json\/wp\/v2\/product_tag?post=62223"}],"curies":[{"name":"wp","href":"https:\/\/api.w.org\/{rel}","templated":true}]}}