{"id":62203,"date":"2022-03-09T14:27:32","date_gmt":"2022-03-09T13:27:32","guid":{"rendered":"https:\/\/www.customeeple.com\/product\/space-marines-primaris-eliminators-2\/"},"modified":"2022-03-10T10:52:41","modified_gmt":"2022-03-10T09:52:41","slug":"space-marines-primaris-eliminators-2","status":"publish","type":"product","link":"https:\/\/www.customeeple.com\/es\/producto\/space-marines-primaris-eliminators-2\/","title":{"rendered":"Space Marines: Primaris Eliminators"},"content":{"rendered":"<p>Tiradores dedicados, los Eliminators persiguen las sombras del campo de batalla, buscan objetivos de oportunidad y los derriban con descargas de fuego. Luego, estos asesinos silenciosos se escapan buscando su pr\u00f3xima presa.<\/p>\n<p>Cada miniatura de esta escuadra puede estar armada con un fusil l\u00e1ser, que es perfecto para eliminar a los objetivos m\u00e1s duros, o con un rifle b\u00f3lter de francotirador, que ofrece una opci\u00f3n de munici\u00f3n para adaptarse a cualquier situaci\u00f3n. El Sergeant tambi\u00e9n puede estar armado con una carabina b\u00f3lter instigador. Las tres miniaturas se pueden montar con o sin cascos y la caja viene con una serie de piezas opcionales que te permiten individualizar la unidad.<\/p>\n<p>Esta caja tiene 60 piezas de pl\u00e1stico con las que puedes tres Eliminators. Cada miniatura se suministra con una peana Citadel de 40 mm. Tambi\u00e9n incluye una hoja de calcoman\u00edas de infanter\u00eda Primaris Space Marines.<\/p>\n","protected":false},"excerpt":{"rendered":"<p>Tiradores dedicados, los Eliminators persiguen las sombras del campo de batalla, buscan objetivos de oportunidad y los derriban con descargas de fuego. Luego, estos asesinos silenciosos se escapan buscando su pr\u00f3xima presa. Cada miniatura de esta escuadra puede estar armada con un fusil l\u00e1ser, que es perfecto para eliminar a los objetivos m\u00e1s duros, o [&hellip;]<\/p>\n","protected":false},"featured_media":62191,"template":"","meta":{"_acf_changed":false},"product_brand":[],"product_cat":[1177,1180,1623,1229],"product_tag":[],"class_list":{"0":"post-62203","1":"product","2":"type-product","3":"status-publish","4":"has-post-thumbnail","6":"product_cat-games-workshop-es","7":"product_cat-retail-products-es","8":"product_cat-wargames-es-2","9":"product_cat-warhammer-40k-es","11":"first","12":"instock","13":"sale","14":"taxable","15":"shipping-taxable","16":"purchasable","17":"product-type-simple"},"exclude_global_add_ons":[],"addons":[],"acf":[],"_links":{"self":[{"href":"https:\/\/www.customeeple.com\/es\/wp-json\/wp\/v2\/product\/62203","targetHints":{"allow":["GET"]}}],"collection":[{"href":"https:\/\/www.customeeple.com\/es\/wp-json\/wp\/v2\/product"}],"about":[{"href":"https:\/\/www.customeeple.com\/es\/wp-json\/wp\/v2\/types\/product"}],"wp:featuredmedia":[{"embeddable":true,"href":"https:\/\/www.customeeple.com\/es\/wp-json\/wp\/v2\/media\/62191"}],"wp:attachment":[{"href":"https:\/\/www.customeeple.com\/es\/wp-json\/wp\/v2\/media?parent=62203"}],"wp:term":[{"taxonomy":"product_brand","embeddable":true,"href":"https:\/\/www.customeeple.com\/es\/wp-json\/wp\/v2\/product_brand?post=62203"},{"taxonomy":"product_cat","embeddable":true,"href":"https:\/\/www.customeeple.com\/es\/wp-json\/wp\/v2\/product_cat?post=62203"},{"taxonomy":"product_tag","embeddable":true,"href":"https:\/\/www.customeeple.com\/es\/wp-json\/wp\/v2\/product_tag?post=62203"}],"curies":[{"name":"wp","href":"https:\/\/api.w.org\/{rel}","templated":true}]}}