{"id":62202,"date":"2022-03-09T14:58:05","date_gmt":"2022-03-09T13:58:05","guid":{"rendered":"https:\/\/www.customeeple.com\/product\/shambling-undead-blood-bowl-team\/"},"modified":"2026-03-26T11:55:05","modified_gmt":"2026-03-26T10:55:05","slug":"shambling-undead-blood-bowl-team","status":"publish","type":"product","link":"https:\/\/www.customeeple.com\/es\/producto\/shambling-undead-blood-bowl-team\/","title":{"rendered":"Equipo de No Muertos Tambaleantes: Champions of Death Blood Bowl"},"content":{"rendered":"<p>Los equipos de Shambling Undead se forman a partir de una combinaci\u00f3n de feroces criaturas no muertas y antiguos jugadores de Blood Bowl que murieron en el terreno de juego y, mediante artes nigrom\u00e1nticas, han recibido la oportunidad de una segunda carrera deportiva. El m\u00e1s famoso de los equipos de Shambling Undead que ha pisado (\u00a1o manchado!) un campo de juego en los \u00faltimos a\u00f1os es el de los formidables Champions of Death.<\/p>\n<p>La caja de equipo Champions of Death contiene 14 jugadores de pl\u00e1stico multicomponente cubiertos en armadura oxidada, y ocho accesorios tem\u00e1ticos de juego:<\/p>\n<p>&#8211; 2 Mummies<br \/>\n&#8211; 2 Wights<br \/>\n&#8211; 2 Ghouls<br \/>\n&#8211; 4 Zombies<br \/>\n&#8211; 4 Skeletons<br \/>\n&#8211; 4 balones de Blood Bowl de Shambling Undead<br \/>\n&#8211; 2 marcadores de turno<br \/>\n&#8211; 2 monedas de anotaci\u00f3n de doble cara<\/p>\n<p>Adem\u00e1s, la caja incluye una hoja de calcoman\u00edas de los Champions of Death, con n\u00fameros de jugadores y el emblema del equipo, y una alineaci\u00f3n de ejemplo para que puedas empezar a jugar inmediatamente.<\/p>\n","protected":false},"excerpt":{"rendered":"<p>Los equipos de Shambling Undead se forman a partir de una combinaci\u00f3n de feroces criaturas no muertas y antiguos jugadores de Blood Bowl que murieron en el terreno de juego y, mediante artes nigrom\u00e1nticas, han recibido la oportunidad de una segunda carrera deportiva. El m\u00e1s famoso de los equipos de Shambling Undead que ha pisado [&hellip;]<\/p>\n","protected":false},"featured_media":62195,"template":"","meta":{"_acf_changed":false},"product_brand":[],"product_cat":[1258,1177,1180],"product_tag":[],"class_list":{"0":"post-62202","1":"product","2":"type-product","3":"status-publish","4":"has-post-thumbnail","6":"product_cat-blood-bowl-es","7":"product_cat-games-workshop-es","8":"product_cat-retail-products-es","10":"first","11":"onbackorder","12":"sale","13":"taxable","14":"shipping-taxable","15":"purchasable","16":"product-type-simple"},"exclude_global_add_ons":[],"addons":[],"acf":[],"_links":{"self":[{"href":"https:\/\/www.customeeple.com\/es\/wp-json\/wp\/v2\/product\/62202","targetHints":{"allow":["GET"]}}],"collection":[{"href":"https:\/\/www.customeeple.com\/es\/wp-json\/wp\/v2\/product"}],"about":[{"href":"https:\/\/www.customeeple.com\/es\/wp-json\/wp\/v2\/types\/product"}],"wp:featuredmedia":[{"embeddable":true,"href":"https:\/\/www.customeeple.com\/es\/wp-json\/wp\/v2\/media\/62195"}],"wp:attachment":[{"href":"https:\/\/www.customeeple.com\/es\/wp-json\/wp\/v2\/media?parent=62202"}],"wp:term":[{"taxonomy":"product_brand","embeddable":true,"href":"https:\/\/www.customeeple.com\/es\/wp-json\/wp\/v2\/product_brand?post=62202"},{"taxonomy":"product_cat","embeddable":true,"href":"https:\/\/www.customeeple.com\/es\/wp-json\/wp\/v2\/product_cat?post=62202"},{"taxonomy":"product_tag","embeddable":true,"href":"https:\/\/www.customeeple.com\/es\/wp-json\/wp\/v2\/product_tag?post=62202"}],"curies":[{"name":"wp","href":"https:\/\/api.w.org\/{rel}","templated":true}]}}