{"id":62201,"date":"2022-03-08T14:54:55","date_gmt":"2022-03-08T13:54:55","guid":{"rendered":"https:\/\/www.customeeple.com\/product\/bb-wood-elf-team-the-athelorn-avengers\/"},"modified":"2022-03-08T14:54:55","modified_gmt":"2022-03-08T13:54:55","slug":"bb-wood-elf-team-the-athelorn-avengers","status":"publish","type":"product","link":"https:\/\/www.customeeple.com\/es\/producto\/bb-wood-elf-team-the-athelorn-avengers\/","title":{"rendered":"Equipo de Elfos Silvanos: Athelorn Avengers Blood Bowl"},"content":{"rendered":"<p>Los Athelorn Avengers ejemplifican todo lo que hace de los Wood Elves uno de los mejores equipos de Blood Bowl: velocidad y agilidad impresionantes, salvajismo inesperado y talento natural. Jugadores estrella como Jordell Freshbreeze y Gloriel Summerbloom se han convertido en nombres familiares para los fan\u00e1ticos de Blood Bowl de todo el mundo. Los equipos de Wood Elf son incre\u00edblemente populares, ya que dan un espect\u00e1culo impresionante en el campo: tienen las mismas probabilidades de (literalmente) bailar en c\u00edrculo alrededor de sus rivales como de ser destrozados (literalmente) de manera espectacular. Juegan mejor que cualquier otro equipo, y se ven asombrosos mientras lo hacen.<\/p>\n<p>Los Wood Elves golpean duro y r\u00e1pido, pero no son famosos por su aguante y resistencia. Son la proverbial daga de cristal, aunque en manos de un entrenador experto pueden conseguir resultados impresionantes. Si te conformas con ganar con un esfuerzo m\u00ednimo, este equipo no es para ti: necesitas habilidad y destreza para ganar partidos, pero cuando tengas \u00e9xito sabr\u00e1s que te lo has ganado. Por su parte, los Wardancers se cuentan entre los jugadores iniciales m\u00e1s impresionantes del juego y, adem\u00e1s, todos tus jugadores Wood Elves empiezan con un Movimiento m\u00ednimo de 7 y tienen acceso a uno de los elencos m\u00e1s salvajes de Jugadores Estrella de todos los tiempos.<\/p>\n<p>Este kit multicomponente de pl\u00e1stico consta de todas las piezas que necesitas para montar a los Athelorn Avengers, un equipo de Wood Elf que puedes usar en tus partidos de Blood Bowl y que incluye 2 Catchers, 2 Throwers, 2 Wardancers y 6 Line Elves, adem\u00e1s de una hoja de equipo. Tambi\u00e9n incluye una hoja de calcoman\u00edas, 2 marcadores de turno con un motivo Wood Elf, 3 balones tem\u00e1ticos y 14 peanas redondas Citadel de 32 mm con agujeros donde puedes colocar el bal\u00f3n.<\/p>\n","protected":false},"excerpt":{"rendered":"<p>Los Athelorn Avengers ejemplifican todo lo que hace de los Wood Elves uno de los mejores equipos de Blood Bowl: velocidad y agilidad impresionantes, salvajismo inesperado y talento natural. Jugadores estrella como Jordell Freshbreeze y Gloriel Summerbloom se han convertido en nombres familiares para los fan\u00e1ticos de Blood Bowl de todo el mundo. Los equipos [&hellip;]<\/p>\n","protected":false},"featured_media":62197,"template":"","meta":{"_acf_changed":false},"product_brand":[],"product_cat":[1258,1177,1180],"product_tag":[],"class_list":{"0":"post-62201","1":"product","2":"type-product","3":"status-publish","4":"has-post-thumbnail","6":"product_cat-blood-bowl-es","7":"product_cat-games-workshop-es","8":"product_cat-retail-products-es","10":"first","11":"onbackorder","12":"sale","13":"taxable","14":"shipping-taxable","15":"purchasable","16":"product-type-simple"},"exclude_global_add_ons":[],"addons":[],"acf":[],"_links":{"self":[{"href":"https:\/\/www.customeeple.com\/es\/wp-json\/wp\/v2\/product\/62201","targetHints":{"allow":["GET"]}}],"collection":[{"href":"https:\/\/www.customeeple.com\/es\/wp-json\/wp\/v2\/product"}],"about":[{"href":"https:\/\/www.customeeple.com\/es\/wp-json\/wp\/v2\/types\/product"}],"wp:featuredmedia":[{"embeddable":true,"href":"https:\/\/www.customeeple.com\/es\/wp-json\/wp\/v2\/media\/62197"}],"wp:attachment":[{"href":"https:\/\/www.customeeple.com\/es\/wp-json\/wp\/v2\/media?parent=62201"}],"wp:term":[{"taxonomy":"product_brand","embeddable":true,"href":"https:\/\/www.customeeple.com\/es\/wp-json\/wp\/v2\/product_brand?post=62201"},{"taxonomy":"product_cat","embeddable":true,"href":"https:\/\/www.customeeple.com\/es\/wp-json\/wp\/v2\/product_cat?post=62201"},{"taxonomy":"product_tag","embeddable":true,"href":"https:\/\/www.customeeple.com\/es\/wp-json\/wp\/v2\/product_tag?post=62201"}],"curies":[{"name":"wp","href":"https:\/\/api.w.org\/{rel}","templated":true}]}}