{"id":62200,"date":"2022-03-08T14:34:09","date_gmt":"2022-03-08T13:34:09","guid":{"rendered":"https:\/\/www.customeeple.com\/product\/the-dwarf-giants-blood-bowl-team-2\/"},"modified":"2022-03-19T00:00:17","modified_gmt":"2022-03-18T23:00:17","slug":"the-dwarf-giants-blood-bowl-team-2","status":"publish","type":"product","link":"https:\/\/www.customeeple.com\/es\/producto\/the-dwarf-giants-blood-bowl-team-2\/","title":{"rendered":"Dwarf Team: The Dwarf Giants Blood Bowl Team"},"content":{"rendered":"<p>Los Dwarf Giants es un equipo antiguo con una larga y distinguida trayectoria. Fueron una de las sectas originales de Blood Bowl, y han estado presentes en todos los acontecimientos principales de la historia del deporte. En tiempos m\u00e1s recientes, han consolidado sus talentos y se han relanzado como uno de los equipos mayores de las ligas modernas de Blood Bowl.<\/p>\n<p>\u00a1Pon sobre el terreno de juego al equipo de Blood Bowl de los Dwarf Giants con este set de 12 miniaturas de pl\u00e1stico! En la caja encontrar\u00e1s 2 Troll Slayers, 2 Blitzers, 2 Runners y 6 Linemen, con cabezas alternativas para el Troll Slayer y el Blitzer, adem\u00e1s de 6 balones Dwarf, 2 monedas de anotaci\u00f3n de doble cara y 2 fichas de turno.<\/p>\n<p>Adem\u00e1s de 12 peanas de 32mm, incluye tambi\u00e9n una hoja de calcoman\u00eda con s\u00edmbolos para los Dwarf Giants y una alineaci\u00f3n de 1.000.000 mo que permite a un entrenador utilizar al equipo sin m\u00e1s.<\/p>\n","protected":false},"excerpt":{"rendered":"<p>Los Dwarf Giants es un equipo antiguo con una larga y distinguida trayectoria. Fueron una de las sectas originales de Blood Bowl, y han estado presentes en todos los acontecimientos principales de la historia del deporte. En tiempos m\u00e1s recientes, han consolidado sus talentos y se han relanzado como uno de los equipos mayores de [&hellip;]<\/p>\n","protected":false},"featured_media":62199,"template":"","meta":{"_acf_changed":false},"product_brand":[],"product_cat":[1258,1177,1180],"product_tag":[],"class_list":{"0":"post-62200","1":"product","2":"type-product","3":"status-publish","4":"has-post-thumbnail","6":"product_cat-blood-bowl-es","7":"product_cat-games-workshop-es","8":"product_cat-retail-products-es","10":"first","11":"onbackorder","12":"sale","13":"taxable","14":"shipping-taxable","15":"purchasable","16":"product-type-simple"},"exclude_global_add_ons":[],"addons":[],"acf":[],"_links":{"self":[{"href":"https:\/\/www.customeeple.com\/es\/wp-json\/wp\/v2\/product\/62200","targetHints":{"allow":["GET"]}}],"collection":[{"href":"https:\/\/www.customeeple.com\/es\/wp-json\/wp\/v2\/product"}],"about":[{"href":"https:\/\/www.customeeple.com\/es\/wp-json\/wp\/v2\/types\/product"}],"wp:featuredmedia":[{"embeddable":true,"href":"https:\/\/www.customeeple.com\/es\/wp-json\/wp\/v2\/media\/62199"}],"wp:attachment":[{"href":"https:\/\/www.customeeple.com\/es\/wp-json\/wp\/v2\/media?parent=62200"}],"wp:term":[{"taxonomy":"product_brand","embeddable":true,"href":"https:\/\/www.customeeple.com\/es\/wp-json\/wp\/v2\/product_brand?post=62200"},{"taxonomy":"product_cat","embeddable":true,"href":"https:\/\/www.customeeple.com\/es\/wp-json\/wp\/v2\/product_cat?post=62200"},{"taxonomy":"product_tag","embeddable":true,"href":"https:\/\/www.customeeple.com\/es\/wp-json\/wp\/v2\/product_tag?post=62200"}],"curies":[{"name":"wp","href":"https:\/\/api.w.org\/{rel}","templated":true}]}}