{"id":62185,"date":"2022-03-08T14:29:55","date_gmt":"2022-03-08T13:29:55","guid":{"rendered":"https:\/\/www.customeeple.com\/product\/rhino-del-caos\/"},"modified":"2025-10-23T09:03:46","modified_gmt":"2025-10-23T08:03:46","slug":"rhino-del-caos","status":"publish","type":"product","link":"https:\/\/www.customeeple.com\/es\/producto\/rhino-del-caos\/","title":{"rendered":"Chaos Rhino"},"content":{"rendered":"<p>Fiable, resiliente y de f\u00e1cil reparaci\u00f3n, el Rhino APC ha sido el transporte principal del Adeptus Astartes desde tiempos immemoriales. Los Rhinos que sirven en los Chaos Space Marines son la sombra grotesca de estos leales transportes de tropas, cubiertos por s\u00edmbolos aterradores, manchas de sangre y salpicados de p\u00faas para empalar e intimidar a los enemigos del Chaos.<\/p>\n<p>Los Chaos Rhinos son valiosos veh\u00edculos de transporte que te permiten llevar a tus unidades al centro de la batalla. Ya est\u00e9s despachando a una horda de Berzerkers o moviendo a tus Havocs al lugar donde m\u00e1s da\u00f1os inflijan, aportar\u00e1n una movilidad muy necesaria a tu ej\u00e9rcito.<\/p>\n<p>Este set consta de todo lo necesario para montar un Chaos Rhino. Tendr\u00e1s opci\u00f3n de equipar el tuyo con un amplio elenco de armas, incluida una combiarma o un combib\u00f3lter. Este kit incluye adem\u00e1s una matriz de mejora repleta de pinchos, barandillas y s\u00edmbolos del Chaos, adem\u00e1s de repuestos para personalizar el resto de tus miniaturas del Chaos.<\/p>\n","protected":false},"excerpt":{"rendered":"<p>Fiable, resiliente y de f\u00e1cil reparaci\u00f3n, el Rhino APC ha sido el transporte principal del Adeptus Astartes desde tiempos immemoriales. Los Rhinos que sirven en los Chaos Space Marines son la sombra grotesca de estos leales transportes de tropas, cubiertos por s\u00edmbolos aterradores, manchas de sangre y salpicados de p\u00faas para empalar e intimidar a [&hellip;]<\/p>\n","protected":false},"featured_media":62184,"template":"","meta":{"_acf_changed":false},"product_brand":[],"product_cat":[1177,1180,1623,1229],"product_tag":[],"class_list":{"0":"post-62185","1":"product","2":"type-product","3":"status-publish","4":"has-post-thumbnail","6":"product_cat-games-workshop-es","7":"product_cat-retail-products-es","8":"product_cat-wargames-es-2","9":"product_cat-warhammer-40k-es","11":"first","12":"onbackorder","13":"taxable","14":"shipping-taxable","15":"purchasable","16":"product-type-simple"},"exclude_global_add_ons":[],"addons":[],"acf":[],"_links":{"self":[{"href":"https:\/\/www.customeeple.com\/es\/wp-json\/wp\/v2\/product\/62185","targetHints":{"allow":["GET"]}}],"collection":[{"href":"https:\/\/www.customeeple.com\/es\/wp-json\/wp\/v2\/product"}],"about":[{"href":"https:\/\/www.customeeple.com\/es\/wp-json\/wp\/v2\/types\/product"}],"wp:featuredmedia":[{"embeddable":true,"href":"https:\/\/www.customeeple.com\/es\/wp-json\/wp\/v2\/media\/62184"}],"wp:attachment":[{"href":"https:\/\/www.customeeple.com\/es\/wp-json\/wp\/v2\/media?parent=62185"}],"wp:term":[{"taxonomy":"product_brand","embeddable":true,"href":"https:\/\/www.customeeple.com\/es\/wp-json\/wp\/v2\/product_brand?post=62185"},{"taxonomy":"product_cat","embeddable":true,"href":"https:\/\/www.customeeple.com\/es\/wp-json\/wp\/v2\/product_cat?post=62185"},{"taxonomy":"product_tag","embeddable":true,"href":"https:\/\/www.customeeple.com\/es\/wp-json\/wp\/v2\/product_tag?post=62185"}],"curies":[{"name":"wp","href":"https:\/\/api.w.org\/{rel}","templated":true}]}}