{"id":62140,"date":"2022-03-07T14:40:27","date_gmt":"2022-03-07T13:40:27","guid":{"rendered":"https:\/\/www.customeeple.com\/product\/scribbus-wretch\/"},"modified":"2022-03-19T00:00:23","modified_gmt":"2022-03-18T23:00:23","slug":"scribbus-wretch","status":"publish","type":"product","link":"https:\/\/www.customeeple.com\/es\/producto\/scribbus-wretch\/","title":{"rendered":"Scribbus Wretch"},"content":{"rendered":"<p>Los adoradores de los Dioses Oscuros saben el poder que se esconde en las palabras y los n\u00fameros, en los versos y en la numerolog\u00eda arcana. Siete es el n\u00famero imp\u00edo de Nurgle, y los predicadores de esta doctrina son los Tallymen. A medio camino entre sacerdotes, demagogos, escribanos metaf\u00edsicos e intendentes, estos fan\u00e1ticos supurantes marchan a la batalla ataviados con las herramientas de su extra\u00f1o oficio: montones de pergaminos cubiertos de recuentos de siete escritos con un trazo extra\u00f1o e irregular que cuentan los horrores infligidos sobre los enemigos de la Death Guard.<\/p>\n<p>Este kit de pl\u00e1stico multicomponente contiene las piezas necesarias para montar a Scribbus Wretch, un Tallyman de la Death Guard. Su miniatura es especialmente desagradable, incluso entre la Death Guard. Con una m\u00f3rbida obsesi\u00f3n por contar y catalogar infortunios; lleva un enorme trozo de papel en un portapapeles en el recodo de su brazo izquierdo, con una pluma de hueso en la diestra para ir sumando a sus conteos. Un extra\u00f1o aparato cuelga de su espalda, terminado en un tent\u00e1culo que sujeta un \u00e1baco cuyas cuentas, vistas de cerca, resultan ser cr\u00e1neos. Su armadura, como es habitual en la Death Guard, est\u00e1 cubierta de corrosi\u00f3n, for\u00fanculos e iconos de Nurgle, y le acompa\u00f1a un Nurgling, ocupado en la tarea de llevar tinta y papel adicionales. Scribbus Wretch se alza sobre una pila de libros, probablemente escritos por \u00e9l y repletos de atrocidades.<\/p>\n<p>Este kit se compone de 8 piezas e incluye una peana redonda Citadel de 40mm.<\/p>\n","protected":false},"excerpt":{"rendered":"<p>Los adoradores de los Dioses Oscuros saben el poder que se esconde en las palabras y los n\u00fameros, en los versos y en la numerolog\u00eda arcana. Siete es el n\u00famero imp\u00edo de Nurgle, y los predicadores de esta doctrina son los Tallymen. A medio camino entre sacerdotes, demagogos, escribanos metaf\u00edsicos e intendentes, estos fan\u00e1ticos supurantes [&hellip;]<\/p>\n","protected":false},"featured_media":62139,"template":"","meta":{"_acf_changed":false},"product_brand":[],"product_cat":[1177,1180,1623,1229],"product_tag":[],"class_list":{"0":"post-62140","1":"product","2":"type-product","3":"status-publish","4":"has-post-thumbnail","6":"product_cat-games-workshop-es","7":"product_cat-retail-products-es","8":"product_cat-wargames-es-2","9":"product_cat-warhammer-40k-es","11":"first","12":"onbackorder","13":"sale","14":"taxable","15":"shipping-taxable","16":"purchasable","17":"product-type-simple"},"exclude_global_add_ons":[],"addons":[],"acf":[],"_links":{"self":[{"href":"https:\/\/www.customeeple.com\/es\/wp-json\/wp\/v2\/product\/62140","targetHints":{"allow":["GET"]}}],"collection":[{"href":"https:\/\/www.customeeple.com\/es\/wp-json\/wp\/v2\/product"}],"about":[{"href":"https:\/\/www.customeeple.com\/es\/wp-json\/wp\/v2\/types\/product"}],"wp:featuredmedia":[{"embeddable":true,"href":"https:\/\/www.customeeple.com\/es\/wp-json\/wp\/v2\/media\/62139"}],"wp:attachment":[{"href":"https:\/\/www.customeeple.com\/es\/wp-json\/wp\/v2\/media?parent=62140"}],"wp:term":[{"taxonomy":"product_brand","embeddable":true,"href":"https:\/\/www.customeeple.com\/es\/wp-json\/wp\/v2\/product_brand?post=62140"},{"taxonomy":"product_cat","embeddable":true,"href":"https:\/\/www.customeeple.com\/es\/wp-json\/wp\/v2\/product_cat?post=62140"},{"taxonomy":"product_tag","embeddable":true,"href":"https:\/\/www.customeeple.com\/es\/wp-json\/wp\/v2\/product_tag?post=62140"}],"curies":[{"name":"wp","href":"https:\/\/api.w.org\/{rel}","templated":true}]}}