{"id":62137,"date":"2022-03-07T14:43:48","date_gmt":"2022-03-07T13:43:48","guid":{"rendered":"https:\/\/www.customeeple.com\/product\/myrmourn-banshees\/"},"modified":"2023-11-21T00:00:17","modified_gmt":"2023-11-20T23:00:17","slug":"myrmourn-banshees","status":"publish","type":"product","link":"https:\/\/www.customeeple.com\/es\/producto\/myrmourn-banshees\/","title":{"rendered":"Myrmourn Banshees"},"content":{"rendered":"<p>Las Myrmourn Banshees tienen un hambre diab\u00f3lica, ya que se alimentan \u00fanicamente con magia. Ning\u00fan hechizo enemigo est\u00e1 a salvo de estos esp\u00edritus voraces, y recorren los Reinos Mortales en busca de energ\u00edas arcanas que consumir. Las Myrmourn Banshees se sienten atra\u00eddas por la magia, igual que la carro\u00f1a se siente atra\u00edda por los muertos, y tal es su amargura hacia la vida que cualquier criatura mortal en su camino es probable que reciba un golpe r\u00e1pido de sus dagas de fr\u00edo.<\/p>\n<p>Dise\u00f1ado de modo que sea lo m\u00e1s f\u00e1cil posible de montar para nuevos aficionados y a la vez contar con suficiente detalle como para que los veteranos m\u00e1s duros lo aprecien, este kit re\u00fane a 4 Myrmourn Banshees de los Nighthaunts. Encajan por presi\u00f3n, sin necesitar pegamento. Esta caja es incre\u00edblemente f\u00e1cil de montar y viene en una matriz precoloreada en tono turquesa.<\/p>\n<p>Siniestras y chillonas, las Myrmourn Banshees son un conjunto de 4 miniaturas Nighthaunt que emiten una sensaci\u00f3n de desesperaci\u00f3n: poco m\u00e1s que corpi\u00f1os vac\u00edos rodeados de vapor et\u00e9reo, sudarios que cubren calaveras atrapadas en un grito de rictus, se arrastran y se agarran ingr\u00e1vidamente agarrando sus dagas de fr\u00edo&#8230; Son huecas: esto se puede ver claramente, ya que el interior de cada miniatura es visible.<\/p>\n<p>Este kit de pl\u00e1stico incluye 16 componentes y se suministra con 4 peanas redondas esculpidas de 32 mm, que muestran una escena sepulcral, con huesos, estatuas rotas y rosas cubriendo un cementerio sobre el que se alzan las Banshees.<\/p>\n","protected":false},"excerpt":{"rendered":"<p>Las Myrmourn Banshees tienen un hambre diab\u00f3lica, ya que se alimentan \u00fanicamente con magia. Ning\u00fan hechizo enemigo est\u00e1 a salvo de estos esp\u00edritus voraces, y recorren los Reinos Mortales en busca de energ\u00edas arcanas que consumir. Las Myrmourn Banshees se sienten atra\u00eddas por la magia, igual que la carro\u00f1a se siente atra\u00edda por los muertos, [&hellip;]<\/p>\n","protected":false},"featured_media":62136,"template":"","meta":{"_acf_changed":false},"product_brand":[],"product_cat":[1400,1177,1180,1623,1654],"product_tag":[],"class_list":{"0":"post-62137","1":"product","2":"type-product","3":"status-publish","4":"has-post-thumbnail","6":"product_cat-fantasia","7":"product_cat-games-workshop-es","8":"product_cat-retail-products-es","9":"product_cat-wargames-es-2","10":"product_cat-warhammer-age-of-sigmar-es-2","12":"first","13":"onbackorder","14":"sale","15":"taxable","16":"shipping-taxable","17":"purchasable","18":"product-type-simple"},"exclude_global_add_ons":[],"addons":[],"acf":[],"_links":{"self":[{"href":"https:\/\/www.customeeple.com\/es\/wp-json\/wp\/v2\/product\/62137","targetHints":{"allow":["GET"]}}],"collection":[{"href":"https:\/\/www.customeeple.com\/es\/wp-json\/wp\/v2\/product"}],"about":[{"href":"https:\/\/www.customeeple.com\/es\/wp-json\/wp\/v2\/types\/product"}],"wp:featuredmedia":[{"embeddable":true,"href":"https:\/\/www.customeeple.com\/es\/wp-json\/wp\/v2\/media\/62136"}],"wp:attachment":[{"href":"https:\/\/www.customeeple.com\/es\/wp-json\/wp\/v2\/media?parent=62137"}],"wp:term":[{"taxonomy":"product_brand","embeddable":true,"href":"https:\/\/www.customeeple.com\/es\/wp-json\/wp\/v2\/product_brand?post=62137"},{"taxonomy":"product_cat","embeddable":true,"href":"https:\/\/www.customeeple.com\/es\/wp-json\/wp\/v2\/product_cat?post=62137"},{"taxonomy":"product_tag","embeddable":true,"href":"https:\/\/www.customeeple.com\/es\/wp-json\/wp\/v2\/product_tag?post=62137"}],"curies":[{"name":"wp","href":"https:\/\/api.w.org\/{rel}","templated":true}]}}