{"id":62133,"date":"2022-03-07T14:53:46","date_gmt":"2022-03-07T13:53:46","guid":{"rendered":"https:\/\/www.customeeple.com\/product\/shattered-dominion-25-32mm-bases\/"},"modified":"2024-07-13T00:00:15","modified_gmt":"2024-07-12T23:00:15","slug":"shattered-dominion-25-32mm-bases","status":"publish","type":"product","link":"https:\/\/www.customeeple.com\/es\/producto\/shattered-dominion-25-32mm-bases\/","title":{"rendered":"Shattered Dominion bases de 25 y 32mm"},"content":{"rendered":"<p>Dise\u00f1adas para coincidir y complementar el tablero Realm of Battle: Shattered Dominion, estas peanas de pl\u00e1stico altamente detalladas son ideales para los soldados de infanter\u00eda de tu colecci\u00f3n de Warhammer Age of Sigmar. Recibir\u00e1s 40 peanas redondas de 25 mm y 30 peanas redondas de 32 mm junto con 16 cr\u00e1neos para decorarlas. \u00a1Estas peanas har\u00e1n que tus miniaturas tengan un aspecto asombroso!<\/p>\n","protected":false},"excerpt":{"rendered":"<p>Dise\u00f1adas para coincidir y complementar el tablero Realm of Battle: Shattered Dominion, estas peanas de pl\u00e1stico altamente detalladas son ideales para los soldados de infanter\u00eda de tu colecci\u00f3n de Warhammer Age of Sigmar. Recibir\u00e1s 40 peanas redondas de 25 mm y 30 peanas redondas de 32 mm junto con 16 cr\u00e1neos para decorarlas. \u00a1Estas peanas [&hellip;]<\/p>\n","protected":false},"featured_media":62130,"template":"","meta":{"_acf_changed":false},"product_brand":[],"product_cat":[1400,1177,1180,1688,1623,1654,1426],"product_tag":[],"class_list":{"0":"post-62133","1":"product","2":"type-product","3":"status-publish","4":"has-post-thumbnail","6":"product_cat-fantasia","7":"product_cat-games-workshop-es","8":"product_cat-retail-products-es","9":"product_cat-warcry-es","10":"product_cat-wargames-es-2","11":"product_cat-warhammer-age-of-sigmar-es-2","12":"product_cat-whu-spire-es","14":"first","15":"outofstock","16":"sale","17":"taxable","18":"shipping-taxable","19":"purchasable","20":"product-type-simple"},"exclude_global_add_ons":[],"addons":[],"acf":[],"_links":{"self":[{"href":"https:\/\/www.customeeple.com\/es\/wp-json\/wp\/v2\/product\/62133","targetHints":{"allow":["GET"]}}],"collection":[{"href":"https:\/\/www.customeeple.com\/es\/wp-json\/wp\/v2\/product"}],"about":[{"href":"https:\/\/www.customeeple.com\/es\/wp-json\/wp\/v2\/types\/product"}],"wp:featuredmedia":[{"embeddable":true,"href":"https:\/\/www.customeeple.com\/es\/wp-json\/wp\/v2\/media\/62130"}],"wp:attachment":[{"href":"https:\/\/www.customeeple.com\/es\/wp-json\/wp\/v2\/media?parent=62133"}],"wp:term":[{"taxonomy":"product_brand","embeddable":true,"href":"https:\/\/www.customeeple.com\/es\/wp-json\/wp\/v2\/product_brand?post=62133"},{"taxonomy":"product_cat","embeddable":true,"href":"https:\/\/www.customeeple.com\/es\/wp-json\/wp\/v2\/product_cat?post=62133"},{"taxonomy":"product_tag","embeddable":true,"href":"https:\/\/www.customeeple.com\/es\/wp-json\/wp\/v2\/product_tag?post=62133"}],"curies":[{"name":"wp","href":"https:\/\/api.w.org\/{rel}","templated":true}]}}