{"id":62127,"date":"2022-03-07T14:24:57","date_gmt":"2022-03-07T13:24:57","guid":{"rendered":"https:\/\/www.customeeple.com\/product\/sector-imperialis-32mm-bases\/"},"modified":"2026-03-26T11:55:05","modified_gmt":"2026-03-26T10:55:05","slug":"sector-imperialis-32mm-bases","status":"publish","type":"product","link":"https:\/\/www.customeeple.com\/es\/producto\/sector-imperialis-32mm-bases\/","title":{"rendered":"Sector imperialis 32mm bases"},"content":{"rendered":"<p>Dise\u00f1adas para conjuntarse con y complementar el tablero de juego Realm of Battle: Sector Imperialis, estas peanas de pl\u00e1stico altamente detalladas son ideales para la infanter\u00eda de tu colecci\u00f3n de Warhammer 40,000. Recibir\u00e1s 60 peanas redondas de 32mm, moldeadas para ayudarte a dar tem\u00e1tica a tus ej\u00e9rcitos del Sector Imperialis.<\/p>\n","protected":false},"excerpt":{"rendered":"<p>Dise\u00f1adas para conjuntarse con y complementar el tablero de juego Realm of Battle: Sector Imperialis, estas peanas de pl\u00e1stico altamente detalladas son ideales para la infanter\u00eda de tu colecci\u00f3n de Warhammer 40,000. Recibir\u00e1s 60 peanas redondas de 32mm, moldeadas para ayudarte a dar tem\u00e1tica a tus ej\u00e9rcitos del Sector Imperialis.<\/p>\n","protected":false},"featured_media":62125,"template":"","meta":{"_acf_changed":false},"product_brand":[],"product_cat":[1177,1583,1180,1623,1229],"product_tag":[],"class_list":{"0":"post-62127","1":"product","2":"type-product","3":"status-publish","4":"has-post-thumbnail","6":"product_cat-games-workshop-es","7":"product_cat-necromunda-es","8":"product_cat-retail-products-es","9":"product_cat-wargames-es-2","10":"product_cat-warhammer-40k-es","12":"first","13":"onbackorder","14":"sale","15":"taxable","16":"shipping-taxable","17":"purchasable","18":"product-type-simple"},"exclude_global_add_ons":[],"addons":[],"acf":[],"_links":{"self":[{"href":"https:\/\/www.customeeple.com\/es\/wp-json\/wp\/v2\/product\/62127","targetHints":{"allow":["GET"]}}],"collection":[{"href":"https:\/\/www.customeeple.com\/es\/wp-json\/wp\/v2\/product"}],"about":[{"href":"https:\/\/www.customeeple.com\/es\/wp-json\/wp\/v2\/types\/product"}],"wp:featuredmedia":[{"embeddable":true,"href":"https:\/\/www.customeeple.com\/es\/wp-json\/wp\/v2\/media\/62125"}],"wp:attachment":[{"href":"https:\/\/www.customeeple.com\/es\/wp-json\/wp\/v2\/media?parent=62127"}],"wp:term":[{"taxonomy":"product_brand","embeddable":true,"href":"https:\/\/www.customeeple.com\/es\/wp-json\/wp\/v2\/product_brand?post=62127"},{"taxonomy":"product_cat","embeddable":true,"href":"https:\/\/www.customeeple.com\/es\/wp-json\/wp\/v2\/product_cat?post=62127"},{"taxonomy":"product_tag","embeddable":true,"href":"https:\/\/www.customeeple.com\/es\/wp-json\/wp\/v2\/product_tag?post=62127"}],"curies":[{"name":"wp","href":"https:\/\/api.w.org\/{rel}","templated":true}]}}