{"id":62126,"date":"2022-03-07T15:13:09","date_gmt":"2022-03-07T14:13:09","guid":{"rendered":"https:\/\/www.customeeple.com\/product\/disney-villainous-evil-comes-prep-spa\/"},"modified":"2022-03-07T15:13:09","modified_gmt":"2022-03-07T14:13:09","slug":"disney-villainous-evil-comes-prep-spa","status":"publish","type":"product","link":"https:\/\/www.customeeple.com\/es\/producto\/disney-villainous-evil-comes-prep-spa\/","title":{"rendered":"Disney Villainous: Evil Comes Prepared (ESP)"},"content":{"rendered":"<p>Disney Villainous Evil comes prepared es para 2-3 jugadores y se recomienda para mayores de 10 a\u00f1os; las din\u00e1micas de juego se adaptan f\u00e1cilmente a diferentes tipos de jugadores: expertos, principiantes, familias y apasionados del mundo Disney.<\/p>\n<p>Las instrucciones del juego est\u00e1n redactadas cuidadosamente y las din\u00e1micas de juego no resultan complejas una vez experimentadas; cada villano tiene su propia gu\u00eda, que ayuda a los jugadores a elaborar una estrategia ganadora y llevar a cabo el objetivo de su propio villano.<\/p>\n","protected":false},"excerpt":{"rendered":"<p>Disney Villainous Evil comes prepared es para 2-3 jugadores y se recomienda para mayores de 10 a\u00f1os; las din\u00e1micas de juego se adaptan f\u00e1cilmente a diferentes tipos de jugadores: expertos, principiantes, familias y apasionados del mundo Disney. Las instrucciones del juego est\u00e1n redactadas cuidadosamente y las din\u00e1micas de juego no resultan complejas una vez experimentadas; [&hellip;]<\/p>\n","protected":false},"featured_media":62123,"template":"","meta":{"_acf_changed":false},"product_brand":[],"product_cat":[1561,1557,1653,1180],"product_tag":[],"class_list":{"0":"post-62126","1":"product","2":"type-product","3":"status-publish","4":"has-post-thumbnail","6":"product_cat-familiar-es","7":"product_cat-card-game-es","8":"product_cat-boardgames","9":"product_cat-retail-products-es","11":"first","12":"outofstock","13":"sale","14":"taxable","15":"shipping-taxable","16":"purchasable","17":"product-type-simple"},"exclude_global_add_ons":[],"addons":[],"acf":[],"_links":{"self":[{"href":"https:\/\/www.customeeple.com\/es\/wp-json\/wp\/v2\/product\/62126","targetHints":{"allow":["GET"]}}],"collection":[{"href":"https:\/\/www.customeeple.com\/es\/wp-json\/wp\/v2\/product"}],"about":[{"href":"https:\/\/www.customeeple.com\/es\/wp-json\/wp\/v2\/types\/product"}],"wp:featuredmedia":[{"embeddable":true,"href":"https:\/\/www.customeeple.com\/es\/wp-json\/wp\/v2\/media\/62123"}],"wp:attachment":[{"href":"https:\/\/www.customeeple.com\/es\/wp-json\/wp\/v2\/media?parent=62126"}],"wp:term":[{"taxonomy":"product_brand","embeddable":true,"href":"https:\/\/www.customeeple.com\/es\/wp-json\/wp\/v2\/product_brand?post=62126"},{"taxonomy":"product_cat","embeddable":true,"href":"https:\/\/www.customeeple.com\/es\/wp-json\/wp\/v2\/product_cat?post=62126"},{"taxonomy":"product_tag","embeddable":true,"href":"https:\/\/www.customeeple.com\/es\/wp-json\/wp\/v2\/product_tag?post=62126"}],"curies":[{"name":"wp","href":"https:\/\/api.w.org\/{rel}","templated":true}]}}