{"id":62100,"date":"2022-03-04T09:45:52","date_gmt":"2022-03-04T08:45:52","guid":{"rendered":"https:\/\/www.customeeple.com\/product\/the-doom-lords-chaos-chosen-blood-bowl\/"},"modified":"2024-07-13T00:00:13","modified_gmt":"2024-07-12T23:00:13","slug":"the-doom-lords-chaos-chosen-blood-bowl","status":"publish","type":"product","link":"https:\/\/www.customeeple.com\/es\/producto\/the-doom-lords-chaos-chosen-blood-bowl\/","title":{"rendered":"The Doom Lords, Chaos Chosen Blood Bowl"},"content":{"rendered":"<p>La identidad real del propietario de los Doom Lords se desconoce; la gente suele referirse a \u00e9l como \u201cel Archidiablo\u201d. Al establecer su equipo, el Archidiablo no repar\u00f3 en gastos. Contrat\u00f3 al mejor entrenador disponible y le equip\u00f3 con los mejores ayudantes, sell\u00f3 numerosos pactos oscuros con entes daem\u00f3nicos y busc\u00f3 con ah\u00ednco a los mejores jugadores a los que pudo coaccionar para que se unieran al equipo. Quienes se negaron pronto descubrieron que el Archidiablo interpreta muy literalmente la primera parte de \u201ccaza de talentos\u201d\u2026<\/p>\n<p>Este kit de pl\u00e1stico multicomponente contiene las piezas necesarias para montar a los Doom Lords, un equipo de Blood Bowl de Chaos Chosen. El equipo consiste en 4 Chaos Blockers y 8 Beastmen; las cabezas de los Beastmen son intercambiables, lo que significa que puedes personalizar las aberraciones cornudas que sacas al campo. Las cabezas de los Blockers tambi\u00e9n son intercambiables entre ellas.<\/p>\n<p>La caja incluye tambi\u00e9n abundantes contenidos adicionales: 2 marcadores de turno, 2 monedas de anotaci\u00f3n de doble cara en forma de estrellas del Chaos y 6 balones (2 de cada de un bal\u00f3n llameante, un bal\u00f3n de cr\u00e1neo, y un bal\u00f3n de cr\u00e1neo sin p\u00faas). Incluyen 12 peanas de Blood Bowl de 32 mm, una alineaci\u00f3n de 1.000.000 mo y una hoja de calcoman\u00edas del Chaos.<\/p>\n","protected":false},"excerpt":{"rendered":"<p>La identidad real del propietario de los Doom Lords se desconoce; la gente suele referirse a \u00e9l como \u201cel Archidiablo\u201d. Al establecer su equipo, el Archidiablo no repar\u00f3 en gastos. Contrat\u00f3 al mejor entrenador disponible y le equip\u00f3 con los mejores ayudantes, sell\u00f3 numerosos pactos oscuros con entes daem\u00f3nicos y busc\u00f3 con ah\u00ednco a los [&hellip;]<\/p>\n","protected":false},"featured_media":62092,"template":"","meta":{"_acf_changed":false},"product_brand":[],"product_cat":[1258,1177,1180],"product_tag":[],"class_list":{"0":"post-62100","1":"product","2":"type-product","3":"status-publish","4":"has-post-thumbnail","6":"product_cat-blood-bowl-es","7":"product_cat-games-workshop-es","8":"product_cat-retail-products-es","10":"first","11":"outofstock","12":"sale","13":"taxable","14":"shipping-taxable","15":"purchasable","16":"product-type-simple"},"exclude_global_add_ons":[],"addons":[],"acf":[],"_links":{"self":[{"href":"https:\/\/www.customeeple.com\/es\/wp-json\/wp\/v2\/product\/62100","targetHints":{"allow":["GET"]}}],"collection":[{"href":"https:\/\/www.customeeple.com\/es\/wp-json\/wp\/v2\/product"}],"about":[{"href":"https:\/\/www.customeeple.com\/es\/wp-json\/wp\/v2\/types\/product"}],"wp:featuredmedia":[{"embeddable":true,"href":"https:\/\/www.customeeple.com\/es\/wp-json\/wp\/v2\/media\/62092"}],"wp:attachment":[{"href":"https:\/\/www.customeeple.com\/es\/wp-json\/wp\/v2\/media?parent=62100"}],"wp:term":[{"taxonomy":"product_brand","embeddable":true,"href":"https:\/\/www.customeeple.com\/es\/wp-json\/wp\/v2\/product_brand?post=62100"},{"taxonomy":"product_cat","embeddable":true,"href":"https:\/\/www.customeeple.com\/es\/wp-json\/wp\/v2\/product_cat?post=62100"},{"taxonomy":"product_tag","embeddable":true,"href":"https:\/\/www.customeeple.com\/es\/wp-json\/wp\/v2\/product_tag?post=62100"}],"curies":[{"name":"wp","href":"https:\/\/api.w.org\/{rel}","templated":true}]}}