{"id":62045,"date":"2022-02-28T14:38:03","date_gmt":"2022-02-28T13:38:03","guid":{"rendered":"https:\/\/www.customeeple.com\/product\/tap-battlefields-basing-set\/"},"modified":"2022-07-30T11:28:28","modified_gmt":"2022-07-30T10:28:28","slug":"tap-battlefields-basing-set","status":"publish","type":"product","link":"https:\/\/www.customeeple.com\/es\/producto\/tap-battlefields-basing-set\/","title":{"rendered":"TAP: Battlefields Basing Set"},"content":{"rendered":"<p>Este incre\u00edble conjunto ha sido dise\u00f1ado para brindarle al jugador de guerra una \u00abcaja \u00fanica para todos\u00bb para sus bases en miniatura. Incluye todos los materiales de base b\u00e1sicos que necesitas para hacer cualquier base para tus miniaturas. Tambi\u00e9n incluye un Pegamento Base de Campos de Batalla de 50 ml gratis, as\u00ed como la Gu\u00eda de Pintura de la T\u00e9cnica del Pintor del Ej\u00e9rcito.<\/p>\n<p>Contenido:<\/p>\n<p>Pegamento Base Battlefields Gratis 50ml<\/p>\n<p>campo de batalla marr\u00f3n<\/p>\n<p>Rocas del campo de batalla<\/p>\n<p>Mech\u00f3n de Pantano (35 Piezas)<\/p>\n<p>maleza de verano<\/p>\n<p>Hierba del campo de batalla<\/p>\n<p>Nieve del campo de batalla<\/p>\n","protected":false},"excerpt":{"rendered":"<p>Este incre\u00edble conjunto ha sido dise\u00f1ado para brindarle al jugador de guerra una \u00abcaja \u00fanica para todos\u00bb para sus bases en miniatura. Incluye todos los materiales de base b\u00e1sicos que necesitas para hacer cualquier base para tus miniaturas. Tambi\u00e9n incluye un Pegamento Base de Campos de Batalla de 50 ml gratis, as\u00ed como la Gu\u00eda [&hellip;]<\/p>\n","protected":false},"featured_media":62021,"template":"","meta":{"_acf_changed":false},"product_brand":[],"product_cat":[1405,1401,1180],"product_tag":[],"class_list":{"0":"post-62045","1":"product","2":"type-product","3":"status-publish","4":"has-post-thumbnail","6":"product_cat-herramientas","7":"product_cat-pintura-y-modelismo","8":"product_cat-retail-products-es","10":"first","11":"instock","12":"sale","13":"taxable","14":"shipping-taxable","15":"purchasable","16":"product-type-simple"},"exclude_global_add_ons":[],"addons":[],"acf":[],"_links":{"self":[{"href":"https:\/\/www.customeeple.com\/es\/wp-json\/wp\/v2\/product\/62045","targetHints":{"allow":["GET"]}}],"collection":[{"href":"https:\/\/www.customeeple.com\/es\/wp-json\/wp\/v2\/product"}],"about":[{"href":"https:\/\/www.customeeple.com\/es\/wp-json\/wp\/v2\/types\/product"}],"wp:featuredmedia":[{"embeddable":true,"href":"https:\/\/www.customeeple.com\/es\/wp-json\/wp\/v2\/media\/62021"}],"wp:attachment":[{"href":"https:\/\/www.customeeple.com\/es\/wp-json\/wp\/v2\/media?parent=62045"}],"wp:term":[{"taxonomy":"product_brand","embeddable":true,"href":"https:\/\/www.customeeple.com\/es\/wp-json\/wp\/v2\/product_brand?post=62045"},{"taxonomy":"product_cat","embeddable":true,"href":"https:\/\/www.customeeple.com\/es\/wp-json\/wp\/v2\/product_cat?post=62045"},{"taxonomy":"product_tag","embeddable":true,"href":"https:\/\/www.customeeple.com\/es\/wp-json\/wp\/v2\/product_tag?post=62045"}],"curies":[{"name":"wp","href":"https:\/\/api.w.org\/{rel}","templated":true}]}}