{"id":62044,"date":"2022-02-28T14:37:54","date_gmt":"2022-02-28T13:37:54","guid":{"rendered":"https:\/\/www.customeeple.com\/product\/tap-hobby-tool-kit\/"},"modified":"2026-02-03T10:55:40","modified_gmt":"2026-02-03T09:55:40","slug":"tap-hobby-tool-kit","status":"publish","type":"product","link":"https:\/\/www.customeeple.com\/es\/producto\/tap-hobby-tool-kit\/","title":{"rendered":"TAP: Hobby Tool Kit"},"content":{"rendered":"<p>Este incre\u00edble conjunto ha sido dise\u00f1ado para brindarle al jugador de juegos de guerra un set de herramientas de \u00abTodo en una caja\u00bb. Incluye todas las herramientas b\u00e1sicas que necesitas para montar cualquier ej\u00e9rcito de miniaturas. Tambi\u00e9n incluye un Super Glue de 5 g gratis, as\u00ed como una gu\u00eda sobre la seguridad de las herramientas y la Gu\u00eda de pintura de la t\u00e9cnica Army Painter.<\/p>\n","protected":false},"excerpt":{"rendered":"<p>Este incre\u00edble conjunto ha sido dise\u00f1ado para brindarle al jugador de juegos de guerra un set de herramientas de \u00abTodo en una caja\u00bb. Incluye todas las herramientas b\u00e1sicas que necesitas para montar cualquier ej\u00e9rcito de miniaturas. Tambi\u00e9n incluye un Super Glue de 5 g gratis, as\u00ed como una gu\u00eda sobre la seguridad de las herramientas [&hellip;]<\/p>\n","protected":false},"featured_media":62023,"template":"","meta":{"_acf_changed":false},"product_brand":[],"product_cat":[1405,1401,1180],"product_tag":[],"class_list":{"0":"post-62044","1":"product","2":"type-product","3":"status-publish","4":"has-post-thumbnail","6":"product_cat-herramientas","7":"product_cat-pintura-y-modelismo","8":"product_cat-retail-products-es","10":"first","11":"instock","12":"taxable","13":"shipping-taxable","14":"purchasable","15":"product-type-simple"},"exclude_global_add_ons":[],"addons":[],"acf":[],"_links":{"self":[{"href":"https:\/\/www.customeeple.com\/es\/wp-json\/wp\/v2\/product\/62044","targetHints":{"allow":["GET"]}}],"collection":[{"href":"https:\/\/www.customeeple.com\/es\/wp-json\/wp\/v2\/product"}],"about":[{"href":"https:\/\/www.customeeple.com\/es\/wp-json\/wp\/v2\/types\/product"}],"wp:featuredmedia":[{"embeddable":true,"href":"https:\/\/www.customeeple.com\/es\/wp-json\/wp\/v2\/media\/62023"}],"wp:attachment":[{"href":"https:\/\/www.customeeple.com\/es\/wp-json\/wp\/v2\/media?parent=62044"}],"wp:term":[{"taxonomy":"product_brand","embeddable":true,"href":"https:\/\/www.customeeple.com\/es\/wp-json\/wp\/v2\/product_brand?post=62044"},{"taxonomy":"product_cat","embeddable":true,"href":"https:\/\/www.customeeple.com\/es\/wp-json\/wp\/v2\/product_cat?post=62044"},{"taxonomy":"product_tag","embeddable":true,"href":"https:\/\/www.customeeple.com\/es\/wp-json\/wp\/v2\/product_tag?post=62044"}],"curies":[{"name":"wp","href":"https:\/\/api.w.org\/{rel}","templated":true}]}}