{"id":62043,"date":"2022-02-28T14:37:39","date_gmt":"2022-02-28T13:37:39","guid":{"rendered":"https:\/\/www.customeeple.com\/product\/tap-mountain-tuft\/"},"modified":"2022-02-28T14:37:39","modified_gmt":"2022-02-28T13:37:39","slug":"tap-mountain-tuft","status":"publish","type":"product","link":"https:\/\/www.customeeple.com\/es\/producto\/tap-mountain-tuft\/","title":{"rendered":"TAP: Mountain Tuft"},"content":{"rendered":"<p>Este mech\u00f3n imita la vegetaci\u00f3n por encima de la l\u00ednea de \u00e1rboles y se ve muy realista cuando se combina con mechones m\u00e1s claros u oscuros para una apariencia de primavera\/oto\u00f1o. Aspecto s\u00faper realista y viene en 3 tama\u00f1os diferentes para cualquier tama\u00f1o base.<\/p>\n<p>Contiene 77 mechones.<\/p>\n","protected":false},"excerpt":{"rendered":"<p>Este mech\u00f3n imita la vegetaci\u00f3n por encima de la l\u00ednea de \u00e1rboles y se ve muy realista cuando se combina con mechones m\u00e1s claros u oscuros para una apariencia de primavera\/oto\u00f1o. Aspecto s\u00faper realista y viene en 3 tama\u00f1os diferentes para cualquier tama\u00f1o base. Contiene 77 mechones.<\/p>\n","protected":false},"featured_media":62031,"template":"","meta":{"_acf_changed":false},"product_brand":[],"product_cat":[1401,1180],"product_tag":[],"class_list":{"0":"post-62043","1":"product","2":"type-product","3":"status-publish","4":"has-post-thumbnail","6":"product_cat-pintura-y-modelismo","7":"product_cat-retail-products-es","9":"first","10":"instock","11":"sale","12":"taxable","13":"shipping-taxable","14":"purchasable","15":"product-type-simple"},"exclude_global_add_ons":[],"addons":[],"acf":[],"_links":{"self":[{"href":"https:\/\/www.customeeple.com\/es\/wp-json\/wp\/v2\/product\/62043","targetHints":{"allow":["GET"]}}],"collection":[{"href":"https:\/\/www.customeeple.com\/es\/wp-json\/wp\/v2\/product"}],"about":[{"href":"https:\/\/www.customeeple.com\/es\/wp-json\/wp\/v2\/types\/product"}],"wp:featuredmedia":[{"embeddable":true,"href":"https:\/\/www.customeeple.com\/es\/wp-json\/wp\/v2\/media\/62031"}],"wp:attachment":[{"href":"https:\/\/www.customeeple.com\/es\/wp-json\/wp\/v2\/media?parent=62043"}],"wp:term":[{"taxonomy":"product_brand","embeddable":true,"href":"https:\/\/www.customeeple.com\/es\/wp-json\/wp\/v2\/product_brand?post=62043"},{"taxonomy":"product_cat","embeddable":true,"href":"https:\/\/www.customeeple.com\/es\/wp-json\/wp\/v2\/product_cat?post=62043"},{"taxonomy":"product_tag","embeddable":true,"href":"https:\/\/www.customeeple.com\/es\/wp-json\/wp\/v2\/product_tag?post=62043"}],"curies":[{"name":"wp","href":"https:\/\/api.w.org\/{rel}","templated":true}]}}