{"id":62042,"date":"2022-02-28T14:38:36","date_gmt":"2022-02-28T13:38:36","guid":{"rendered":"https:\/\/www.customeeple.com\/product\/tap-deadland-tuft\/"},"modified":"2022-02-28T14:38:36","modified_gmt":"2022-02-28T13:38:36","slug":"tap-deadland-tuft","status":"publish","type":"product","link":"https:\/\/www.customeeple.com\/es\/producto\/tap-deadland-tuft\/","title":{"rendered":"TAP: Deadland Tuft"},"content":{"rendered":"<p>Lunas distantes o reinos de muertos vivientes, Deadland Tuft te permite recrear la escalofriante atm\u00f3sfera de la muerte. Crea bases s\u00faper realistas con estos mechones (vienen en 3 tama\u00f1os diferentes).<\/p>\n<p>F\u00e1cil de usar.<\/p>\n<p>Contiene 77 mechones.<\/p>\n","protected":false},"excerpt":{"rendered":"<p>Lunas distantes o reinos de muertos vivientes, Deadland Tuft te permite recrear la escalofriante atm\u00f3sfera de la muerte. Crea bases s\u00faper realistas con estos mechones (vienen en 3 tama\u00f1os diferentes). F\u00e1cil de usar. Contiene 77 mechones.<\/p>\n","protected":false},"featured_media":62033,"template":"","meta":{"_acf_changed":false},"product_brand":[],"product_cat":[1401,1180],"product_tag":[],"class_list":{"0":"post-62042","1":"product","2":"type-product","3":"status-publish","4":"has-post-thumbnail","6":"product_cat-pintura-y-modelismo","7":"product_cat-retail-products-es","9":"first","10":"instock","11":"sale","12":"taxable","13":"shipping-taxable","14":"purchasable","15":"product-type-simple"},"exclude_global_add_ons":[],"addons":[],"acf":[],"_links":{"self":[{"href":"https:\/\/www.customeeple.com\/es\/wp-json\/wp\/v2\/product\/62042","targetHints":{"allow":["GET"]}}],"collection":[{"href":"https:\/\/www.customeeple.com\/es\/wp-json\/wp\/v2\/product"}],"about":[{"href":"https:\/\/www.customeeple.com\/es\/wp-json\/wp\/v2\/types\/product"}],"wp:featuredmedia":[{"embeddable":true,"href":"https:\/\/www.customeeple.com\/es\/wp-json\/wp\/v2\/media\/62033"}],"wp:attachment":[{"href":"https:\/\/www.customeeple.com\/es\/wp-json\/wp\/v2\/media?parent=62042"}],"wp:term":[{"taxonomy":"product_brand","embeddable":true,"href":"https:\/\/www.customeeple.com\/es\/wp-json\/wp\/v2\/product_brand?post=62042"},{"taxonomy":"product_cat","embeddable":true,"href":"https:\/\/www.customeeple.com\/es\/wp-json\/wp\/v2\/product_cat?post=62042"},{"taxonomy":"product_tag","embeddable":true,"href":"https:\/\/www.customeeple.com\/es\/wp-json\/wp\/v2\/product_tag?post=62042"}],"curies":[{"name":"wp","href":"https:\/\/api.w.org\/{rel}","templated":true}]}}