{"id":62041,"date":"2022-02-28T14:38:45","date_gmt":"2022-02-28T13:38:45","guid":{"rendered":"https:\/\/www.customeeple.com\/product\/tap-masterclass-drybrush-set\/"},"modified":"2025-02-09T11:18:28","modified_gmt":"2025-02-09T10:18:28","slug":"tap-masterclass-drybrush-set","status":"publish","type":"product","link":"https:\/\/www.customeeple.com\/es\/producto\/tap-masterclass-drybrush-set\/","title":{"rendered":"TAP: Masterclass Drybrush set"},"content":{"rendered":"<p>Estos pinceles secos espectaculares y altamente especializados brindan resultados ultra realistas y una cobertura muy suave, revelando cada detalle de su miniatura con facilidad. Los cepillos son vers\u00e1tiles y se pueden utilizar tanto para modelos grandes, terrenos y veh\u00edculos como para cualquier modelo de tama\u00f1o normal. Los resultados y efectos que obtienes con estos pinceles secos Masterclass superan con creces los de cualquier pincel seco normal.<\/p>\n<p>Punta en forma de c\u00fapula de alta calidad: las cerdas suaves de pelo de cabra combinadas con la forma de c\u00fapula redondeada permiten un toque muy suave incluso con un cepillado en seco brusco, lo que le brinda un resultado sutil y refinado.<\/p>\n<p>Agarre ergon\u00f3mico c\u00f3modo: le hemos dado a nuestros Masterclass Drybrushes un mango redondo completo para permitir un agarre c\u00f3modo al hacer trazos amplios en sus modelos favoritos.<\/p>\n<p>Contenido:\u00a03 cepillos secos<\/p>\n<p>Cepillo seco poderoso (15 mm)<br \/>\nPerfecta para terrenos y modelos muy grandes.<\/p>\n<p>Cepillo seco moderado (12 mm)<br \/>\nDise\u00f1ado para modelos grandes.<\/p>\n<p>Pincel seco en miniatura (7 mm)<br \/>\nIdeal para modelos de tama\u00f1o peque\u00f1o y normal.<\/p>\n","protected":false},"excerpt":{"rendered":"<p>Estos pinceles secos espectaculares y altamente especializados brindan resultados ultra realistas y una cobertura muy suave, revelando cada detalle de su miniatura con facilidad. Los cepillos son vers\u00e1tiles y se pueden utilizar tanto para modelos grandes, terrenos y veh\u00edculos como para cualquier modelo de tama\u00f1o normal. Los resultados y efectos que obtienes con estos pinceles [&hellip;]<\/p>\n","protected":false},"featured_media":62017,"template":"","meta":{"_acf_changed":false},"product_brand":[],"product_cat":[1405,1401,1180],"product_tag":[],"class_list":{"0":"post-62041","1":"product","2":"type-product","3":"status-publish","4":"has-post-thumbnail","6":"product_cat-herramientas","7":"product_cat-pintura-y-modelismo","8":"product_cat-retail-products-es","10":"first","11":"instock","12":"sale","13":"taxable","14":"shipping-taxable","15":"purchasable","16":"product-type-simple"},"exclude_global_add_ons":[],"addons":[],"acf":[],"_links":{"self":[{"href":"https:\/\/www.customeeple.com\/es\/wp-json\/wp\/v2\/product\/62041","targetHints":{"allow":["GET"]}}],"collection":[{"href":"https:\/\/www.customeeple.com\/es\/wp-json\/wp\/v2\/product"}],"about":[{"href":"https:\/\/www.customeeple.com\/es\/wp-json\/wp\/v2\/types\/product"}],"wp:featuredmedia":[{"embeddable":true,"href":"https:\/\/www.customeeple.com\/es\/wp-json\/wp\/v2\/media\/62017"}],"wp:attachment":[{"href":"https:\/\/www.customeeple.com\/es\/wp-json\/wp\/v2\/media?parent=62041"}],"wp:term":[{"taxonomy":"product_brand","embeddable":true,"href":"https:\/\/www.customeeple.com\/es\/wp-json\/wp\/v2\/product_brand?post=62041"},{"taxonomy":"product_cat","embeddable":true,"href":"https:\/\/www.customeeple.com\/es\/wp-json\/wp\/v2\/product_cat?post=62041"},{"taxonomy":"product_tag","embeddable":true,"href":"https:\/\/www.customeeple.com\/es\/wp-json\/wp\/v2\/product_tag?post=62041"}],"curies":[{"name":"wp","href":"https:\/\/api.w.org\/{rel}","templated":true}]}}