{"id":61996,"date":"2022-02-26T11:08:12","date_gmt":"2022-02-26T10:08:12","guid":{"rendered":"https:\/\/www.customeeple.com\/product\/cortex-2-kids-challenge\/"},"modified":"2022-02-26T11:08:12","modified_gmt":"2022-02-26T10:08:12","slug":"cortex-2-kids-challenge","status":"publish","type":"product","link":"https:\/\/www.customeeple.com\/es\/producto\/cortex-2-kids-challenge\/","title":{"rendered":"Cortex 2 Kids (Challenge) (ESP)"},"content":{"rendered":"<p>Cortex\u00b2 pone en juego tu agilidad visual, tu coordinaci\u00f3n, tu memoria, capacidad de razonamiento &#8230; \u00a1incluso la sensibilidad de tu tacto! \u00a1Desaf\u00eda a tu cerebro con un divertido juego que pondr\u00e1 a prueba tu razonamiento, memoria y rapidez! Compite con los dem\u00e1s jugadores en 8 tipos de retos que estimular\u00e1n tus habilidades cognitivas: pruebas t\u00e1ctiles, observaci\u00f3n, an\u00e1lisis, laberintos, coordinaci\u00f3n\u2026<\/p>\n","protected":false},"excerpt":{"rendered":"<p>Cortex\u00b2 pone en juego tu agilidad visual, tu coordinaci\u00f3n, tu memoria, capacidad de razonamiento &#8230; \u00a1incluso la sensibilidad de tu tacto! \u00a1Desaf\u00eda a tu cerebro con un divertido juego que pondr\u00e1 a prueba tu razonamiento, memoria y rapidez! Compite con los dem\u00e1s jugadores en 8 tipos de retos que estimular\u00e1n tus habilidades cognitivas: pruebas t\u00e1ctiles, [&hellip;]<\/p>\n","protected":false},"featured_media":61969,"template":"","meta":{"_acf_changed":false},"product_brand":[],"product_cat":[1561,1564,2004,1653,1180],"product_tag":[],"class_list":{"0":"post-61996","1":"product","2":"type-product","3":"status-publish","4":"has-post-thumbnail","6":"product_cat-familiar-es","7":"product_cat-childrens-es","8":"product_cat-party-game-es","9":"product_cat-boardgames","10":"product_cat-retail-products-es","12":"first","13":"instock","14":"sale","15":"taxable","16":"shipping-taxable","17":"purchasable","18":"product-type-simple"},"exclude_global_add_ons":[],"addons":[],"acf":[],"_links":{"self":[{"href":"https:\/\/www.customeeple.com\/es\/wp-json\/wp\/v2\/product\/61996","targetHints":{"allow":["GET"]}}],"collection":[{"href":"https:\/\/www.customeeple.com\/es\/wp-json\/wp\/v2\/product"}],"about":[{"href":"https:\/\/www.customeeple.com\/es\/wp-json\/wp\/v2\/types\/product"}],"wp:featuredmedia":[{"embeddable":true,"href":"https:\/\/www.customeeple.com\/es\/wp-json\/wp\/v2\/media\/61969"}],"wp:attachment":[{"href":"https:\/\/www.customeeple.com\/es\/wp-json\/wp\/v2\/media?parent=61996"}],"wp:term":[{"taxonomy":"product_brand","embeddable":true,"href":"https:\/\/www.customeeple.com\/es\/wp-json\/wp\/v2\/product_brand?post=61996"},{"taxonomy":"product_cat","embeddable":true,"href":"https:\/\/www.customeeple.com\/es\/wp-json\/wp\/v2\/product_cat?post=61996"},{"taxonomy":"product_tag","embeddable":true,"href":"https:\/\/www.customeeple.com\/es\/wp-json\/wp\/v2\/product_tag?post=61996"}],"curies":[{"name":"wp","href":"https:\/\/api.w.org\/{rel}","templated":true}]}}