{"id":61994,"date":"2022-02-26T11:11:10","date_gmt":"2022-02-26T10:11:10","guid":{"rendered":"https:\/\/www.customeeple.com\/product\/puzle-1000-pcs-e-t\/"},"modified":"2022-02-26T11:11:10","modified_gmt":"2022-02-26T10:11:10","slug":"puzle-1000-pcs-e-t","status":"publish","type":"product","link":"https:\/\/www.customeeple.com\/es\/producto\/puzle-1000-pcs-e-t\/","title":{"rendered":"Puzle 1000 pcs. E.T."},"content":{"rendered":"<p>Puzle de 1000 piezas de E.T El Extraterrestre. El puzle est\u00e1 basado en el p\u00f3ster de esta divertida pel\u00edcula dirigida por Steven Spielberg.<\/p>\n","protected":false},"excerpt":{"rendered":"<p>Puzle de 1000 piezas de E.T El Extraterrestre. El puzle est\u00e1 basado en el p\u00f3ster de esta divertida pel\u00edcula dirigida por Steven Spielberg.<\/p>\n","protected":false},"featured_media":61959,"template":"","meta":{"_acf_changed":false},"product_brand":[],"product_cat":[1180],"product_tag":[],"class_list":{"0":"post-61994","1":"product","2":"type-product","3":"status-publish","4":"has-post-thumbnail","6":"product_cat-retail-products-es","8":"first","9":"instock","10":"sale","11":"taxable","12":"shipping-taxable","13":"purchasable","14":"product-type-simple"},"exclude_global_add_ons":[],"addons":[],"acf":[],"_links":{"self":[{"href":"https:\/\/www.customeeple.com\/es\/wp-json\/wp\/v2\/product\/61994","targetHints":{"allow":["GET"]}}],"collection":[{"href":"https:\/\/www.customeeple.com\/es\/wp-json\/wp\/v2\/product"}],"about":[{"href":"https:\/\/www.customeeple.com\/es\/wp-json\/wp\/v2\/types\/product"}],"wp:featuredmedia":[{"embeddable":true,"href":"https:\/\/www.customeeple.com\/es\/wp-json\/wp\/v2\/media\/61959"}],"wp:attachment":[{"href":"https:\/\/www.customeeple.com\/es\/wp-json\/wp\/v2\/media?parent=61994"}],"wp:term":[{"taxonomy":"product_brand","embeddable":true,"href":"https:\/\/www.customeeple.com\/es\/wp-json\/wp\/v2\/product_brand?post=61994"},{"taxonomy":"product_cat","embeddable":true,"href":"https:\/\/www.customeeple.com\/es\/wp-json\/wp\/v2\/product_cat?post=61994"},{"taxonomy":"product_tag","embeddable":true,"href":"https:\/\/www.customeeple.com\/es\/wp-json\/wp\/v2\/product_tag?post=61994"}],"curies":[{"name":"wp","href":"https:\/\/api.w.org\/{rel}","templated":true}]}}