{"id":61989,"date":"2022-02-26T12:04:05","date_gmt":"2022-02-26T11:04:05","guid":{"rendered":"https:\/\/www.customeeple.com\/product\/aeldari-guardianes\/"},"modified":"2023-11-21T00:00:17","modified_gmt":"2023-11-20T23:00:17","slug":"aeldari-guardianes","status":"publish","type":"product","link":"https:\/\/www.customeeple.com\/es\/producto\/aeldari-guardianes\/","title":{"rendered":"Aeldari: Guardianes"},"content":{"rendered":"<p>Los Asuryani son tan pocos que todos los ciudadanos deben entrenarse para la guerra, en caso de que alg\u00fan d\u00eda necesiten defender su mundo astronave. En tiempos de paz, estos Aeldari siguen caminos art\u00edsticos y c\u00edvicos, pero cuando se les pide, se ponen sus m\u00e1scaras de guerra y salen al campo de batalla. Esta milicia de Guardianes rivaliza incluso para los soldados humanos de \u00e9lite, y apoya a los Guerreros de la Senda del mundo astronave como infanter\u00eda, artilleros o tripulaciones de veh\u00edculos.<\/p>\n<p>Con este kit puedes montar 10 Guardianes de Defensa, acompa\u00f1ados de una plataforma de armas pesadas. Los Guardianes de Defensa son tropas de apoyo vers\u00e1tiles, adecuadas para mantener objetivos mientras desatan fulminantes lluvias de fuego desde sus catapultas shuriken. Sus plataformas flotantes de armas pesadas pueden equiparse con una variedad de armas potentes con las que destrozar las armaduras enemigas o acabar con franjas de infanter\u00eda. Este kit incluye una variedad de accesorios y 11 cabezas sin casco. Tambi\u00e9n puede optar por montar este kit como Guardianes de Asalto centrados en el combate cuerpo a cuerpo.<\/p>\n<p>Esta caja consta de 152 piezas de pl\u00e1stico y se suministra con 10 peanas redondas Citadel de 28,5 mm, 1 peana redonda Citadel de 40 mm y 1 hoja de calcoman\u00edas Aeldari. Estas miniaturas se suministran sin pintar y requieren montaje; recomendamos usar pegamento para pl\u00e1stico Citadel y pinturas Citadel.<\/p>\n","protected":false},"excerpt":{"rendered":"<p>Los Asuryani son tan pocos que todos los ciudadanos deben entrenarse para la guerra, en caso de que alg\u00fan d\u00eda necesiten defender su mundo astronave. En tiempos de paz, estos Aeldari siguen caminos art\u00edsticos y c\u00edvicos, pero cuando se les pide, se ponen sus m\u00e1scaras de guerra y salen al campo de batalla. Esta milicia [&hellip;]<\/p>\n","protected":false},"featured_media":61941,"template":"","meta":{"_acf_changed":false},"product_brand":[],"product_cat":[1177,1180,1623,1229],"product_tag":[],"class_list":{"0":"post-61989","1":"product","2":"type-product","3":"status-publish","4":"has-post-thumbnail","6":"product_cat-games-workshop-es","7":"product_cat-retail-products-es","8":"product_cat-wargames-es-2","9":"product_cat-warhammer-40k-es","11":"first","12":"onbackorder","13":"sale","14":"taxable","15":"shipping-taxable","16":"purchasable","17":"product-type-simple"},"exclude_global_add_ons":[],"addons":[],"acf":[],"_links":{"self":[{"href":"https:\/\/www.customeeple.com\/es\/wp-json\/wp\/v2\/product\/61989","targetHints":{"allow":["GET"]}}],"collection":[{"href":"https:\/\/www.customeeple.com\/es\/wp-json\/wp\/v2\/product"}],"about":[{"href":"https:\/\/www.customeeple.com\/es\/wp-json\/wp\/v2\/types\/product"}],"wp:featuredmedia":[{"embeddable":true,"href":"https:\/\/www.customeeple.com\/es\/wp-json\/wp\/v2\/media\/61941"}],"wp:attachment":[{"href":"https:\/\/www.customeeple.com\/es\/wp-json\/wp\/v2\/media?parent=61989"}],"wp:term":[{"taxonomy":"product_brand","embeddable":true,"href":"https:\/\/www.customeeple.com\/es\/wp-json\/wp\/v2\/product_brand?post=61989"},{"taxonomy":"product_cat","embeddable":true,"href":"https:\/\/www.customeeple.com\/es\/wp-json\/wp\/v2\/product_cat?post=61989"},{"taxonomy":"product_tag","embeddable":true,"href":"https:\/\/www.customeeple.com\/es\/wp-json\/wp\/v2\/product_tag?post=61989"}],"curies":[{"name":"wp","href":"https:\/\/api.w.org\/{rel}","templated":true}]}}