{"id":61985,"date":"2022-02-26T11:34:32","date_gmt":"2022-02-26T10:34:32","guid":{"rendered":"https:\/\/www.customeeple.com\/product\/aeldari-maugan-ra\/"},"modified":"2022-03-08T11:36:13","modified_gmt":"2022-03-08T10:36:13","slug":"aeldari-maugan-ra","status":"publish","type":"product","link":"https:\/\/www.customeeple.com\/es\/producto\/aeldari-maugan-ra\/","title":{"rendered":"Aeldari: Maugan Ra"},"content":{"rendered":"<p>Maugan Ra, tambi\u00e9n conocido como el Cosechador de Almas, es el Se\u00f1or F\u00e9nix de los Segadores Siniestros, uno de los Aspectos m\u00e1s sombr\u00edos y siniestros de los Asuryani. Un maestro en matar a distancia, Maugan Ra empu\u00f1a el Maugetar. Esta especie de guada\u00f1a dispara discos shuriken unidos a la voluntad de Maugan Ra lo bastante grandes como para decapitar a un grupo de enemigos antes de desaparecer en la nada. Si el enemigo sobrevive a este aluvi\u00f3n, se encontrar\u00e1 con un final r\u00e1pido en el borde curvo de la cuchilla segadora incorporada del Maugetar.<\/p>\n<p>Con este kit puedes montar a Maugan Ra, el Cosechador de Almas, armado con el mort\u00edfero ca\u00f1\u00f3n shuriken Maugetar. Capaz de dar el beso de la muerte a leguas de distancia o derribar hordas de enemigos como si fueran simple hierba alta, Maugan Ra es un silencioso torbellino de violencia, la encarnaci\u00f3n f\u00edsica de la inevitabilidad de la muerte y una poderosa adici\u00f3n a cualquier ej\u00e9rcito Aeldari.<\/p>\n<p>Esta caja incluye 14 piezas de pl\u00e1stico y se suministra con una peana redonda Citadel de 40 mm. Esta miniatura se suministra sin pintar y requiere montaje. Recomendamos utilizar pegamento para pl\u00e1stico Citadel y pinturas Citadel.<\/p>\n","protected":false},"excerpt":{"rendered":"<p>Maugan Ra, tambi\u00e9n conocido como el Cosechador de Almas, es el Se\u00f1or F\u00e9nix de los Segadores Siniestros, uno de los Aspectos m\u00e1s sombr\u00edos y siniestros de los Asuryani. Un maestro en matar a distancia, Maugan Ra empu\u00f1a el Maugetar. Esta especie de guada\u00f1a dispara discos shuriken unidos a la voluntad de Maugan Ra lo bastante [&hellip;]<\/p>\n","protected":false},"featured_media":61935,"template":"","meta":{"_acf_changed":false},"product_brand":[],"product_cat":[1177,1180,1623,1229],"product_tag":[],"class_list":{"0":"post-61985","1":"product","2":"type-product","3":"status-publish","4":"has-post-thumbnail","6":"product_cat-games-workshop-es","7":"product_cat-retail-products-es","8":"product_cat-wargames-es-2","9":"product_cat-warhammer-40k-es","11":"first","12":"onbackorder","13":"sale","14":"taxable","15":"shipping-taxable","16":"purchasable","17":"product-type-simple"},"exclude_global_add_ons":[],"addons":[],"acf":[],"_links":{"self":[{"href":"https:\/\/www.customeeple.com\/es\/wp-json\/wp\/v2\/product\/61985","targetHints":{"allow":["GET"]}}],"collection":[{"href":"https:\/\/www.customeeple.com\/es\/wp-json\/wp\/v2\/product"}],"about":[{"href":"https:\/\/www.customeeple.com\/es\/wp-json\/wp\/v2\/types\/product"}],"wp:featuredmedia":[{"embeddable":true,"href":"https:\/\/www.customeeple.com\/es\/wp-json\/wp\/v2\/media\/61935"}],"wp:attachment":[{"href":"https:\/\/www.customeeple.com\/es\/wp-json\/wp\/v2\/media?parent=61985"}],"wp:term":[{"taxonomy":"product_brand","embeddable":true,"href":"https:\/\/www.customeeple.com\/es\/wp-json\/wp\/v2\/product_brand?post=61985"},{"taxonomy":"product_cat","embeddable":true,"href":"https:\/\/www.customeeple.com\/es\/wp-json\/wp\/v2\/product_cat?post=61985"},{"taxonomy":"product_tag","embeddable":true,"href":"https:\/\/www.customeeple.com\/es\/wp-json\/wp\/v2\/product_tag?post=61985"}],"curies":[{"name":"wp","href":"https:\/\/api.w.org\/{rel}","templated":true}]}}