{"id":61984,"date":"2022-02-26T11:34:24","date_gmt":"2022-02-26T10:34:24","guid":{"rendered":"https:\/\/www.customeeple.com\/product\/aeldari-segadores-siniestros\/"},"modified":"2023-11-21T00:00:17","modified_gmt":"2023-11-20T23:00:17","slug":"aeldari-segadores-siniestros","status":"publish","type":"product","link":"https:\/\/www.customeeple.com\/es\/producto\/aeldari-segadores-siniestros\/","title":{"rendered":"Aeldari: Segadores Siniestros"},"content":{"rendered":"<p>Los cascos con forma de cr\u00e1neo de los Segadores Siniestroses un espect\u00e1culo escalofriante en s\u00ed mismo. Estos Guerreros de la Senda ejemplifican al Dios de la Guerra como Destructor, y sus formidables trajes de guerra recuerdan a los de su fundador, Maugan Ra. Los Segadores Siniestros desatan abrasadoras tormentas de fuego con sus Lanzamisiles Segador de largo alcance, ya sea usando misiles pl\u00e9yade que destrozan la infanter\u00eda o la variante Estrella que es perforante. Estas salvas son escalofriantemente precisas, gracias no solo a los sistemas de punter\u00eda avanzados, sino tambi\u00e9n a la armadura de los Segadores Siniestros, que los ancla firmemente al suelo mientras disparan, lo que les permite arrasar a sus enemigos desde la seguridad de la cobertura.<\/p>\n<p>Con este kit puedes montar una unidad de Segadores Siniestros armados con lanzamisiles segador, incluido su Exarca que se puede montar con un lanzamisiles segador, un ca\u00f1\u00f3n shuriken, un lanzamisiles aeldari o un lanzamisiles tempestad. El Exarca se puede montar sosteniendo un cr\u00e1neo en su mano izquierda y tiene cuatro opciones de cabeza diferentes, mientras que cada Segador Siniestro tiene la opci\u00f3n de cabeza con casco o sin casco. Tambi\u00e9n se incluye una peque\u00f1a miniatura que representa un santuario de los Segadores Siniestros.<\/p>\n<p>Esta caja consta de 82 piezas de pl\u00e1stico y se suministra con 5 peanas redondas Citadel de 28,5 mm y 1 peana redonda Citadel de 25 mm. Estas miniaturas se suministran sin pintar y requieren montaje; recomendamos usar pegamento para pl\u00e1stico Citadel y pinturas Citadel.<\/p>\n","protected":false},"excerpt":{"rendered":"<p>Los cascos con forma de cr\u00e1neo de los Segadores Siniestroses un espect\u00e1culo escalofriante en s\u00ed mismo. Estos Guerreros de la Senda ejemplifican al Dios de la Guerra como Destructor, y sus formidables trajes de guerra recuerdan a los de su fundador, Maugan Ra. Los Segadores Siniestros desatan abrasadoras tormentas de fuego con sus Lanzamisiles Segador [&hellip;]<\/p>\n","protected":false},"featured_media":61937,"template":"","meta":{"_acf_changed":false},"product_brand":[],"product_cat":[1177,1180,1623,1229],"product_tag":[],"class_list":{"0":"post-61984","1":"product","2":"type-product","3":"status-publish","4":"has-post-thumbnail","6":"product_cat-games-workshop-es","7":"product_cat-retail-products-es","8":"product_cat-wargames-es-2","9":"product_cat-warhammer-40k-es","11":"first","12":"onbackorder","13":"sale","14":"taxable","15":"shipping-taxable","16":"purchasable","17":"product-type-simple"},"exclude_global_add_ons":[],"addons":[],"acf":[],"_links":{"self":[{"href":"https:\/\/www.customeeple.com\/es\/wp-json\/wp\/v2\/product\/61984","targetHints":{"allow":["GET"]}}],"collection":[{"href":"https:\/\/www.customeeple.com\/es\/wp-json\/wp\/v2\/product"}],"about":[{"href":"https:\/\/www.customeeple.com\/es\/wp-json\/wp\/v2\/types\/product"}],"wp:featuredmedia":[{"embeddable":true,"href":"https:\/\/www.customeeple.com\/es\/wp-json\/wp\/v2\/media\/61937"}],"wp:attachment":[{"href":"https:\/\/www.customeeple.com\/es\/wp-json\/wp\/v2\/media?parent=61984"}],"wp:term":[{"taxonomy":"product_brand","embeddable":true,"href":"https:\/\/www.customeeple.com\/es\/wp-json\/wp\/v2\/product_brand?post=61984"},{"taxonomy":"product_cat","embeddable":true,"href":"https:\/\/www.customeeple.com\/es\/wp-json\/wp\/v2\/product_cat?post=61984"},{"taxonomy":"product_tag","embeddable":true,"href":"https:\/\/www.customeeple.com\/es\/wp-json\/wp\/v2\/product_tag?post=61984"}],"curies":[{"name":"wp","href":"https:\/\/api.w.org\/{rel}","templated":true}]}}