{"id":61981,"date":"2022-02-26T11:34:14","date_gmt":"2022-02-26T10:34:14","guid":{"rendered":"https:\/\/www.customeeple.com\/product\/aeldari-brujos\/"},"modified":"2023-11-21T00:00:17","modified_gmt":"2023-11-20T23:00:17","slug":"aeldari-brujos","status":"publish","type":"product","link":"https:\/\/www.customeeple.com\/es\/producto\/aeldari-brujos\/","title":{"rendered":"Aeldari: Brujos"},"content":{"rendered":"<p>A los Videntes que alguna vez se entrenaron como Aspect Warriors les resulta m\u00e1s f\u00e1cil desarrollar poderes ps\u00edquicos destructivos. Estos Aeldari son conocidos como Brujos, y con frecuencia se unen en c\u00f3nclaves para unir su poder sobrenatural, o bien guiar a otras escuadras Aeldari como los Guardianes desde el frente. Los Brujos refuerzan a su ej\u00e9rcito y causan estragos en el enemigo lanzando las Runas de batalla, y son igualmente h\u00e1biles en combate, descuartizando a los enemigos con sus elegantes armas brujas o desatando rayos de energ\u00eda con sus lanzas brujas.<\/p>\n<p>Los Brujos son guerreros ps\u00edquicos vers\u00e1tiles, capaces de apoyar a los aliados, lanzar maldiciones sobre los enemigos y otorgar poder a los videntes aliados. Se pueden incluir en tu ej\u00e9rcito Aeldari como personajes individuales o como una unidad de m\u00faltiples ps\u00edquicos. Este kit te permite montar un Brujo con una elegante arma bruja y un Brujo con una lanza bruja infundida de energ\u00eda, con una variedad de opciones de brazos que te permiten crear poses \u00fanicas, adem\u00e1s de una selecci\u00f3n de dos cabezas con casco y dos sin casco.<\/p>\n<p>Esta caja consta de 26 piezas de pl\u00e1stico y se suministra con 2 peanas redondas Citadel de 32 mm. Estas miniaturas se suministran sin pintar y requieren montaje; recomendamos usar pegamento para pl\u00e1stico Citadel y pinturas Citadel.<\/p>\n","protected":false},"excerpt":{"rendered":"<p>A los Videntes que alguna vez se entrenaron como Aspect Warriors les resulta m\u00e1s f\u00e1cil desarrollar poderes ps\u00edquicos destructivos. Estos Aeldari son conocidos como Brujos, y con frecuencia se unen en c\u00f3nclaves para unir su poder sobrenatural, o bien guiar a otras escuadras Aeldari como los Guardianes desde el frente. Los Brujos refuerzan a su [&hellip;]<\/p>\n","protected":false},"featured_media":61939,"template":"","meta":{"_acf_changed":false},"product_brand":[],"product_cat":[1177,1180,1623,1229],"product_tag":[],"class_list":{"0":"post-61981","1":"product","2":"type-product","3":"status-publish","4":"has-post-thumbnail","6":"product_cat-games-workshop-es","7":"product_cat-retail-products-es","8":"product_cat-wargames-es-2","9":"product_cat-warhammer-40k-es","11":"first","12":"onbackorder","13":"sale","14":"taxable","15":"shipping-taxable","16":"purchasable","17":"product-type-simple"},"exclude_global_add_ons":[],"addons":[],"acf":[],"_links":{"self":[{"href":"https:\/\/www.customeeple.com\/es\/wp-json\/wp\/v2\/product\/61981","targetHints":{"allow":["GET"]}}],"collection":[{"href":"https:\/\/www.customeeple.com\/es\/wp-json\/wp\/v2\/product"}],"about":[{"href":"https:\/\/www.customeeple.com\/es\/wp-json\/wp\/v2\/types\/product"}],"wp:featuredmedia":[{"embeddable":true,"href":"https:\/\/www.customeeple.com\/es\/wp-json\/wp\/v2\/media\/61939"}],"wp:attachment":[{"href":"https:\/\/www.customeeple.com\/es\/wp-json\/wp\/v2\/media?parent=61981"}],"wp:term":[{"taxonomy":"product_brand","embeddable":true,"href":"https:\/\/www.customeeple.com\/es\/wp-json\/wp\/v2\/product_brand?post=61981"},{"taxonomy":"product_cat","embeddable":true,"href":"https:\/\/www.customeeple.com\/es\/wp-json\/wp\/v2\/product_cat?post=61981"},{"taxonomy":"product_tag","embeddable":true,"href":"https:\/\/www.customeeple.com\/es\/wp-json\/wp\/v2\/product_tag?post=61981"}],"curies":[{"name":"wp","href":"https:\/\/api.w.org\/{rel}","templated":true}]}}